{"id":2494,"date":"2024-03-12T10:17:25","date_gmt":"2024-03-12T08:17:25","guid":{"rendered":"https:\/\/www.viamodashop.com\/avis-legal\/"},"modified":"2024-03-12T10:41:41","modified_gmt":"2024-03-12T08:41:41","slug":"aviso-legal","status":"publish","type":"page","link":"https:\/\/www.viamodashop.com\/es\/aviso-legal\/","title":{"rendered":"Aviso legal"},"content":{"rendered":"<div class=\"wpb-content-wrapper\"><p>[vc_row css_animation=\u00bb\u00bb row_type=\u00bbrow\u00bb use_row_as_full_screen_section=\u00bbno\u00bb type=\u00bbfull_width\u00bb angled_section=\u00bbno\u00bb text_align=\u00bbleft\u00bb background_image_as_pattern=\u00bbwithout_pattern\u00bb el_class=\u00bbsplit-bottom\u00bb z_index=\u00bb\u00bb][vc_column][vc_column_text]<\/p>\n<h1>AVISO LEGAL<\/h1>\n<p>[\/vc_column_text][vc_separator type=\u00bbsmall\u00bb position=\u00bbleft\u00bb color=\u00bb#000000&#8243; thickness=\u00bb3&#8243; width=\u00bb50&#8243; up=\u00bb8&#8243; down=\u00bb16&#8243;][\/vc_column][\/vc_row][vc_row css_animation=\u00bb\u00bb row_type=\u00bbrow\u00bb use_row_as_full_screen_section=\u00bbno\u00bb type=\u00bbfull_width\u00bb angled_section=\u00bbno\u00bb text_align=\u00bbleft\u00bb background_image_as_pattern=\u00bbwithout_pattern\u00bb el_class=\u00bbsection-split-bottom legal-notice\u00bb z_index=\u00bb\u00bb][vc_column css=\u00bb.vc_custom_1506117902509{margin-top: -25px !important;}\u00bb][vc_column_text]Has accedido al sitio web de VIA MODA, domiciliada en C\/ de l&#8217;Aig\u00fceta 2-4, 4\u00aa planta, AD500 Andorra la Vella (Principado de Andorra), con correo electr\u00f3nico a <a href=\"mailto:aclient@viamoda.ad\">aclient@viamoda.ad<\/a> , tel\u00e9fono de contacto (+376) 879222, y n\u00famero de registro tributario NRT: L-705430-D<\/p>\n<p>Los dominios de Internet <a href=\"http:\/\/www.viamoda.ad\">www.viamoda.ad<\/a> y <a href=\"http:\/\/www.viamodashop.com\">www.viamodashop.com<\/a> son propiedad de VIA MODA. La finalidad de estos sitios es informar sobre VIA MODA y, especialmente, sobre sus servicios.<\/p>\n<h2>Derechos y posiciones jur\u00eddicas en relaci\u00f3n a este sitio web<\/h2>\n<h3>Derechos y posiciones jur\u00eddicas sobre contenidos de este sitio web<\/h3>\n<h4>Definici\u00f3n del t\u00e9rmino \u00abcontenidos\u00bb<\/h4>\n<p>El t\u00e9rmino \u00abcontenidos\u00bb se refiere a todos los contenidos que conforman este sitio web, entendiendo como tales, a t\u00edtulo meramente enunciativo y no limitativo, el c\u00f3digo fuente, el dise\u00f1o y la estructura de navegaci\u00f3n del sitio web, as\u00ed como los signos distintivos, las fotograf\u00edas y los textos que se muestran.<\/p>\n<p>Los contenidos de este sitio web incorporados por VIA MODA est\u00e1n sujetos a derechos de propiedad intelectual, de propiedad industrial, de imagen y\/o derechos o posiciones jur\u00eddicas de an\u00e1logo contenido econ\u00f3mico titularidad de VIA MODA o de terceros que le hayan cedido las pertinentes licencias o autorizaciones. Por lo tanto, el acceso a este sitio web no otorga a los usuarios titularidad alguna ni derecho de uso alguno sobre los referidos contenidos (mediante, entre otros, su reproducci\u00f3n, distribuci\u00f3n, comunicaci\u00f3n p\u00fablica, puesta a disposici\u00f3n del p\u00fablico o transformaci\u00f3n), salvo que VIA MODA o los terceros titulares de los derechos y\/o posiciones jur\u00eddicas de que se trate lo autoricen bien indic\u00e1ndolo en este sitio web o mediante licencias o autorizaciones por escrito a tal efecto.<\/p>\n<p>Por lo tanto, VIA MODA se reserva la facultad de hacer uso de marcas de agua, dispositivos tecnol\u00f3gicos u otros medios de seguridad que permitan el rastreo o seguimiento en l\u00ednea de los usos no autorizados de tales contenidos. Y, en todo caso, VIA MODA se reserva la facultad de interponer las acciones legales que correspondan contra los usuarios que infrinjan los indicados derechos de propiedad intelectual, derechos de propiedad industrial, derechos de imagen y\/o derechos o posiciones jur\u00eddicas de an\u00e1logo contenido econ\u00f3mico.<\/p>\n<p>Derecho de exclusi\u00f3n<\/p>\n<p>VIA MODA se reserva la facultad de denegar o suspender, sin previo aviso y de manera discrecional, en cualquier momento y con car\u00e1cter definitivo o temporal, el acceso a este sitio web a aquellos usuarios que incumplan sus T\u00e9rminos y Condiciones.<\/p>\n<h3>Autorizaci\u00f3n de enlaces<\/h3>\n<p>Cualquier enlace de terceros a este sitio web ir\u00e1 dirigido a su p\u00e1gina principal, quedando expresamente prohibidos los enlaces profundos, el enmarcado y cualquier otro aprovechamiento de los contenidos de este sitio web por parte de terceros no autorizados expresamente por VIA MODA.<\/p>\n<p>Adicionalmente, VIA MODA proh\u00edbe la creaci\u00f3n de enlaces a este sitio web desde sitios web que incluyan contenidos que sean contrarios a la ley, la buena fe, los buenos costumbres, la moral o el orden p\u00fablico.<\/p>\n<h2>Otras responsabilidades en relaci\u00f3n a este sitio web<\/h2>\n<h3>Responsabilidades de los usuarios<\/h3>\n<h4>Datos de terceros<\/h4>\n<p>No puedes facilitarnos datos personales de otras personas a menos que est\u00e9 justificado en relaci\u00f3n con los servicios que nos solicitas. En cualquier caso, si nos facilitas los datos personales de terceros, asumes la responsabilidad de informarles previamente antes de facilitarnos sus datos personales. Esta informaci\u00f3n que debes proporcionar a los terceros cuyos datos nos suministres, debe incluir todas las disposiciones previstas en nuestra pol\u00edtica de privacidad, y eres t\u00fa quien se hace responsable de la licitud de estos datos personales y de transmitir a sus titulares los derechos que tienen en relaci\u00f3n con sus datos personales, eximiendo a VIA MODA de cualquier responsabilidad en este sentido.<\/p>\n<h4>Datos de personas menores de 16 a\u00f1os<\/h4>\n<p>Si nos suministras tus datos personales a trav\u00e9s de esta web, lo haces bajo la premisa de ser mayor de 16 a\u00f1os. En caso de que VIA MODA compruebe que, contraviniendo la norma anterior, los datos personales han sido suministrados por un menor de 16 a\u00f1os, se proceder\u00e1 a su eliminaci\u00f3n inmediata.<\/p>\n<p>En los casos en los que debas facilitarnos datos personales de un menor de 16 a\u00f1os o de una persona que tenga sus derechos limitados, al hacerlo te obligas a contar con la autorizaci\u00f3n de los titulares de su patria potestad o tutela y VIA MODA se reserva el derecho de verificar esta autorizaci\u00f3n. Sin esta autorizaci\u00f3n, queda prohibido que nos facilites cualquier dato personal de menores de 16 a\u00f1os.<\/p>\n<h4>Exactitud de los datos que nos facilitas<\/h4>\n<p>Al facilitarnos tus datos o los de terceros, garantizas que los mismos son exactos y completos. Igualmente, nos confirmas que respondes de la veracidad de los datos personales que nos has comunicado y que los mantendr\u00e1s convenientemente actualizados de manera que respondan a tu situaci\u00f3n real, haci\u00e9ndote responsable de los datos personales falsos o inexactos que pudieras proporcionarnos, as\u00ed como de los da\u00f1os y perjuicios, directos o indirectos, que pudieran derivarse de su inexactitud.<\/p>\n<h3>Responsabilidades de VIA MODA<\/h3>\n<p>VIA MODA no se hace responsable de los da\u00f1os y perjuicios ni de otras consecuencias derivadas de:<\/p>\n<ul>\n<li>El incumplimiento por parte de los usuarios de los T\u00e9rminos y Condiciones que se indican en este aviso legal o los que se hayan comunicado al usuario mediante otros documentos.<\/li>\n<li>La indisponibilidad de este sitio web o de sus contenidos por motivos t\u00e9cnicos, de seguridad, control, actualizaciones o mantenimiento, o por errores debidos al servidor o a terceros intermediarios o proveedores.<\/li>\n<li>Programas inform\u00e1ticos, virus u otros elementos fuera de nuestro alcance y control.<\/li>\n<\/ul>\n<p>VIA MODA no ejerce ning\u00fan control sobre los servicios, los contenidos y\/o otros elementos a los cuales los usuarios de este sitio web puedan acceder mediante los dispositivos t\u00e9cnicos de enlaces, directorios u otros medios incluidos en este sitio web, ya sean estos incorporados por VIA MODA o por usuarios de este sitio web. Por lo tanto, VIA MODA no ser\u00e1 responsable de la disponibilidad t\u00e9cnica, calidad o exactitud, entre otros, de los servicios, contenidos y\/o otros elementos a los cuales se haya accedido, ni de los da\u00f1os y perjuicios ni de otras consecuencias que se produzcan despu\u00e9s de su uso.<\/p>\n<h2>Aceptaci\u00f3n de los t\u00e9rminos y condiciones de uso de este sitio web<\/h2>\n<p>El acceso a este sitio web implica la plena aceptaci\u00f3n por parte de sus usuarios de los t\u00e9rminos y condiciones de uso establecidos en este aviso legal, as\u00ed como de la informaci\u00f3n que en relaci\u00f3n al tratamiento de sus datos personales les suministramos en la pol\u00edtica de privacidad (en adelante, conjuntamente denominados \u00ablos T\u00e9rminos y Condiciones\u00bb). Adicionalmente, los usuarios se obligan a hacer un uso diligente del sitio web con sujeci\u00f3n a la legislaci\u00f3n vigente, la buena fe y los buenos costumbres, sin contravenir la moral ni el orden p\u00fablico.<\/p>\n<p>El hecho de que este sitio web se refiera a productos, servicios, marcas y\/o nombres de terceros no constituye un patrocinio o una recomendaci\u00f3n de los mismos por parte de VIA MODA.<\/p>\n<h2>Modificaci\u00f3n de los T\u00e9rminos y Condiciones de uso de este sitio web<\/h2>\n<p>VIA MODA se reserva la facultad de efectuar, sin previo aviso, en cualquier momento y con efectos inmediatos, las modificaciones y actualizaciones peri\u00f3dicas que considere oportunas en los T\u00e9rminos y Condiciones. Por lo tanto, VIA MODA recomienda a los usuarios de este sitio web que peri\u00f3dicamente revisen los T\u00e9rminos y Condiciones.<\/p>\n<h2>Legislaci\u00f3n aplicable y jurisdicci\u00f3n<\/h2>\n<p>Los T\u00e9rminos y Condiciones se rigen por la legislaci\u00f3n andorrana. Los usuarios de este sitio web se someten a la jurisdicci\u00f3n andorrana, con renuncia expresa a cualquier otro fuero que, conforme a Derecho, pudiera corresponderles.[\/vc_column_text][\/vc_column][\/vc_row]<\/p>\n<\/div>","protected":false},"excerpt":{"rendered":"<p>[vc_row css_animation=\u00bb\u00bb row_type=\u00bbrow\u00bb use_row_as_full_screen_section=\u00bbno\u00bb type=\u00bbfull_width\u00bb angled_section=\u00bbno\u00bb text_align=\u00bbleft\u00bb background_image_as_pattern=\u00bbwithout_pattern\u00bb el_class=\u00bbsplit-bottom\u00bb z_index=\u00bb\u00bb][vc_column][vc_column_text] AVISO LEGAL [\/vc_column_text][vc_separator type=\u00bbsmall\u00bb position=\u00bbleft\u00bb color=\u00bb#000000&#8243; thickness=\u00bb3&#8243; width=\u00bb50&#8243; up=\u00bb8&#8243; down=\u00bb16&#8243;][\/vc_column][\/vc_row][vc_row css_animation=\u00bb\u00bb row_type=\u00bbrow\u00bb use_row_as_full_screen_section=\u00bbno\u00bb type=\u00bbfull_width\u00bb angled_section=\u00bbno\u00bb text_align=\u00bbleft\u00bb background_image_as_pattern=\u00bbwithout_pattern\u00bb el_class=\u00bbsection-split-bottom legal-notice\u00bb z_index=\u00bb\u00bb][vc_column css=\u00bb.vc_custom_1506117902509{margin-top: -25px !important;}\u00bb][vc_column_text]Has accedido al sitio web de VIA MODA, domiciliada en C\/ de l&#8217;Aig\u00fceta&#8230;<\/p>\n","protected":false},"author":2,"featured_media":0,"parent":0,"menu_order":0,"comment_status":"closed","ping_status":"closed","template":"","meta":{"footnotes":""},"class_list":["post-2494","page","type-page","status-publish","hentry"],"yoast_head":"<!-- This site is optimized with the Yoast SEO plugin v27.5 - https:\/\/yoast.com\/product\/yoast-seo-wordpress\/ -->\n<title>Aviso legal - Via Moda Shop<\/title>\n<meta name=\"robots\" content=\"index, follow, max-snippet:-1, max-image-preview:large, max-video-preview:-1\" \/>\n<link rel=\"canonical\" href=\"https:\/\/www.viamodashop.com\/es\/aviso-legal\/\" \/>\n<meta property=\"og:locale\" content=\"es_ES\" \/>\n<meta property=\"og:type\" content=\"article\" \/>\n<meta property=\"og:title\" content=\"Aviso legal - Via Moda Shop\" \/>\n<meta property=\"og:description\" content=\"[vc_row css_animation=\u00bb\u00bb row_type=\u00bbrow\u00bb use_row_as_full_screen_section=\u00bbno\u00bb type=\u00bbfull_width\u00bb angled_section=\u00bbno\u00bb text_align=\u00bbleft\u00bb background_image_as_pattern=\u00bbwithout_pattern\u00bb el_class=\u00bbsplit-bottom\u00bb z_index=\u00bb\u00bb][vc_column][vc_column_text] AVISO LEGAL [\/vc_column_text][vc_separator type=\u00bbsmall\u00bb position=\u00bbleft\u00bb color=\u00bb#000000&#8243; thickness=\u00bb3&#8243; width=\u00bb50&#8243; up=\u00bb8&#8243; down=\u00bb16&#8243;][\/vc_column][\/vc_row][vc_row css_animation=\u00bb\u00bb row_type=\u00bbrow\u00bb use_row_as_full_screen_section=\u00bbno\u00bb type=\u00bbfull_width\u00bb angled_section=\u00bbno\u00bb text_align=\u00bbleft\u00bb background_image_as_pattern=\u00bbwithout_pattern\u00bb el_class=\u00bbsection-split-bottom legal-notice\u00bb z_index=\u00bb\u00bb][vc_column css=\u00bb.vc_custom_1506117902509{margin-top: -25px !important;}\u00bb][vc_column_text]Has accedido al sitio web de VIA MODA, domiciliada en C\/ de l&#8217;Aig\u00fceta...\" \/>\n<meta property=\"og:url\" content=\"https:\/\/www.viamodashop.com\/es\/aviso-legal\/\" \/>\n<meta property=\"og:site_name\" content=\"Via Moda Shop\" \/>\n<meta property=\"article:publisher\" content=\"https:\/\/www.facebook.com\/viamodaandorra\" \/>\n<meta property=\"article:modified_time\" content=\"2024-03-12T08:41:41+00:00\" \/>\n<meta name=\"twitter:card\" content=\"summary_large_image\" \/>\n<meta name=\"twitter:site\" content=\"@viamoda_andorra\" \/>\n<script type=\"application\/ld+json\" class=\"yoast-schema-graph\">{\"@context\":\"https:\\\/\\\/schema.org\",\"@graph\":[{\"@type\":\"WebPage\",\"@id\":\"https:\\\/\\\/www.viamodashop.com\\\/es\\\/aviso-legal\\\/\",\"url\":\"https:\\\/\\\/www.viamodashop.com\\\/es\\\/aviso-legal\\\/\",\"name\":\"Aviso legal - Via Moda Shop\",\"isPartOf\":{\"@id\":\"https:\\\/\\\/www.viamodashop.com\\\/es\\\/#website\"},\"datePublished\":\"2024-03-12T08:17:25+00:00\",\"dateModified\":\"2024-03-12T08:41:41+00:00\",\"breadcrumb\":{\"@id\":\"https:\\\/\\\/www.viamodashop.com\\\/es\\\/aviso-legal\\\/#breadcrumb\"},\"inLanguage\":\"es\",\"potentialAction\":[{\"@type\":\"ReadAction\",\"target\":[\"https:\\\/\\\/www.viamodashop.com\\\/es\\\/aviso-legal\\\/\"]}]},{\"@type\":\"BreadcrumbList\",\"@id\":\"https:\\\/\\\/www.viamodashop.com\\\/es\\\/aviso-legal\\\/#breadcrumb\",\"itemListElement\":[{\"@type\":\"ListItem\",\"position\":1,\"name\":\"Home\",\"item\":\"https:\\\/\\\/www.viamodashop.com\\\/es\\\/\"},{\"@type\":\"ListItem\",\"position\":2,\"name\":\"Aviso legal\"}]},{\"@type\":\"WebSite\",\"@id\":\"https:\\\/\\\/www.viamodashop.com\\\/es\\\/#website\",\"url\":\"https:\\\/\\\/www.viamodashop.com\\\/es\\\/\",\"name\":\"Via Moda Shop\",\"description\":\"La tienda online de Via Moda Andorra\",\"publisher\":{\"@id\":\"https:\\\/\\\/www.viamodashop.com\\\/es\\\/#organization\"},\"potentialAction\":[{\"@type\":\"SearchAction\",\"target\":{\"@type\":\"EntryPoint\",\"urlTemplate\":\"https:\\\/\\\/www.viamodashop.com\\\/es\\\/?s={search_term_string}\"},\"query-input\":{\"@type\":\"PropertyValueSpecification\",\"valueRequired\":true,\"valueName\":\"search_term_string\"}}],\"inLanguage\":\"es\"},{\"@type\":\"Organization\",\"@id\":\"https:\\\/\\\/www.viamodashop.com\\\/es\\\/#organization\",\"name\":\"Via Moda Shop\",\"url\":\"https:\\\/\\\/www.viamodashop.com\\\/es\\\/\",\"logo\":{\"@type\":\"ImageObject\",\"inLanguage\":\"es\",\"@id\":\"https:\\\/\\\/www.viamodashop.com\\\/es\\\/#\\\/schema\\\/logo\\\/image\\\/\",\"url\":\"https:\\\/\\\/www.viamodashop.com\\\/wp-content\\\/uploads\\\/2020\\\/05\\\/viamoda-logo.svg\",\"contentUrl\":\"https:\\\/\\\/www.viamodashop.com\\\/wp-content\\\/uploads\\\/2020\\\/05\\\/viamoda-logo.svg\",\"width\":165,\"height\":92,\"caption\":\"Via Moda Shop\"},\"image\":{\"@id\":\"https:\\\/\\\/www.viamodashop.com\\\/es\\\/#\\\/schema\\\/logo\\\/image\\\/\"},\"sameAs\":[\"https:\\\/\\\/www.facebook.com\\\/viamodaandorra\",\"https:\\\/\\\/x.com\\\/viamoda_andorra\",\"https:\\\/\\\/www.instagram.com\\\/via_moda\\\/\",\"https:\\\/\\\/www.youtube.com\\\/channel\\\/UCToWT3KAMCbBw8ZsTrTQZ_A\",\"https:\\\/\\\/www.pinterest.com\\\/via_moda\\\/\",\"https:\\\/\\\/www.linkedin.com\\\/company\\\/viamoda\\\/\"]}]}<\/script>\n<!-- \/ Yoast SEO plugin. -->","yoast_head_json":{"title":"Aviso legal - Via Moda Shop","robots":{"index":"index","follow":"follow","max-snippet":"max-snippet:-1","max-image-preview":"max-image-preview:large","max-video-preview":"max-video-preview:-1"},"canonical":"https:\/\/www.viamodashop.com\/es\/aviso-legal\/","og_locale":"es_ES","og_type":"article","og_title":"Aviso legal - Via Moda Shop","og_description":"[vc_row css_animation=\u00bb\u00bb row_type=\u00bbrow\u00bb use_row_as_full_screen_section=\u00bbno\u00bb type=\u00bbfull_width\u00bb angled_section=\u00bbno\u00bb text_align=\u00bbleft\u00bb background_image_as_pattern=\u00bbwithout_pattern\u00bb el_class=\u00bbsplit-bottom\u00bb z_index=\u00bb\u00bb][vc_column][vc_column_text] AVISO LEGAL [\/vc_column_text][vc_separator type=\u00bbsmall\u00bb position=\u00bbleft\u00bb color=\u00bb#000000&#8243; thickness=\u00bb3&#8243; width=\u00bb50&#8243; up=\u00bb8&#8243; down=\u00bb16&#8243;][\/vc_column][\/vc_row][vc_row css_animation=\u00bb\u00bb row_type=\u00bbrow\u00bb use_row_as_full_screen_section=\u00bbno\u00bb type=\u00bbfull_width\u00bb angled_section=\u00bbno\u00bb text_align=\u00bbleft\u00bb background_image_as_pattern=\u00bbwithout_pattern\u00bb el_class=\u00bbsection-split-bottom legal-notice\u00bb z_index=\u00bb\u00bb][vc_column css=\u00bb.vc_custom_1506117902509{margin-top: -25px !important;}\u00bb][vc_column_text]Has accedido al sitio web de VIA MODA, domiciliada en C\/ de l&#8217;Aig\u00fceta...","og_url":"https:\/\/www.viamodashop.com\/es\/aviso-legal\/","og_site_name":"Via Moda Shop","article_publisher":"https:\/\/www.facebook.com\/viamodaandorra","article_modified_time":"2024-03-12T08:41:41+00:00","twitter_card":"summary_large_image","twitter_site":"@viamoda_andorra","schema":{"@context":"https:\/\/schema.org","@graph":[{"@type":"WebPage","@id":"https:\/\/www.viamodashop.com\/es\/aviso-legal\/","url":"https:\/\/www.viamodashop.com\/es\/aviso-legal\/","name":"Aviso legal - Via Moda Shop","isPartOf":{"@id":"https:\/\/www.viamodashop.com\/es\/#website"},"datePublished":"2024-03-12T08:17:25+00:00","dateModified":"2024-03-12T08:41:41+00:00","breadcrumb":{"@id":"https:\/\/www.viamodashop.com\/es\/aviso-legal\/#breadcrumb"},"inLanguage":"es","potentialAction":[{"@type":"ReadAction","target":["https:\/\/www.viamodashop.com\/es\/aviso-legal\/"]}]},{"@type":"BreadcrumbList","@id":"https:\/\/www.viamodashop.com\/es\/aviso-legal\/#breadcrumb","itemListElement":[{"@type":"ListItem","position":1,"name":"Home","item":"https:\/\/www.viamodashop.com\/es\/"},{"@type":"ListItem","position":2,"name":"Aviso legal"}]},{"@type":"WebSite","@id":"https:\/\/www.viamodashop.com\/es\/#website","url":"https:\/\/www.viamodashop.com\/es\/","name":"Via Moda Shop","description":"La tienda online de Via Moda Andorra","publisher":{"@id":"https:\/\/www.viamodashop.com\/es\/#organization"},"potentialAction":[{"@type":"SearchAction","target":{"@type":"EntryPoint","urlTemplate":"https:\/\/www.viamodashop.com\/es\/?s={search_term_string}"},"query-input":{"@type":"PropertyValueSpecification","valueRequired":true,"valueName":"search_term_string"}}],"inLanguage":"es"},{"@type":"Organization","@id":"https:\/\/www.viamodashop.com\/es\/#organization","name":"Via Moda Shop","url":"https:\/\/www.viamodashop.com\/es\/","logo":{"@type":"ImageObject","inLanguage":"es","@id":"https:\/\/www.viamodashop.com\/es\/#\/schema\/logo\/image\/","url":"https:\/\/www.viamodashop.com\/wp-content\/uploads\/2020\/05\/viamoda-logo.svg","contentUrl":"https:\/\/www.viamodashop.com\/wp-content\/uploads\/2020\/05\/viamoda-logo.svg","width":165,"height":92,"caption":"Via Moda Shop"},"image":{"@id":"https:\/\/www.viamodashop.com\/es\/#\/schema\/logo\/image\/"},"sameAs":["https:\/\/www.facebook.com\/viamodaandorra","https:\/\/x.com\/viamoda_andorra","https:\/\/www.instagram.com\/via_moda\/","https:\/\/www.youtube.com\/channel\/UCToWT3KAMCbBw8ZsTrTQZ_A","https:\/\/www.pinterest.com\/via_moda\/","https:\/\/www.linkedin.com\/company\/viamoda\/"]}]}},"_links":{"self":[{"href":"https:\/\/www.viamodashop.com\/es\/wp-json\/wp\/v2\/pages\/2494","targetHints":{"allow":["GET"]}}],"collection":[{"href":"https:\/\/www.viamodashop.com\/es\/wp-json\/wp\/v2\/pages"}],"about":[{"href":"https:\/\/www.viamodashop.com\/es\/wp-json\/wp\/v2\/types\/page"}],"author":[{"embeddable":true,"href":"https:\/\/www.viamodashop.com\/es\/wp-json\/wp\/v2\/users\/2"}],"replies":[{"embeddable":true,"href":"https:\/\/www.viamodashop.com\/es\/wp-json\/wp\/v2\/comments?post=2494"}],"version-history":[{"count":2,"href":"https:\/\/www.viamodashop.com\/es\/wp-json\/wp\/v2\/pages\/2494\/revisions"}],"predecessor-version":[{"id":2504,"href":"https:\/\/www.viamodashop.com\/es\/wp-json\/wp\/v2\/pages\/2494\/revisions\/2504"}],"wp:attachment":[{"href":"https:\/\/www.viamodashop.com\/es\/wp-json\/wp\/v2\/media?parent=2494"}],"curies":[{"name":"wp","href":"https:\/\/api.w.org\/{rel}","templated":true}]}}