{"id":507,"date":"2020-05-14T20:18:53","date_gmt":"2020-05-14T18:18:53","guid":{"rendered":"https:\/\/www.viamodashop.com\/politica-de-privacitat\/"},"modified":"2020-07-13T12:46:45","modified_gmt":"2020-07-13T10:46:45","slug":"politica-de-privacidad","status":"publish","type":"page","link":"https:\/\/www.viamodashop.com\/es\/politica-de-privacidad\/","title":{"rendered":"Pol\u00edtica de privacidad"},"content":{"rendered":"<div class=\"wpb-content-wrapper\"><p>[vc_row css_animation=\u00bb\u00bb row_type=\u00bbrow\u00bb use_row_as_full_screen_section=\u00bbno\u00bb type=\u00bbfull_width\u00bb angled_section=\u00bbno\u00bb text_align=\u00bbleft\u00bb background_image_as_pattern=\u00bbwithout_pattern\u00bb el_class=\u00bbsection-split-bottom-half\u00bb z_index=\u00bb\u00bb][vc_column][vc_column_text]<\/p>\n<h1 style=\"text-align: left;\">POL\u00cdTICA DE PRIVACIDAD<\/h1>\n<p>[\/vc_column_text][vc_separator type=\u00bbsmall\u00bb position=\u00bbleft\u00bb color=\u00bb#000000&#8243; thickness=\u00bb3&#8243; width=\u00bb50&#8243; up=\u00bb8&#8243; down=\u00bb16&#8243;][\/vc_column][\/vc_row][vc_row css_animation=\u00bb\u00bb row_type=\u00bbrow\u00bb use_row_as_full_screen_section=\u00bbno\u00bb type=\u00bbfull_width\u00bb angled_section=\u00bbno\u00bb text_align=\u00bbleft\u00bb background_image_as_pattern=\u00bbwithout_pattern\u00bb el_class=\u00bbsection-split-bottom-half\u00bb z_index=\u00bb\u00bb][vc_column][vc_column_text]<\/p>\n<p style=\"text-align: left;\">Hemos actualizado nuestra Pol\u00edtica de Privacidad conforme a la nueva\u00a0<strong>Normativa Europea de Protecci\u00f3n de Datos (RGPD)<\/strong>. Un cambio para facilitarte la informaci\u00f3n m\u00e1s transparente sobre c\u00f3mo procesamos tus datos personales y para que decidas c\u00f3mo gestionar tu privacidad.<\/p>\n<p>[\/vc_column_text][\/vc_column][\/vc_row][vc_row css_animation=\u00bb\u00bb row_type=\u00bbrow\u00bb use_row_as_full_screen_section=\u00bbno\u00bb type=\u00bbfull_width\u00bb angled_section=\u00bbno\u00bb text_align=\u00bbleft\u00bb background_image_as_pattern=\u00bbwithout_pattern\u00bb el_class=\u00bbsection-split-top-half section-split-bottom-half\u00bb z_index=\u00bb\u00bb][vc_column css=\u00bb.vc_custom_1551538045911{margin-top: -25px !important;}\u00bb][vc_separator type=\u00bbnormal\u00bb][\/vc_column][\/vc_row][vc_row css_animation=\u00bb\u00bb row_type=\u00bbrow\u00bb use_row_as_full_screen_section=\u00bbno\u00bb type=\u00bbfull_width\u00bb angled_section=\u00bbno\u00bb text_align=\u00bbleft\u00bb background_image_as_pattern=\u00bbwithout_pattern\u00bb el_class=\u00bbsection-split-bottom-half\u00bb z_index=\u00bb\u00bb][vc_column][vc_column_text]<\/p>\n<h3>RESPONSABLE DEL TRATAMIENTO<\/h3>\n<p>Via Moda S.L.<br \/>\nCarrer de l\u2019Aig\u00fceta 2-4 4a planta<br \/>\nAD500 Andorra la Vella<\/p>\n<h3>FINALIDAD<\/h3>\n<p>Env\u00edo de comunicaciones de marketing.<br \/>\nGesti\u00f3n de la relaci\u00f3n comercial con usted.<\/p>\n<h3>LEGITIMACI\u00d3N<\/h3>\n<p>Consentimiento del interesado.<br \/>\nEjecuci\u00f3n de un contrato.<br \/>\nInter\u00e9s leg\u00edtimo.<\/p>\n<h3>DESTINATARIOS<\/h3>\n<p>En ning\u00fan otro caso cederemos ning\u00fan dato personal a terceros, excepto que sea una obligaci\u00f3n legal.<\/p>\n<h3>DERECHOS<\/h3>\n<p>Puede ejercer los derechos de acceso, oposici\u00f3n, rectificaci\u00f3n o supresi\u00f3n, seg\u00fan los art\u00edculos 15, 22, 23, 24 de la Ley 15\/2003 calificada de protecci\u00f3n de datos personales, del 18 de diciembre de 2003.[\/vc_column_text][\/vc_column][\/vc_row][vc_row css_animation=\u00bb\u00bb row_type=\u00bbrow\u00bb use_row_as_full_screen_section=\u00bbno\u00bb type=\u00bbfull_width\u00bb angled_section=\u00bbno\u00bb text_align=\u00bbleft\u00bb background_image_as_pattern=\u00bbwithout_pattern\u00bb el_class=\u00bbsection-split-top-half section-split-bottom\u00bb z_index=\u00bb\u00bb][vc_column css=\u00bb.vc_custom_1556194276002{margin-top: -25px !important;}\u00bb][vc_separator type=\u00bbnormal\u00bb][\/vc_column][\/vc_row][vc_row css_animation=\u00bb\u00bb row_type=\u00bbrow\u00bb use_row_as_full_screen_section=\u00bbno\u00bb type=\u00bbfull_width\u00bb angled_section=\u00bbno\u00bb text_align=\u00bbleft\u00bb background_image_as_pattern=\u00bbwithout_pattern\u00bb el_class=\u00bbsection-split-bottom-half\u00bb z_index=\u00bb\u00bb][vc_column css=\u00bb.vc_custom_1556194283472{margin-top: -25px !important;}\u00bb][vc_column_text]<\/p>\n<h2>INFORMACI\u00d3N ADICIONAL<\/h2>\n<p>[\/vc_column_text][vc_column_text]<\/p>\n<p style=\"text-align: left;\">Puede consultar la <strong>informaci\u00f3n adicional<\/strong>\u00a0y detallada sobre protecci\u00f3n de datos en el siguiente desplegable web:<\/p>\n<p>[\/vc_column_text][\/vc_column][\/vc_row][vc_row css_animation=\u00bb\u00bb row_type=\u00bbrow\u00bb use_row_as_full_screen_section=\u00bbno\u00bb type=\u00bbfull_width\u00bb angled_section=\u00bbno\u00bb text_align=\u00bbleft\u00bb background_image_as_pattern=\u00bbwithout_pattern\u00bb z_index=\u00bb\u00bb][vc_column][vc_accordion active_tab=\u00bbfalse\u00bb collapsible=\u00bbyes\u00bb style=\u00bbaccordion\u00bb][vc_accordion_tab title=\u00bbResponsable\u00bb el_id=\u00bbresponsabledatos\u00bb][vc_column_text]<\/p>\n<h4>Identidad<\/h4>\n<p>Via Moda S.L. NRT: L-705430-D<\/p>\n<h4>Direcci\u00f3n postal<\/h4>\n<p>Carrer de l\u2019Aig\u00fceta 2-4 4a planta<br \/>\nAD500 Andorra La Vella<\/p>\n<h4>Tel\u00e9fono<\/h4>\n<p>+376 879222<\/p>\n<h4>Correo electr\u00f3nico<\/h4>\n<p><a href=\"mailto:aclient@viamoda.ad\" target=\"_blank\" rel=\"noopener noreferrer\">aclient@viamoda.ad<\/a><\/p>\n<h4>Web<\/h4>\n<p><a href=\"http:\/\/www.viamoda.ad\" target=\"_blank\" rel=\"noopener noreferrer\">www.viamoda.ad<\/a><\/p>\n<p>[\/vc_column_text][\/vc_accordion_tab][vc_accordion_tab title=\u00bbFinalidad\u00bb][vc_column_text]<\/p>\n<p>En Via Moda tratamos la informaci\u00f3n que nos facilitan las personas interesadas con la finalidad de:<\/p>\n<ul>\n<li>Facilitar a los clientes ofertas de productos a trav\u00e9s del correo electr\u00f3nico, SMS o llamada telef\u00f3nica. Estas comunicaciones comerciales ser\u00e1n relativas a los productos o servicios ofrecidos por Via Moda S.L.<\/li>\n<li>Programas de fidelizaci\u00f3n e informaci\u00f3n sobre novedades de Via Moda S.L. a trav\u00e9s de nuestras newsletters.<\/li>\n<li>Disfrutar de ventajas exclusivas en nuestras tiendas.<\/li>\n<li>En base a los datos obtenidos a trav\u00e9s de las compras realizadas en los diferentes establecimientos de Via Moda S.L., se realizan operaciones de elaboraci\u00f3n de perfiles consistentes b\u00e1sicamente en la comparaci\u00f3n del volumen de compras realizados por temporadas i de esta comparaci\u00f3n asignar un descuento comercial. No se realiza ninguna otra operaci\u00f3n de perfilado.<\/li>\n<li>Gestionar la facturaci\u00f3n de la tarjeta de Via Moda S.L. Todas las compras realizadas con la tarjeta cliente se realiza la factura y el correspondiente cargo bancario de acuerdo con las condiciones generales aceptadas al hacerse titular de dicha tarjeta.<\/li>\n<li>En el caso concreto de nuestra web, <a href=\"http:\/\/www.viamoda.ad\" target=\"_blank\" rel=\"noopener noreferrer\">viamoda.ad<\/a>, y \u00fanicamente, con la finalidad de ofrecerles una mejor servicio a trav\u00e9s de esta p\u00e1gina y con el objetivo de facilitar el uso, se pueden recoger los datos siguientes; el nombre de p\u00e1ginas visitadas, el n\u00famero de visitas, y la actividad y la frecuencia de utilizaci\u00f3n de los usuarios. Estos datos se podr\u00e1n utilizar con la finalidad exclusiva de obtener informaci\u00f3n estad\u00edstica an\u00f3nima sobre el uso del sitio web o para controlar el funcionamiento t\u00e9cnico, y se cancelan inmediatamente despu\u00e9s de su elaboraci\u00f3n.<\/li>\n<\/ul>\n<h4>Enlaces<\/h4>\n<p>Esta pol\u00edtica de privacidad es aplicable \u00fanicamente y exclusivamente a los datos recogidos en este sitio web <a href=\"http:\/\/www.viamoda.ad\" target=\"_blank\" rel=\"noopener noreferrer\">www.viamoda.ad<\/a>,\u00a0 y no a los datos recogidos en otros sitios web que eventualmente se pueden consultar a trav\u00e9s de los enlaces, ni a los enlaces de otros sitios web con <a href=\"http:\/\/www.viamoda.ad\" target=\"_blank\" rel=\"noopener noreferrer\">www.viamoda.ad<\/a>.<\/p>\n<h4>Galletas<\/h4>\n<p>En ning\u00fan caso se utilizan galletas (cookies) para la adquisici\u00f3n de datos personales de identificaci\u00f3n de los usuarios ni se registran sus direcciones IP. El uso de galletas (cookies) se reserva exclusivamente para facilitar al usuario la accesibilidad al sitio web y para estad\u00edsticas.<\/p>\n<p>[\/vc_column_text][\/vc_accordion_tab][vc_accordion_tab title=\u00bbLegitimaci\u00f3n\u00bb][vc_column_text]<\/p>\n<p>Via Moda S.L. utiliza las siguientes bases jur\u00eddicas de legitimaci\u00f3n para realizar los tratamientos de datos personales:<\/p>\n<ul>\n<li><strong>Ejecuci\u00f3n de un contrato<\/strong>: Esta base jur\u00eddica se utiliza para poder facturar los productos adquiridos mediante la tarjeta de cr\u00e9dito de Via Moda. Las condiciones de facturaci\u00f3n del contrato est\u00e1n especificadas en el formulario de contrataci\u00f3n de la tarjeta.<\/li>\n<li><strong>Consentimiento del interesado<\/strong>: Para poder comenzar la relaci\u00f3n con nuestros clientes, recogemos los datos m\u00ednimos necesarios para poder contactar con el cliente. Esta recogida siempre se realiza con el consentimiento expreso (libre, informado, espec\u00edfico e inequ\u00edvoco), del titular de los datos.<\/li>\n<li><strong>Inter\u00e9s leg\u00edtimo<\/strong>: Via Moda S.L. es una empresa de distribuci\u00f3n minorista de productos de moda. Nuestro inter\u00e9s es ser una empresa de referencia en el sector de la moda par hombre, mujer y ni\u00f1os; fidelizar a nuestros clientes a trav\u00e9s de acciones de marketing directo, \u00a0de informaci\u00f3n de nuevas tendencias, ofertas, noticias relacionadas con la actualidad de Via Moda, S.L.\u00a0 y hacer que los clientes que no son titulares de ning\u00fan servicio ofrecido por Via Moda S.L. y que visiten nuestras tiendas los podamos fidelizar. En cualquier caso el cliente siempre tiene la posibilidad de ejercer sus derechos.<\/li>\n<\/ul>\n<p>&nbsp;<\/p>\n<p>[\/vc_column_text][\/vc_accordion_tab][vc_accordion_tab title=\u00bbDestinatarios\u00bb][vc_column_text]<\/p>\n<ul>\n<li>Via Moda informa y garantiza expresamente a los usuarios que sus datos personales no ser\u00e1n cedidos en ning\u00fan caso a terceros y que, en el supuesto caso que se tuviera que realizar alg\u00fan tipo de cesi\u00f3n de datos personales, de forma previa se solicitar\u00eda el consentimiento expreso, informado, e inequ\u00edvoco por parte de sus titulares. Por otro lado Via Moda \u00a0podr\u00e1 comunicar los datos personales de los usuarios a terceros con la finalidad de llevar a cabo la entrega de mercanc\u00edas; procesar pagos con tarjeta de cr\u00e9dito\/d\u00e9bito; comprobar el estado crediticio y el cobro de las deudas, as\u00ed como para cumplir todos los compromisos contra\u00eddos con sus clientes.<\/li>\n<li>Se realizan transferencias internacionales de datos de im\u00e1genes y v\u00eddeos acontecidos en el interior de nuestros espacios en los portales de Facebook, Instagram, Twitter, YouTube, Pinterest y Linkedin. Estas transferencias internacionales se realizan a pa\u00edses en los cuales, en su normativa de protecci\u00f3n de datos, ofrecen un nivel de protecci\u00f3n para datos de car\u00e1cter personal equivalente a la legislaci\u00f3n Andorrana.\u00a0 La mayor\u00eda de los portales citados son en los EUA y por lo tanto se aplica al tratado PRIVACY SHIELD actualmente en vigor o,\u00a0 son portales que est\u00e1n alojados en estados miembros de la Uni\u00f3n Europea.<\/li>\n<\/ul>\n<p>[\/vc_column_text][\/vc_accordion_tab][vc_accordion_tab title=\u00bbDerechos\u00bb][vc_column_text]<\/p>\n<ul>\n<li><strong>Derecho de acceso<\/strong>: Cualquier persona interesada tiene derecho a ser informada por Via Moda S.L. de sus datos que son objeto de tratamiento. Via Moda S.L. le ha de informar dentro de un plazo m\u00e1ximo de cinco d\u00edas h\u00e1biles a contar des del momento en que hemos recibido la solicitud.<\/li>\n<li><strong>Derecho de rectificaci\u00f3n<\/strong>: Cualquier persona interesada tiene derecho a solicitar a Via Moda S.L. que los datos que son objeto de tratamiento sean corregidos, si son err\u00f3neos.<\/li>\n<li><strong>Derecho de supresi\u00f3n<\/strong>: Cualquier persona interesada tiene derecho a solicitar a Via Moda S.L.\u00a0 que los datos que son objeto de tratamiento sean suprimidos.<\/li>\n<li><strong>Derecho de oposici\u00f3n<\/strong>:Cualquier persona interesada tiene derecho a oponerse que sus datos sean objeto de tratamiento por parte de Via Moda S.L., cuando este no haya obtenido los datos directamente de la misma persona interesada.<\/li>\n<\/ul>\n<p>[\/vc_column_text][\/vc_accordion_tab][vc_accordion_tab title=\u00bbContacto\u00bb][vc_column_text]<\/p>\n<p>Si tiene cualquier duda sobre la forma en que tratamos y utilizamos sus datos personales o desea ejercer cualquiera de los derechos que se han descrito anteriormente, puede poner-se en contacto con nostros mediante:<\/p>\n<ul>\n<li>Correo electr\u00f3nico,\u00a0<a href=\"mailto:aclient@viamoda.ad\" target=\"_blank\" rel=\"noopener noreferrer\">aclient@viamoda.ad<\/a><\/li>\n<li>Correo postal, Via Moda S.L.. Carrer de l\u2019Aig\u00fceta 2-4 4a planta. AD500 Andorra la Vella, Principat d&#8217;Andorra<\/li>\n<li>Web, <a href=\"http:\/\/www.viamoda.ad\" target=\"_blank\" rel=\"noopener noreferrer\">viamoda.ad<\/a><\/li>\n<li>Personalmente, a nuestro servicio de atenci\u00f3n al cliente situado a la 4a planta del Carrer de l\u2019Aig\u00fceta 2-4, AD500 Andorra la Vella, Principat d&#8217;Andorra. Consulte previamente nuestro horario de atenci\u00f3n llamando al tel\u00e9fono +376 879222.<\/li>\n<\/ul>\n<p>[\/vc_column_text][\/vc_accordion_tab][vc_accordion_tab title=\u00bbSeguridad\u00bb][vc_column_text]Via Moda utiliza t\u00e9cnicas de seguridad de la informaci\u00f3n con el objetivo de evitar el acceso no autorizado a los datos y garantizar la confidencialidad de los mismos.<\/p>\n<p>Via Moda manifiesta que ha adoptado todas las medidas t\u00e9cnicas y de organizaci\u00f3n necesarias per garantizar la seguridad e integridad de los datos de car\u00e1cter personal que trate, as\u00ed como para evitar su p\u00e9rdida, alteraci\u00f3n y\/o acceso por parte de terceros no autorizados.[\/vc_column_text][\/vc_accordion_tab][\/vc_accordion][\/vc_column][\/vc_row]<\/p>\n<\/div>","protected":false},"excerpt":{"rendered":"<p>[vc_row css_animation=\u00bb\u00bb row_type=\u00bbrow\u00bb use_row_as_full_screen_section=\u00bbno\u00bb type=\u00bbfull_width\u00bb angled_section=\u00bbno\u00bb text_align=\u00bbleft\u00bb background_image_as_pattern=\u00bbwithout_pattern\u00bb el_class=\u00bbsection-split-bottom-half\u00bb z_index=\u00bb\u00bb][vc_column][vc_column_text] POL\u00cdTICA DE PRIVACIDAD [\/vc_column_text][vc_separator type=\u00bbsmall\u00bb position=\u00bbleft\u00bb color=\u00bb#000000&#8243; thickness=\u00bb3&#8243; width=\u00bb50&#8243; up=\u00bb8&#8243; down=\u00bb16&#8243;][\/vc_column][\/vc_row][vc_row css_animation=\u00bb\u00bb row_type=\u00bbrow\u00bb use_row_as_full_screen_section=\u00bbno\u00bb type=\u00bbfull_width\u00bb angled_section=\u00bbno\u00bb text_align=\u00bbleft\u00bb background_image_as_pattern=\u00bbwithout_pattern\u00bb el_class=\u00bbsection-split-bottom-half\u00bb z_index=\u00bb\u00bb][vc_column][vc_column_text] Hemos actualizado nuestra Pol\u00edtica de Privacidad conforme a la nueva\u00a0Normativa Europea de Protecci\u00f3n de Datos&#8230;<\/p>\n","protected":false},"author":2,"featured_media":0,"parent":0,"menu_order":0,"comment_status":"closed","ping_status":"closed","template":"","meta":{"footnotes":""},"class_list":["post-507","page","type-page","status-publish","hentry"],"yoast_head":"<!-- This site is optimized with the Yoast SEO plugin v27.3 - https:\/\/yoast.com\/product\/yoast-seo-wordpress\/ -->\n<title>Pol\u00edtica de privacidad - Via Moda Shop<\/title>\n<meta name=\"robots\" content=\"index, follow, max-snippet:-1, max-image-preview:large, max-video-preview:-1\" \/>\n<link rel=\"canonical\" href=\"https:\/\/www.viamodashop.com\/es\/politica-de-privacidad\/\" \/>\n<meta property=\"og:locale\" content=\"es_ES\" \/>\n<meta property=\"og:type\" content=\"article\" \/>\n<meta property=\"og:title\" content=\"Pol\u00edtica de privacidad - Via Moda Shop\" \/>\n<meta property=\"og:description\" content=\"[vc_row css_animation=\u00bb\u00bb row_type=\u00bbrow\u00bb use_row_as_full_screen_section=\u00bbno\u00bb type=\u00bbfull_width\u00bb angled_section=\u00bbno\u00bb text_align=\u00bbleft\u00bb background_image_as_pattern=\u00bbwithout_pattern\u00bb el_class=\u00bbsection-split-bottom-half\u00bb z_index=\u00bb\u00bb][vc_column][vc_column_text] POL\u00cdTICA DE PRIVACIDAD [\/vc_column_text][vc_separator type=\u00bbsmall\u00bb position=\u00bbleft\u00bb color=\u00bb#000000&#8243; thickness=\u00bb3&#8243; width=\u00bb50&#8243; up=\u00bb8&#8243; down=\u00bb16&#8243;][\/vc_column][\/vc_row][vc_row css_animation=\u00bb\u00bb row_type=\u00bbrow\u00bb use_row_as_full_screen_section=\u00bbno\u00bb type=\u00bbfull_width\u00bb angled_section=\u00bbno\u00bb text_align=\u00bbleft\u00bb background_image_as_pattern=\u00bbwithout_pattern\u00bb el_class=\u00bbsection-split-bottom-half\u00bb z_index=\u00bb\u00bb][vc_column][vc_column_text] Hemos actualizado nuestra Pol\u00edtica de Privacidad conforme a la nueva\u00a0Normativa Europea de Protecci\u00f3n de Datos...\" \/>\n<meta property=\"og:url\" content=\"https:\/\/www.viamodashop.com\/es\/politica-de-privacidad\/\" \/>\n<meta property=\"og:site_name\" content=\"Via Moda Shop\" \/>\n<meta property=\"article:publisher\" content=\"https:\/\/www.facebook.com\/viamodaandorra\" \/>\n<meta property=\"article:modified_time\" content=\"2020-07-13T10:46:45+00:00\" \/>\n<meta name=\"twitter:card\" content=\"summary_large_image\" \/>\n<meta name=\"twitter:site\" content=\"@viamoda_andorra\" \/>\n<script type=\"application\/ld+json\" class=\"yoast-schema-graph\">{\"@context\":\"https:\\\/\\\/schema.org\",\"@graph\":[{\"@type\":\"WebPage\",\"@id\":\"https:\\\/\\\/www.viamodashop.com\\\/es\\\/politica-de-privacidad\\\/\",\"url\":\"https:\\\/\\\/www.viamodashop.com\\\/es\\\/politica-de-privacidad\\\/\",\"name\":\"Pol\u00edtica de privacidad - Via Moda Shop\",\"isPartOf\":{\"@id\":\"https:\\\/\\\/www.viamodashop.com\\\/es\\\/#website\"},\"datePublished\":\"2020-05-14T18:18:53+00:00\",\"dateModified\":\"2020-07-13T10:46:45+00:00\",\"breadcrumb\":{\"@id\":\"https:\\\/\\\/www.viamodashop.com\\\/es\\\/politica-de-privacidad\\\/#breadcrumb\"},\"inLanguage\":\"es\",\"potentialAction\":[{\"@type\":\"ReadAction\",\"target\":[\"https:\\\/\\\/www.viamodashop.com\\\/es\\\/politica-de-privacidad\\\/\"]}]},{\"@type\":\"BreadcrumbList\",\"@id\":\"https:\\\/\\\/www.viamodashop.com\\\/es\\\/politica-de-privacidad\\\/#breadcrumb\",\"itemListElement\":[{\"@type\":\"ListItem\",\"position\":1,\"name\":\"Home\",\"item\":\"https:\\\/\\\/www.viamodashop.com\\\/es\\\/\"},{\"@type\":\"ListItem\",\"position\":2,\"name\":\"Pol\u00edtica de privacidad\"}]},{\"@type\":\"WebSite\",\"@id\":\"https:\\\/\\\/www.viamodashop.com\\\/es\\\/#website\",\"url\":\"https:\\\/\\\/www.viamodashop.com\\\/es\\\/\",\"name\":\"Via Moda Shop\",\"description\":\"La tienda online de Via Moda Andorra\",\"publisher\":{\"@id\":\"https:\\\/\\\/www.viamodashop.com\\\/es\\\/#organization\"},\"potentialAction\":[{\"@type\":\"SearchAction\",\"target\":{\"@type\":\"EntryPoint\",\"urlTemplate\":\"https:\\\/\\\/www.viamodashop.com\\\/es\\\/?s={search_term_string}\"},\"query-input\":{\"@type\":\"PropertyValueSpecification\",\"valueRequired\":true,\"valueName\":\"search_term_string\"}}],\"inLanguage\":\"es\"},{\"@type\":\"Organization\",\"@id\":\"https:\\\/\\\/www.viamodashop.com\\\/es\\\/#organization\",\"name\":\"Via Moda Shop\",\"url\":\"https:\\\/\\\/www.viamodashop.com\\\/es\\\/\",\"logo\":{\"@type\":\"ImageObject\",\"inLanguage\":\"es\",\"@id\":\"https:\\\/\\\/www.viamodashop.com\\\/es\\\/#\\\/schema\\\/logo\\\/image\\\/\",\"url\":\"https:\\\/\\\/www.viamodashop.com\\\/wp-content\\\/uploads\\\/2020\\\/05\\\/viamoda-logo.svg\",\"contentUrl\":\"https:\\\/\\\/www.viamodashop.com\\\/wp-content\\\/uploads\\\/2020\\\/05\\\/viamoda-logo.svg\",\"width\":165,\"height\":92,\"caption\":\"Via Moda Shop\"},\"image\":{\"@id\":\"https:\\\/\\\/www.viamodashop.com\\\/es\\\/#\\\/schema\\\/logo\\\/image\\\/\"},\"sameAs\":[\"https:\\\/\\\/www.facebook.com\\\/viamodaandorra\",\"https:\\\/\\\/x.com\\\/viamoda_andorra\",\"https:\\\/\\\/www.instagram.com\\\/via_moda\\\/\",\"https:\\\/\\\/www.youtube.com\\\/channel\\\/UCToWT3KAMCbBw8ZsTrTQZ_A\",\"https:\\\/\\\/www.pinterest.com\\\/via_moda\\\/\",\"https:\\\/\\\/www.linkedin.com\\\/company\\\/viamoda\\\/\"]}]}<\/script>\n<!-- \/ Yoast SEO plugin. -->","yoast_head_json":{"title":"Pol\u00edtica de privacidad - Via Moda Shop","robots":{"index":"index","follow":"follow","max-snippet":"max-snippet:-1","max-image-preview":"max-image-preview:large","max-video-preview":"max-video-preview:-1"},"canonical":"https:\/\/www.viamodashop.com\/es\/politica-de-privacidad\/","og_locale":"es_ES","og_type":"article","og_title":"Pol\u00edtica de privacidad - Via Moda Shop","og_description":"[vc_row css_animation=\u00bb\u00bb row_type=\u00bbrow\u00bb use_row_as_full_screen_section=\u00bbno\u00bb type=\u00bbfull_width\u00bb angled_section=\u00bbno\u00bb text_align=\u00bbleft\u00bb background_image_as_pattern=\u00bbwithout_pattern\u00bb el_class=\u00bbsection-split-bottom-half\u00bb z_index=\u00bb\u00bb][vc_column][vc_column_text] POL\u00cdTICA DE PRIVACIDAD [\/vc_column_text][vc_separator type=\u00bbsmall\u00bb position=\u00bbleft\u00bb color=\u00bb#000000&#8243; thickness=\u00bb3&#8243; width=\u00bb50&#8243; up=\u00bb8&#8243; down=\u00bb16&#8243;][\/vc_column][\/vc_row][vc_row css_animation=\u00bb\u00bb row_type=\u00bbrow\u00bb use_row_as_full_screen_section=\u00bbno\u00bb type=\u00bbfull_width\u00bb angled_section=\u00bbno\u00bb text_align=\u00bbleft\u00bb background_image_as_pattern=\u00bbwithout_pattern\u00bb el_class=\u00bbsection-split-bottom-half\u00bb z_index=\u00bb\u00bb][vc_column][vc_column_text] Hemos actualizado nuestra Pol\u00edtica de Privacidad conforme a la nueva\u00a0Normativa Europea de Protecci\u00f3n de Datos...","og_url":"https:\/\/www.viamodashop.com\/es\/politica-de-privacidad\/","og_site_name":"Via Moda Shop","article_publisher":"https:\/\/www.facebook.com\/viamodaandorra","article_modified_time":"2020-07-13T10:46:45+00:00","twitter_card":"summary_large_image","twitter_site":"@viamoda_andorra","schema":{"@context":"https:\/\/schema.org","@graph":[{"@type":"WebPage","@id":"https:\/\/www.viamodashop.com\/es\/politica-de-privacidad\/","url":"https:\/\/www.viamodashop.com\/es\/politica-de-privacidad\/","name":"Pol\u00edtica de privacidad - Via Moda Shop","isPartOf":{"@id":"https:\/\/www.viamodashop.com\/es\/#website"},"datePublished":"2020-05-14T18:18:53+00:00","dateModified":"2020-07-13T10:46:45+00:00","breadcrumb":{"@id":"https:\/\/www.viamodashop.com\/es\/politica-de-privacidad\/#breadcrumb"},"inLanguage":"es","potentialAction":[{"@type":"ReadAction","target":["https:\/\/www.viamodashop.com\/es\/politica-de-privacidad\/"]}]},{"@type":"BreadcrumbList","@id":"https:\/\/www.viamodashop.com\/es\/politica-de-privacidad\/#breadcrumb","itemListElement":[{"@type":"ListItem","position":1,"name":"Home","item":"https:\/\/www.viamodashop.com\/es\/"},{"@type":"ListItem","position":2,"name":"Pol\u00edtica de privacidad"}]},{"@type":"WebSite","@id":"https:\/\/www.viamodashop.com\/es\/#website","url":"https:\/\/www.viamodashop.com\/es\/","name":"Via Moda Shop","description":"La tienda online de Via Moda Andorra","publisher":{"@id":"https:\/\/www.viamodashop.com\/es\/#organization"},"potentialAction":[{"@type":"SearchAction","target":{"@type":"EntryPoint","urlTemplate":"https:\/\/www.viamodashop.com\/es\/?s={search_term_string}"},"query-input":{"@type":"PropertyValueSpecification","valueRequired":true,"valueName":"search_term_string"}}],"inLanguage":"es"},{"@type":"Organization","@id":"https:\/\/www.viamodashop.com\/es\/#organization","name":"Via Moda Shop","url":"https:\/\/www.viamodashop.com\/es\/","logo":{"@type":"ImageObject","inLanguage":"es","@id":"https:\/\/www.viamodashop.com\/es\/#\/schema\/logo\/image\/","url":"https:\/\/www.viamodashop.com\/wp-content\/uploads\/2020\/05\/viamoda-logo.svg","contentUrl":"https:\/\/www.viamodashop.com\/wp-content\/uploads\/2020\/05\/viamoda-logo.svg","width":165,"height":92,"caption":"Via Moda Shop"},"image":{"@id":"https:\/\/www.viamodashop.com\/es\/#\/schema\/logo\/image\/"},"sameAs":["https:\/\/www.facebook.com\/viamodaandorra","https:\/\/x.com\/viamoda_andorra","https:\/\/www.instagram.com\/via_moda\/","https:\/\/www.youtube.com\/channel\/UCToWT3KAMCbBw8ZsTrTQZ_A","https:\/\/www.pinterest.com\/via_moda\/","https:\/\/www.linkedin.com\/company\/viamoda\/"]}]}},"_links":{"self":[{"href":"https:\/\/www.viamodashop.com\/es\/wp-json\/wp\/v2\/pages\/507","targetHints":{"allow":["GET"]}}],"collection":[{"href":"https:\/\/www.viamodashop.com\/es\/wp-json\/wp\/v2\/pages"}],"about":[{"href":"https:\/\/www.viamodashop.com\/es\/wp-json\/wp\/v2\/types\/page"}],"author":[{"embeddable":true,"href":"https:\/\/www.viamodashop.com\/es\/wp-json\/wp\/v2\/users\/2"}],"replies":[{"embeddable":true,"href":"https:\/\/www.viamodashop.com\/es\/wp-json\/wp\/v2\/comments?post=507"}],"version-history":[{"count":9,"href":"https:\/\/www.viamodashop.com\/es\/wp-json\/wp\/v2\/pages\/507\/revisions"}],"predecessor-version":[{"id":1189,"href":"https:\/\/www.viamodashop.com\/es\/wp-json\/wp\/v2\/pages\/507\/revisions\/1189"}],"wp:attachment":[{"href":"https:\/\/www.viamodashop.com\/es\/wp-json\/wp\/v2\/media?parent=507"}],"curies":[{"name":"wp","href":"https:\/\/api.w.org\/{rel}","templated":true}]}}