{"id":727,"date":"2020-05-15T11:02:26","date_gmt":"2020-05-15T09:02:26","guid":{"rendered":"https:\/\/www.viamodashop.com\/sobre-via-moda\/"},"modified":"2024-02-14T12:42:04","modified_gmt":"2024-02-14T10:42:04","slug":"sobre-nosotros","status":"publish","type":"page","link":"https:\/\/www.viamodashop.com\/es\/sobre-nosotros\/","title":{"rendered":"Sobre nosotros"},"content":{"rendered":"<div class=\"wpb-content-wrapper\"><p>[vc_row css_animation=\u00bb\u00bb row_type=\u00bbrow\u00bb use_row_as_full_screen_section=\u00bbno\u00bb type=\u00bbgrid\u00bb angled_section=\u00bbno\u00bb text_align=\u00bbleft\u00bb background_image_as_pattern=\u00bbwithout_pattern\u00bb z_index=\u00bb\u00bb el_class=\u00bbheader-banner-page\u00bb][vc_column][vc_single_image image=\u00bb750&#8243; img_size=\u00bbfull\u00bb alignment=\u00bbcenter\u00bb qode_css_animation=\u00bb\u00bb][\/vc_column][\/vc_row][vc_row css_animation=\u00bb\u00bb row_type=\u00bbrow\u00bb use_row_as_full_screen_section=\u00bbno\u00bb type=\u00bbgrid\u00bb angled_section=\u00bbno\u00bb text_align=\u00bbleft\u00bb background_image_as_pattern=\u00bbwithout_pattern\u00bb z_index=\u00bb\u00bb][vc_column][qode_elements_holder number_of_columns=\u00bbone_column\u00bb][qode_elements_holder_item advanced_animations=\u00bbno\u00bb item_padding=\u00bb0 0 0 0&#8243;][vc_column_text]<\/p>\n<h2>Sobre nosotros<\/h2>\n<p>[\/vc_column_text][vc_separator type=\u00bbsmall\u00bb position=\u00bbleft\u00bb color=\u00bb#000000&#8243; thickness=\u00bb3&#8243; width=\u00bb50&#8243; up=\u00bb11&#8243; down=\u00bb15&#8243;][\/qode_elements_holder_item][\/qode_elements_holder][\/vc_column][\/vc_row][vc_row css_animation=\u00bb\u00bb row_type=\u00bbrow\u00bb use_row_as_full_screen_section=\u00bbno\u00bb type=\u00bbfull_width\u00bb angled_section=\u00bbno\u00bb text_align=\u00bbleft\u00bb background_image_as_pattern=\u00bbwithout_pattern\u00bb z_index=\u00bb\u00bb padding_top=\u00bb24&#8243;][vc_column][vc_column_text]Via Moda fue fundada en Andorra, en 1968.<\/p>\n<p>Transmitimos una filosof\u00eda d\u00f3nde nuestras prendas y nuestras tiendas despiertan los sentidos, invitando a vivir una experiencia de compra Via Moda \u00fanica.<\/p>\n<p>Podr\u00e1s encontrar nuestras 21 tiendas ubicadas en el centro comercial del Principado de Andorra, con colecciones de Mujer,\u00a0 Hombre, Ni\u00f1os, Accesorios y Calzado, que se reflejan en una amplia oferta de m\u00e1s 200 marcas de moda al a\u00f1o.<\/p>\n<p>En Via Moda, encontrar\u00e1s piezas de Mujer que desprenden energ\u00eda y aportan confort. Cada prenda ha sido elegida cuidadosamente para que sea \u00fanica. Para Hombre, tambi\u00e9n art\u00edculos \u00fanicos con detalles especiales. Para los m\u00e1s peque\u00f1os, color, magia, prendas repletas de diversi\u00f3n y estilo para ni\u00f1os, ni\u00f1as y beb\u00e9s.<\/p>\n<p>Con m\u00e1s de 50 a\u00f1os de experiencia en el sector de la moda, garantizamos un excelente servicio de atenci\u00f3n al cliente y ya disponemos de m\u00e1s de 250.000 miembros con la tarjeta cliente Via Moda, que gozan de nuestras exclusivas ventajas.<\/p>\n<p>\u00bfTe apetece formar parte de nuestro Club?[\/vc_column_text][\/vc_column][\/vc_row]<\/p>\n<\/div>","protected":false},"excerpt":{"rendered":"<p>[vc_row css_animation=\u00bb\u00bb row_type=\u00bbrow\u00bb use_row_as_full_screen_section=\u00bbno\u00bb type=\u00bbgrid\u00bb angled_section=\u00bbno\u00bb text_align=\u00bbleft\u00bb background_image_as_pattern=\u00bbwithout_pattern\u00bb z_index=\u00bb\u00bb el_class=\u00bbheader-banner-page\u00bb][vc_column][vc_single_image image=\u00bb750&#8243; img_size=\u00bbfull\u00bb alignment=\u00bbcenter\u00bb qode_css_animation=\u00bb\u00bb][\/vc_column][\/vc_row][vc_row css_animation=\u00bb\u00bb row_type=\u00bbrow\u00bb use_row_as_full_screen_section=\u00bbno\u00bb type=\u00bbgrid\u00bb angled_section=\u00bbno\u00bb text_align=\u00bbleft\u00bb background_image_as_pattern=\u00bbwithout_pattern\u00bb z_index=\u00bb\u00bb][vc_column][qode_elements_holder number_of_columns=\u00bbone_column\u00bb][qode_elements_holder_item advanced_animations=\u00bbno\u00bb item_padding=\u00bb0 0 0 0&#8243;][vc_column_text] Sobre nosotros [\/vc_column_text][vc_separator type=\u00bbsmall\u00bb position=\u00bbleft\u00bb color=\u00bb#000000&#8243; thickness=\u00bb3&#8243; width=\u00bb50&#8243; up=\u00bb11&#8243; down=\u00bb15&#8243;][\/qode_elements_holder_item][\/qode_elements_holder][\/vc_column][\/vc_row][vc_row css_animation=\u00bb\u00bb row_type=\u00bbrow\u00bb use_row_as_full_screen_section=\u00bbno\u00bb type=\u00bbfull_width\u00bb angled_section=\u00bbno\u00bb text_align=\u00bbleft\u00bb background_image_as_pattern=\u00bbwithout_pattern\u00bb&#8230;<\/p>\n","protected":false},"author":2,"featured_media":0,"parent":0,"menu_order":0,"comment_status":"closed","ping_status":"closed","template":"","meta":{"footnotes":""},"class_list":["post-727","page","type-page","status-publish","hentry"],"yoast_head":"<!-- This site is optimized with the Yoast SEO plugin v27.4 - https:\/\/yoast.com\/product\/yoast-seo-wordpress\/ -->\n<title>Sobre nosotros - Via Moda Shop<\/title>\n<meta name=\"robots\" content=\"index, follow, max-snippet:-1, max-image-preview:large, max-video-preview:-1\" \/>\n<link rel=\"canonical\" href=\"https:\/\/www.viamodashop.com\/es\/sobre-nosotros\/\" \/>\n<meta property=\"og:locale\" content=\"es_ES\" \/>\n<meta property=\"og:type\" content=\"article\" \/>\n<meta property=\"og:title\" content=\"Sobre nosotros - Via Moda Shop\" \/>\n<meta property=\"og:description\" content=\"[vc_row css_animation=\u00bb\u00bb row_type=\u00bbrow\u00bb use_row_as_full_screen_section=\u00bbno\u00bb type=\u00bbgrid\u00bb angled_section=\u00bbno\u00bb text_align=\u00bbleft\u00bb background_image_as_pattern=\u00bbwithout_pattern\u00bb z_index=\u00bb\u00bb el_class=\u00bbheader-banner-page\u00bb][vc_column][vc_single_image image=\u00bb750&#8243; img_size=\u00bbfull\u00bb alignment=\u00bbcenter\u00bb qode_css_animation=\u00bb\u00bb][\/vc_column][\/vc_row][vc_row css_animation=\u00bb\u00bb row_type=\u00bbrow\u00bb use_row_as_full_screen_section=\u00bbno\u00bb type=\u00bbgrid\u00bb angled_section=\u00bbno\u00bb text_align=\u00bbleft\u00bb background_image_as_pattern=\u00bbwithout_pattern\u00bb z_index=\u00bb\u00bb][vc_column][qode_elements_holder number_of_columns=\u00bbone_column\u00bb][qode_elements_holder_item advanced_animations=\u00bbno\u00bb item_padding=\u00bb0 0 0 0&#8243;][vc_column_text] Sobre nosotros [\/vc_column_text][vc_separator type=\u00bbsmall\u00bb position=\u00bbleft\u00bb color=\u00bb#000000&#8243; thickness=\u00bb3&#8243; width=\u00bb50&#8243; up=\u00bb11&#8243; down=\u00bb15&#8243;][\/qode_elements_holder_item][\/qode_elements_holder][\/vc_column][\/vc_row][vc_row css_animation=\u00bb\u00bb row_type=\u00bbrow\u00bb use_row_as_full_screen_section=\u00bbno\u00bb type=\u00bbfull_width\u00bb angled_section=\u00bbno\u00bb text_align=\u00bbleft\u00bb background_image_as_pattern=\u00bbwithout_pattern\u00bb...\" \/>\n<meta property=\"og:url\" content=\"https:\/\/www.viamodashop.com\/es\/sobre-nosotros\/\" \/>\n<meta property=\"og:site_name\" content=\"Via Moda Shop\" \/>\n<meta property=\"article:publisher\" content=\"https:\/\/www.facebook.com\/viamodaandorra\" \/>\n<meta property=\"article:modified_time\" content=\"2024-02-14T10:42:04+00:00\" \/>\n<meta name=\"twitter:card\" content=\"summary_large_image\" \/>\n<meta name=\"twitter:site\" content=\"@viamoda_andorra\" \/>\n<script type=\"application\/ld+json\" class=\"yoast-schema-graph\">{\"@context\":\"https:\\\/\\\/schema.org\",\"@graph\":[{\"@type\":\"WebPage\",\"@id\":\"https:\\\/\\\/www.viamodashop.com\\\/es\\\/sobre-nosotros\\\/\",\"url\":\"https:\\\/\\\/www.viamodashop.com\\\/es\\\/sobre-nosotros\\\/\",\"name\":\"Sobre nosotros - Via Moda Shop\",\"isPartOf\":{\"@id\":\"https:\\\/\\\/www.viamodashop.com\\\/es\\\/#website\"},\"datePublished\":\"2020-05-15T09:02:26+00:00\",\"dateModified\":\"2024-02-14T10:42:04+00:00\",\"breadcrumb\":{\"@id\":\"https:\\\/\\\/www.viamodashop.com\\\/es\\\/sobre-nosotros\\\/#breadcrumb\"},\"inLanguage\":\"es\",\"potentialAction\":[{\"@type\":\"ReadAction\",\"target\":[\"https:\\\/\\\/www.viamodashop.com\\\/es\\\/sobre-nosotros\\\/\"]}]},{\"@type\":\"BreadcrumbList\",\"@id\":\"https:\\\/\\\/www.viamodashop.com\\\/es\\\/sobre-nosotros\\\/#breadcrumb\",\"itemListElement\":[{\"@type\":\"ListItem\",\"position\":1,\"name\":\"Home\",\"item\":\"https:\\\/\\\/www.viamodashop.com\\\/es\\\/\"},{\"@type\":\"ListItem\",\"position\":2,\"name\":\"Sobre nosotros\"}]},{\"@type\":\"WebSite\",\"@id\":\"https:\\\/\\\/www.viamodashop.com\\\/es\\\/#website\",\"url\":\"https:\\\/\\\/www.viamodashop.com\\\/es\\\/\",\"name\":\"Via Moda Shop\",\"description\":\"La tienda online de Via Moda Andorra\",\"publisher\":{\"@id\":\"https:\\\/\\\/www.viamodashop.com\\\/es\\\/#organization\"},\"potentialAction\":[{\"@type\":\"SearchAction\",\"target\":{\"@type\":\"EntryPoint\",\"urlTemplate\":\"https:\\\/\\\/www.viamodashop.com\\\/es\\\/?s={search_term_string}\"},\"query-input\":{\"@type\":\"PropertyValueSpecification\",\"valueRequired\":true,\"valueName\":\"search_term_string\"}}],\"inLanguage\":\"es\"},{\"@type\":\"Organization\",\"@id\":\"https:\\\/\\\/www.viamodashop.com\\\/es\\\/#organization\",\"name\":\"Via Moda Shop\",\"url\":\"https:\\\/\\\/www.viamodashop.com\\\/es\\\/\",\"logo\":{\"@type\":\"ImageObject\",\"inLanguage\":\"es\",\"@id\":\"https:\\\/\\\/www.viamodashop.com\\\/es\\\/#\\\/schema\\\/logo\\\/image\\\/\",\"url\":\"https:\\\/\\\/www.viamodashop.com\\\/wp-content\\\/uploads\\\/2020\\\/05\\\/viamoda-logo.svg\",\"contentUrl\":\"https:\\\/\\\/www.viamodashop.com\\\/wp-content\\\/uploads\\\/2020\\\/05\\\/viamoda-logo.svg\",\"width\":165,\"height\":92,\"caption\":\"Via Moda Shop\"},\"image\":{\"@id\":\"https:\\\/\\\/www.viamodashop.com\\\/es\\\/#\\\/schema\\\/logo\\\/image\\\/\"},\"sameAs\":[\"https:\\\/\\\/www.facebook.com\\\/viamodaandorra\",\"https:\\\/\\\/x.com\\\/viamoda_andorra\",\"https:\\\/\\\/www.instagram.com\\\/via_moda\\\/\",\"https:\\\/\\\/www.youtube.com\\\/channel\\\/UCToWT3KAMCbBw8ZsTrTQZ_A\",\"https:\\\/\\\/www.pinterest.com\\\/via_moda\\\/\",\"https:\\\/\\\/www.linkedin.com\\\/company\\\/viamoda\\\/\"]}]}<\/script>\n<!-- \/ Yoast SEO plugin. -->","yoast_head_json":{"title":"Sobre nosotros - Via Moda Shop","robots":{"index":"index","follow":"follow","max-snippet":"max-snippet:-1","max-image-preview":"max-image-preview:large","max-video-preview":"max-video-preview:-1"},"canonical":"https:\/\/www.viamodashop.com\/es\/sobre-nosotros\/","og_locale":"es_ES","og_type":"article","og_title":"Sobre nosotros - Via Moda Shop","og_description":"[vc_row css_animation=\u00bb\u00bb row_type=\u00bbrow\u00bb use_row_as_full_screen_section=\u00bbno\u00bb type=\u00bbgrid\u00bb angled_section=\u00bbno\u00bb text_align=\u00bbleft\u00bb background_image_as_pattern=\u00bbwithout_pattern\u00bb z_index=\u00bb\u00bb el_class=\u00bbheader-banner-page\u00bb][vc_column][vc_single_image image=\u00bb750&#8243; img_size=\u00bbfull\u00bb alignment=\u00bbcenter\u00bb qode_css_animation=\u00bb\u00bb][\/vc_column][\/vc_row][vc_row css_animation=\u00bb\u00bb row_type=\u00bbrow\u00bb use_row_as_full_screen_section=\u00bbno\u00bb type=\u00bbgrid\u00bb angled_section=\u00bbno\u00bb text_align=\u00bbleft\u00bb background_image_as_pattern=\u00bbwithout_pattern\u00bb z_index=\u00bb\u00bb][vc_column][qode_elements_holder number_of_columns=\u00bbone_column\u00bb][qode_elements_holder_item advanced_animations=\u00bbno\u00bb item_padding=\u00bb0 0 0 0&#8243;][vc_column_text] Sobre nosotros [\/vc_column_text][vc_separator type=\u00bbsmall\u00bb position=\u00bbleft\u00bb color=\u00bb#000000&#8243; thickness=\u00bb3&#8243; width=\u00bb50&#8243; up=\u00bb11&#8243; down=\u00bb15&#8243;][\/qode_elements_holder_item][\/qode_elements_holder][\/vc_column][\/vc_row][vc_row css_animation=\u00bb\u00bb row_type=\u00bbrow\u00bb use_row_as_full_screen_section=\u00bbno\u00bb type=\u00bbfull_width\u00bb angled_section=\u00bbno\u00bb text_align=\u00bbleft\u00bb background_image_as_pattern=\u00bbwithout_pattern\u00bb...","og_url":"https:\/\/www.viamodashop.com\/es\/sobre-nosotros\/","og_site_name":"Via Moda Shop","article_publisher":"https:\/\/www.facebook.com\/viamodaandorra","article_modified_time":"2024-02-14T10:42:04+00:00","twitter_card":"summary_large_image","twitter_site":"@viamoda_andorra","schema":{"@context":"https:\/\/schema.org","@graph":[{"@type":"WebPage","@id":"https:\/\/www.viamodashop.com\/es\/sobre-nosotros\/","url":"https:\/\/www.viamodashop.com\/es\/sobre-nosotros\/","name":"Sobre nosotros - Via Moda Shop","isPartOf":{"@id":"https:\/\/www.viamodashop.com\/es\/#website"},"datePublished":"2020-05-15T09:02:26+00:00","dateModified":"2024-02-14T10:42:04+00:00","breadcrumb":{"@id":"https:\/\/www.viamodashop.com\/es\/sobre-nosotros\/#breadcrumb"},"inLanguage":"es","potentialAction":[{"@type":"ReadAction","target":["https:\/\/www.viamodashop.com\/es\/sobre-nosotros\/"]}]},{"@type":"BreadcrumbList","@id":"https:\/\/www.viamodashop.com\/es\/sobre-nosotros\/#breadcrumb","itemListElement":[{"@type":"ListItem","position":1,"name":"Home","item":"https:\/\/www.viamodashop.com\/es\/"},{"@type":"ListItem","position":2,"name":"Sobre nosotros"}]},{"@type":"WebSite","@id":"https:\/\/www.viamodashop.com\/es\/#website","url":"https:\/\/www.viamodashop.com\/es\/","name":"Via Moda Shop","description":"La tienda online de Via Moda Andorra","publisher":{"@id":"https:\/\/www.viamodashop.com\/es\/#organization"},"potentialAction":[{"@type":"SearchAction","target":{"@type":"EntryPoint","urlTemplate":"https:\/\/www.viamodashop.com\/es\/?s={search_term_string}"},"query-input":{"@type":"PropertyValueSpecification","valueRequired":true,"valueName":"search_term_string"}}],"inLanguage":"es"},{"@type":"Organization","@id":"https:\/\/www.viamodashop.com\/es\/#organization","name":"Via Moda Shop","url":"https:\/\/www.viamodashop.com\/es\/","logo":{"@type":"ImageObject","inLanguage":"es","@id":"https:\/\/www.viamodashop.com\/es\/#\/schema\/logo\/image\/","url":"https:\/\/www.viamodashop.com\/wp-content\/uploads\/2020\/05\/viamoda-logo.svg","contentUrl":"https:\/\/www.viamodashop.com\/wp-content\/uploads\/2020\/05\/viamoda-logo.svg","width":165,"height":92,"caption":"Via Moda Shop"},"image":{"@id":"https:\/\/www.viamodashop.com\/es\/#\/schema\/logo\/image\/"},"sameAs":["https:\/\/www.facebook.com\/viamodaandorra","https:\/\/x.com\/viamoda_andorra","https:\/\/www.instagram.com\/via_moda\/","https:\/\/www.youtube.com\/channel\/UCToWT3KAMCbBw8ZsTrTQZ_A","https:\/\/www.pinterest.com\/via_moda\/","https:\/\/www.linkedin.com\/company\/viamoda\/"]}]}},"_links":{"self":[{"href":"https:\/\/www.viamodashop.com\/es\/wp-json\/wp\/v2\/pages\/727","targetHints":{"allow":["GET"]}}],"collection":[{"href":"https:\/\/www.viamodashop.com\/es\/wp-json\/wp\/v2\/pages"}],"about":[{"href":"https:\/\/www.viamodashop.com\/es\/wp-json\/wp\/v2\/types\/page"}],"author":[{"embeddable":true,"href":"https:\/\/www.viamodashop.com\/es\/wp-json\/wp\/v2\/users\/2"}],"replies":[{"embeddable":true,"href":"https:\/\/www.viamodashop.com\/es\/wp-json\/wp\/v2\/comments?post=727"}],"version-history":[{"count":12,"href":"https:\/\/www.viamodashop.com\/es\/wp-json\/wp\/v2\/pages\/727\/revisions"}],"predecessor-version":[{"id":2437,"href":"https:\/\/www.viamodashop.com\/es\/wp-json\/wp\/v2\/pages\/727\/revisions\/2437"}],"wp:attachment":[{"href":"https:\/\/www.viamodashop.com\/es\/wp-json\/wp\/v2\/media?parent=727"}],"curies":[{"name":"wp","href":"https:\/\/api.w.org\/{rel}","templated":true}]}}