{"id":789,"date":"2020-05-19T17:55:26","date_gmt":"2020-05-19T15:55:26","guid":{"rendered":"https:\/\/www.viamodashop.com\/condicions-dus-targetes-regal-virtuals-i-fisica\/"},"modified":"2020-12-23T10:46:34","modified_gmt":"2020-12-23T08:46:34","slug":"condiciones-de-uso-tarjetas-regalo-digital-y-fisica","status":"publish","type":"page","link":"https:\/\/www.viamodashop.com\/es\/condiciones-de-uso-tarjetas-regalo-digital-y-fisica\/","title":{"rendered":"Condiciones de uso tarjetas regalo digital y f\u00edsica"},"content":{"rendered":"<div class=\"wpb-content-wrapper\"><p>[vc_row css_animation=\u00bb\u00bb row_type=\u00bbrow\u00bb use_row_as_full_screen_section=\u00bbno\u00bb type=\u00bbfull_width\u00bb angled_section=\u00bbno\u00bb text_align=\u00bbleft\u00bb background_image_as_pattern=\u00bbwithout_pattern\u00bb el_class=\u00bbsection-split-bottom\u00bb z_index=\u00bb\u00bb][vc_column][vc_column_text]<\/p>\n<h1 style=\"text-align: left;\">CONDICIONES DE USO TARJETAS REGALO DIGITAL Y F\u00cdSICA<\/h1>\n<p>[\/vc_column_text][vc_separator type=\u00bbsmall\u00bb position=\u00bbleft\u00bb color=\u00bb#000000&#8243; thickness=\u00bb3&#8243; width=\u00bb50&#8243; up=\u00bb8&#8243; down=\u00bb16&#8243;][\/vc_column][\/vc_row][vc_row css_animation=\u00bb\u00bb row_type=\u00bbrow\u00bb use_row_as_full_screen_section=\u00bbno\u00bb type=\u00bbfull_width\u00bb angled_section=\u00bbno\u00bb text_align=\u00bbleft\u00bb background_image_as_pattern=\u00bbwithout_pattern\u00bb el_class=\u00bbsection-split-bottom\u00bb z_index=\u00bb\u00bb][vc_column css=\u00bb.vc_custom_1506117902509{margin-top: -25px !important;}\u00bb][vc_column_text]<\/p>\n<h2>Condiciones de uso tarjeta regalo digital<\/h2>\n<p>La Tarjeta Regalo Digital es v\u00e1lida para la compra de productos a la venta en las 24 tiendas del Grupo Via Moda en el Principado de Andorra: Benetton 012, Buick, Desigual, G-Star Raw, Goose&amp;Duck, Hugo Boss, Jack&amp;Jones\/Vero Moda, Jeans Culte, Jott, Levi\u2019s, Levi\u2019s Illa, Liu\u00b7Jo, M\u00edtics, Napapijri, Now Andorra, Now Escaldes, Options+, Ovs Kids, Ovs Kids Illa, Replay, Shibori, Subdued, Tango y Urban.<\/p>\n<p>La Tarjeta Regalo Digital es titularidad de su emisor: Via Moda, S.L., con N.R.T. L-705430-D, y domicilio en C. de l\u2019 Aig\u00fceta 2-4, AD500 Andorra la Vella, en el Principado de Andorra, siendo su portador un mero depositario.<\/p>\n<p>La Tarjeta Regalo Digital no tiene caducidad.<\/p>\n<p>La Tarjeta Regalo Digital puede emitirse por un importe m\u00ednimo de 10\u20ac y m\u00e1ximo de 1.000\u20ac y utilizarse en rebajas, promociones y ofertas especiales.<\/p>\n<p>El saldo de la Tarjeta Regalo Digital no puede reembolsarse ni canjearse por dinero.<\/p>\n<p>No es necesario consumir el valor de Tarjeta Regalo Digital en una \u00fanica compra. El saldo no utilizado se guardar\u00e1 en la tarjeta para futuras compras. Cuando el total de la compra sea superior al saldo de la Tarjeta Regalo Digital, podr\u00e1 completarse con cualquier otro m\u00e9todo de pago disponible.<\/p>\n<p>Los productos adquiridos con la Tarjeta Regalo Digital est\u00e1n sujetos a la misma pol\u00edtica de cambios, devoluciones y desistimientos que el resto de productos comprados en cualquiera de las 24 tiendas del Grupo Via Moda<\/p>\n<p>La Tarjeta Regalo Digital es un documento al portador. La responsabilidad de su uso y custodia corresponde exclusivamente a su tenedor. No se reemplazar\u00e1 en caso de robo, p\u00e9rdida o deterioro.<\/p>\n<p>Cualquier Tarjeta Regalo Digital obtenida de forma il\u00edcita ser\u00e1 nula, no podr\u00e1 utilizarse para la compra de productos y su importe no ser\u00e1 reembolsado.<\/p>\n<p>En caso de adquisici\u00f3n de la Tarjeta Regalo Digital, no seremos responsables de la no recepci\u00f3n o del retraso en la recepci\u00f3n por su destinatario por motivos ajenos a nosotros, incluyendo, entre otros, (1) las deficiencias o el colapso de las l\u00edneas o sistemas de telecomunicaciones, (2) el retraso en la transmisi\u00f3n de informaci\u00f3n o datos o p\u00e9rdida de informaci\u00f3n o datos que pueda producirse por cualquiera de las circunstancias mencionadas en (1), (3) la inexactitud de los datos del destinatario de la Tarjeta Regalo Digital facilitados por el comprador de la misma, (4) la imposibilidad de entregar la Tarjeta Regalo Digital en la cuenta de correo electr\u00f3nico facilitada o (5) la consideraci\u00f3n del correo electr\u00f3nico remitido como spam o correo no deseado.<\/p>\n<p>La Tarjeta Regalo Digital no puede ser utilizada para fines publicitarios o de promoci\u00f3n salvo autorizaci\u00f3n previa y por escrito del Emisor.<\/p>\n<p>La adquisici\u00f3n y\/o el uso de la Tarjeta Regalo Digital implica la aceptaci\u00f3n \u00edntegra de estas condiciones, las cuales se han facilitado previamente a la adquisici\u00f3n de la misma. Las presentes Condiciones Generales se rigen por la legislaci\u00f3n andorrana.[\/vc_column_text][\/vc_column][\/vc_row][vc_row css_animation=\u00bb\u00bb row_type=\u00bbrow\u00bb use_row_as_full_screen_section=\u00bbno\u00bb type=\u00bbfull_width\u00bb angled_section=\u00bbno\u00bb text_align=\u00bbleft\u00bb background_image_as_pattern=\u00bbwithout_pattern\u00bb el_class=\u00bbsection-split-bottom\u00bb z_index=\u00bb\u00bb][vc_column css=\u00bb.vc_custom_1506117902509{margin-top: -25px !important;}\u00bb][vc_column_text]<\/p>\n<h2>Condiciones de uso tarjeta regalo f\u00edsica<\/h2>\n<p>La Tarjeta Regalo F\u00edsica es v\u00e1lida en cualquier tienda VIA MODA del Principado de Andorra para adquirir cualquiera de los art\u00edculos a la venta. Puede adquirirla en todos los centros de VIA MODA mediante cualquiera de las formas de pago admitidas por la empresa.<br \/>\nSu valor de compra, no reembolsable, es equivalente al importe en euros que figura en el anverso.<\/p>\n<p>La tarjeta es propiedad de VIA MODA. Es v\u00e1lida por un per\u00edodo de 2 a\u00f1os a contar desde la fecha de adquisici\u00f3n o hasta agotar el importe que figura en el anverso en el transcurso de dicho per\u00edodo. Una vez ha perdido la validez, la tarjeta ya no podr\u00e1 ser utilizada para la compra de ning\u00fan art\u00edculo ni para reclamar el saldo no utilizado.<\/p>\n<p>Durante los 2 a\u00f1os de vigencia podr\u00e1 utilizar tantas veces como quiera mientras quede saldo positivo. El saldo disponible en la tarjeta es la diferencia entre el saldo anterior en el momento de realizar la compra y el importe correspondiente a la compra. Podr\u00e1 consultar el saldo remanente en la tarjeta siempre que quiera, dirigi\u00e9ndose al servicio de Atenci\u00f3n al Cliente de VIA MODA. Si el saldo disponible no es suficiente para satisfacer el importe de una compra, puede completar el pago a trav\u00e9s de los sistemas habituales admitidos por la empresa.<\/p>\n<p>La tarjeta es un documento al portador, a quien corresponde en todos los casos la responsabilidad de su uso. VIA MODA no se hace responsable de su sustituci\u00f3n ni reembolso en caso de uso no autorizado, robo, p\u00e9rdida, destrucci\u00f3n o deterioro, ni en ning\u00fan otro supuesto.<\/p>\n<p>Solo se aceptar\u00e1n devoluciones de art\u00edculos comprados con la Tarjeta Regalo VIA MODA presentando el ticket de compra. El reembolso del importe se efectuar\u00e1 mediante el abono directo al saldo de la Tarjeta Regalo VIA MODA o bien mediante un vale de caja al portador.<\/p>\n<p>Cualquier conflicto que pueda surgir en relaci\u00f3n a las tarjetas quedar\u00e1 sometido a los Tribunales y en la legislaci\u00f3n del Principado de Andorra.<\/p>\n<p>Su utilizaci\u00f3n implica la aceptaci\u00f3n, tanto de las condiciones que figuran al dorso de la tarjeta, como de todas las que figuran en este documento de condiciones generales de utilizaci\u00f3n.[\/vc_column_text][\/vc_column][\/vc_row]<\/p>\n<\/div>","protected":false},"excerpt":{"rendered":"<p>[vc_row css_animation=\u00bb\u00bb row_type=\u00bbrow\u00bb use_row_as_full_screen_section=\u00bbno\u00bb type=\u00bbfull_width\u00bb angled_section=\u00bbno\u00bb text_align=\u00bbleft\u00bb background_image_as_pattern=\u00bbwithout_pattern\u00bb el_class=\u00bbsection-split-bottom\u00bb z_index=\u00bb\u00bb][vc_column][vc_column_text] CONDICIONES DE USO TARJETAS REGALO DIGITAL Y F\u00cdSICA [\/vc_column_text][vc_separator type=\u00bbsmall\u00bb position=\u00bbleft\u00bb color=\u00bb#000000&#8243; thickness=\u00bb3&#8243; width=\u00bb50&#8243; up=\u00bb8&#8243; down=\u00bb16&#8243;][\/vc_column][\/vc_row][vc_row css_animation=\u00bb\u00bb row_type=\u00bbrow\u00bb use_row_as_full_screen_section=\u00bbno\u00bb type=\u00bbfull_width\u00bb angled_section=\u00bbno\u00bb text_align=\u00bbleft\u00bb background_image_as_pattern=\u00bbwithout_pattern\u00bb el_class=\u00bbsection-split-bottom\u00bb z_index=\u00bb\u00bb][vc_column css=\u00bb.vc_custom_1506117902509{margin-top: -25px !important;}\u00bb][vc_column_text] Condiciones de uso tarjeta regalo digital La&#8230;<\/p>\n","protected":false},"author":2,"featured_media":0,"parent":0,"menu_order":0,"comment_status":"closed","ping_status":"closed","template":"","meta":{"footnotes":""},"class_list":["post-789","page","type-page","status-publish","hentry"],"yoast_head":"<!-- This site is optimized with the Yoast SEO plugin v27.3 - https:\/\/yoast.com\/product\/yoast-seo-wordpress\/ -->\n<title>Condiciones de uso tarjetas regalo digital y f\u00edsica - Via Moda Shop<\/title>\n<meta name=\"robots\" content=\"index, follow, max-snippet:-1, max-image-preview:large, max-video-preview:-1\" \/>\n<link rel=\"canonical\" href=\"https:\/\/www.viamodashop.com\/es\/condiciones-de-uso-tarjetas-regalo-digital-y-fisica\/\" \/>\n<meta property=\"og:locale\" content=\"es_ES\" \/>\n<meta property=\"og:type\" content=\"article\" \/>\n<meta property=\"og:title\" content=\"Condiciones de uso tarjetas regalo digital y f\u00edsica - Via Moda Shop\" \/>\n<meta property=\"og:description\" content=\"[vc_row css_animation=\u00bb\u00bb row_type=\u00bbrow\u00bb use_row_as_full_screen_section=\u00bbno\u00bb type=\u00bbfull_width\u00bb angled_section=\u00bbno\u00bb text_align=\u00bbleft\u00bb background_image_as_pattern=\u00bbwithout_pattern\u00bb el_class=\u00bbsection-split-bottom\u00bb z_index=\u00bb\u00bb][vc_column][vc_column_text] CONDICIONES DE USO TARJETAS REGALO DIGITAL Y F\u00cdSICA [\/vc_column_text][vc_separator type=\u00bbsmall\u00bb position=\u00bbleft\u00bb color=\u00bb#000000&#8243; thickness=\u00bb3&#8243; width=\u00bb50&#8243; up=\u00bb8&#8243; down=\u00bb16&#8243;][\/vc_column][\/vc_row][vc_row css_animation=\u00bb\u00bb row_type=\u00bbrow\u00bb use_row_as_full_screen_section=\u00bbno\u00bb type=\u00bbfull_width\u00bb angled_section=\u00bbno\u00bb text_align=\u00bbleft\u00bb background_image_as_pattern=\u00bbwithout_pattern\u00bb el_class=\u00bbsection-split-bottom\u00bb z_index=\u00bb\u00bb][vc_column css=\u00bb.vc_custom_1506117902509{margin-top: -25px !important;}\u00bb][vc_column_text] Condiciones de uso tarjeta regalo digital La...\" \/>\n<meta property=\"og:url\" content=\"https:\/\/www.viamodashop.com\/es\/condiciones-de-uso-tarjetas-regalo-digital-y-fisica\/\" \/>\n<meta property=\"og:site_name\" content=\"Via Moda Shop\" \/>\n<meta property=\"article:publisher\" content=\"https:\/\/www.facebook.com\/viamodaandorra\" \/>\n<meta property=\"article:modified_time\" content=\"2020-12-23T08:46:34+00:00\" \/>\n<meta name=\"twitter:card\" content=\"summary_large_image\" \/>\n<meta name=\"twitter:site\" content=\"@viamoda_andorra\" \/>\n<script type=\"application\/ld+json\" class=\"yoast-schema-graph\">{\"@context\":\"https:\\\/\\\/schema.org\",\"@graph\":[{\"@type\":\"WebPage\",\"@id\":\"https:\\\/\\\/www.viamodashop.com\\\/es\\\/condiciones-de-uso-tarjetas-regalo-digital-y-fisica\\\/\",\"url\":\"https:\\\/\\\/www.viamodashop.com\\\/es\\\/condiciones-de-uso-tarjetas-regalo-digital-y-fisica\\\/\",\"name\":\"Condiciones de uso tarjetas regalo digital y f\u00edsica - Via Moda Shop\",\"isPartOf\":{\"@id\":\"https:\\\/\\\/www.viamodashop.com\\\/es\\\/#website\"},\"datePublished\":\"2020-05-19T15:55:26+00:00\",\"dateModified\":\"2020-12-23T08:46:34+00:00\",\"breadcrumb\":{\"@id\":\"https:\\\/\\\/www.viamodashop.com\\\/es\\\/condiciones-de-uso-tarjetas-regalo-digital-y-fisica\\\/#breadcrumb\"},\"inLanguage\":\"es\",\"potentialAction\":[{\"@type\":\"ReadAction\",\"target\":[\"https:\\\/\\\/www.viamodashop.com\\\/es\\\/condiciones-de-uso-tarjetas-regalo-digital-y-fisica\\\/\"]}]},{\"@type\":\"BreadcrumbList\",\"@id\":\"https:\\\/\\\/www.viamodashop.com\\\/es\\\/condiciones-de-uso-tarjetas-regalo-digital-y-fisica\\\/#breadcrumb\",\"itemListElement\":[{\"@type\":\"ListItem\",\"position\":1,\"name\":\"Home\",\"item\":\"https:\\\/\\\/www.viamodashop.com\\\/es\\\/\"},{\"@type\":\"ListItem\",\"position\":2,\"name\":\"Condiciones de uso tarjetas regalo digital y f\u00edsica\"}]},{\"@type\":\"WebSite\",\"@id\":\"https:\\\/\\\/www.viamodashop.com\\\/es\\\/#website\",\"url\":\"https:\\\/\\\/www.viamodashop.com\\\/es\\\/\",\"name\":\"Via Moda Shop\",\"description\":\"La tienda online de Via Moda Andorra\",\"publisher\":{\"@id\":\"https:\\\/\\\/www.viamodashop.com\\\/es\\\/#organization\"},\"potentialAction\":[{\"@type\":\"SearchAction\",\"target\":{\"@type\":\"EntryPoint\",\"urlTemplate\":\"https:\\\/\\\/www.viamodashop.com\\\/es\\\/?s={search_term_string}\"},\"query-input\":{\"@type\":\"PropertyValueSpecification\",\"valueRequired\":true,\"valueName\":\"search_term_string\"}}],\"inLanguage\":\"es\"},{\"@type\":\"Organization\",\"@id\":\"https:\\\/\\\/www.viamodashop.com\\\/es\\\/#organization\",\"name\":\"Via Moda Shop\",\"url\":\"https:\\\/\\\/www.viamodashop.com\\\/es\\\/\",\"logo\":{\"@type\":\"ImageObject\",\"inLanguage\":\"es\",\"@id\":\"https:\\\/\\\/www.viamodashop.com\\\/es\\\/#\\\/schema\\\/logo\\\/image\\\/\",\"url\":\"https:\\\/\\\/www.viamodashop.com\\\/wp-content\\\/uploads\\\/2020\\\/05\\\/viamoda-logo.svg\",\"contentUrl\":\"https:\\\/\\\/www.viamodashop.com\\\/wp-content\\\/uploads\\\/2020\\\/05\\\/viamoda-logo.svg\",\"width\":165,\"height\":92,\"caption\":\"Via Moda Shop\"},\"image\":{\"@id\":\"https:\\\/\\\/www.viamodashop.com\\\/es\\\/#\\\/schema\\\/logo\\\/image\\\/\"},\"sameAs\":[\"https:\\\/\\\/www.facebook.com\\\/viamodaandorra\",\"https:\\\/\\\/x.com\\\/viamoda_andorra\",\"https:\\\/\\\/www.instagram.com\\\/via_moda\\\/\",\"https:\\\/\\\/www.youtube.com\\\/channel\\\/UCToWT3KAMCbBw8ZsTrTQZ_A\",\"https:\\\/\\\/www.pinterest.com\\\/via_moda\\\/\",\"https:\\\/\\\/www.linkedin.com\\\/company\\\/viamoda\\\/\"]}]}<\/script>\n<!-- \/ Yoast SEO plugin. -->","yoast_head_json":{"title":"Condiciones de uso tarjetas regalo digital y f\u00edsica - Via Moda Shop","robots":{"index":"index","follow":"follow","max-snippet":"max-snippet:-1","max-image-preview":"max-image-preview:large","max-video-preview":"max-video-preview:-1"},"canonical":"https:\/\/www.viamodashop.com\/es\/condiciones-de-uso-tarjetas-regalo-digital-y-fisica\/","og_locale":"es_ES","og_type":"article","og_title":"Condiciones de uso tarjetas regalo digital y f\u00edsica - Via Moda Shop","og_description":"[vc_row css_animation=\u00bb\u00bb row_type=\u00bbrow\u00bb use_row_as_full_screen_section=\u00bbno\u00bb type=\u00bbfull_width\u00bb angled_section=\u00bbno\u00bb text_align=\u00bbleft\u00bb background_image_as_pattern=\u00bbwithout_pattern\u00bb el_class=\u00bbsection-split-bottom\u00bb z_index=\u00bb\u00bb][vc_column][vc_column_text] CONDICIONES DE USO TARJETAS REGALO DIGITAL Y F\u00cdSICA [\/vc_column_text][vc_separator type=\u00bbsmall\u00bb position=\u00bbleft\u00bb color=\u00bb#000000&#8243; thickness=\u00bb3&#8243; width=\u00bb50&#8243; up=\u00bb8&#8243; down=\u00bb16&#8243;][\/vc_column][\/vc_row][vc_row css_animation=\u00bb\u00bb row_type=\u00bbrow\u00bb use_row_as_full_screen_section=\u00bbno\u00bb type=\u00bbfull_width\u00bb angled_section=\u00bbno\u00bb text_align=\u00bbleft\u00bb background_image_as_pattern=\u00bbwithout_pattern\u00bb el_class=\u00bbsection-split-bottom\u00bb z_index=\u00bb\u00bb][vc_column css=\u00bb.vc_custom_1506117902509{margin-top: -25px !important;}\u00bb][vc_column_text] Condiciones de uso tarjeta regalo digital La...","og_url":"https:\/\/www.viamodashop.com\/es\/condiciones-de-uso-tarjetas-regalo-digital-y-fisica\/","og_site_name":"Via Moda Shop","article_publisher":"https:\/\/www.facebook.com\/viamodaandorra","article_modified_time":"2020-12-23T08:46:34+00:00","twitter_card":"summary_large_image","twitter_site":"@viamoda_andorra","schema":{"@context":"https:\/\/schema.org","@graph":[{"@type":"WebPage","@id":"https:\/\/www.viamodashop.com\/es\/condiciones-de-uso-tarjetas-regalo-digital-y-fisica\/","url":"https:\/\/www.viamodashop.com\/es\/condiciones-de-uso-tarjetas-regalo-digital-y-fisica\/","name":"Condiciones de uso tarjetas regalo digital y f\u00edsica - Via Moda Shop","isPartOf":{"@id":"https:\/\/www.viamodashop.com\/es\/#website"},"datePublished":"2020-05-19T15:55:26+00:00","dateModified":"2020-12-23T08:46:34+00:00","breadcrumb":{"@id":"https:\/\/www.viamodashop.com\/es\/condiciones-de-uso-tarjetas-regalo-digital-y-fisica\/#breadcrumb"},"inLanguage":"es","potentialAction":[{"@type":"ReadAction","target":["https:\/\/www.viamodashop.com\/es\/condiciones-de-uso-tarjetas-regalo-digital-y-fisica\/"]}]},{"@type":"BreadcrumbList","@id":"https:\/\/www.viamodashop.com\/es\/condiciones-de-uso-tarjetas-regalo-digital-y-fisica\/#breadcrumb","itemListElement":[{"@type":"ListItem","position":1,"name":"Home","item":"https:\/\/www.viamodashop.com\/es\/"},{"@type":"ListItem","position":2,"name":"Condiciones de uso tarjetas regalo digital y f\u00edsica"}]},{"@type":"WebSite","@id":"https:\/\/www.viamodashop.com\/es\/#website","url":"https:\/\/www.viamodashop.com\/es\/","name":"Via Moda Shop","description":"La tienda online de Via Moda Andorra","publisher":{"@id":"https:\/\/www.viamodashop.com\/es\/#organization"},"potentialAction":[{"@type":"SearchAction","target":{"@type":"EntryPoint","urlTemplate":"https:\/\/www.viamodashop.com\/es\/?s={search_term_string}"},"query-input":{"@type":"PropertyValueSpecification","valueRequired":true,"valueName":"search_term_string"}}],"inLanguage":"es"},{"@type":"Organization","@id":"https:\/\/www.viamodashop.com\/es\/#organization","name":"Via Moda Shop","url":"https:\/\/www.viamodashop.com\/es\/","logo":{"@type":"ImageObject","inLanguage":"es","@id":"https:\/\/www.viamodashop.com\/es\/#\/schema\/logo\/image\/","url":"https:\/\/www.viamodashop.com\/wp-content\/uploads\/2020\/05\/viamoda-logo.svg","contentUrl":"https:\/\/www.viamodashop.com\/wp-content\/uploads\/2020\/05\/viamoda-logo.svg","width":165,"height":92,"caption":"Via Moda Shop"},"image":{"@id":"https:\/\/www.viamodashop.com\/es\/#\/schema\/logo\/image\/"},"sameAs":["https:\/\/www.facebook.com\/viamodaandorra","https:\/\/x.com\/viamoda_andorra","https:\/\/www.instagram.com\/via_moda\/","https:\/\/www.youtube.com\/channel\/UCToWT3KAMCbBw8ZsTrTQZ_A","https:\/\/www.pinterest.com\/via_moda\/","https:\/\/www.linkedin.com\/company\/viamoda\/"]}]}},"_links":{"self":[{"href":"https:\/\/www.viamodashop.com\/es\/wp-json\/wp\/v2\/pages\/789","targetHints":{"allow":["GET"]}}],"collection":[{"href":"https:\/\/www.viamodashop.com\/es\/wp-json\/wp\/v2\/pages"}],"about":[{"href":"https:\/\/www.viamodashop.com\/es\/wp-json\/wp\/v2\/types\/page"}],"author":[{"embeddable":true,"href":"https:\/\/www.viamodashop.com\/es\/wp-json\/wp\/v2\/users\/2"}],"replies":[{"embeddable":true,"href":"https:\/\/www.viamodashop.com\/es\/wp-json\/wp\/v2\/comments?post=789"}],"version-history":[{"count":13,"href":"https:\/\/www.viamodashop.com\/es\/wp-json\/wp\/v2\/pages\/789\/revisions"}],"predecessor-version":[{"id":1779,"href":"https:\/\/www.viamodashop.com\/es\/wp-json\/wp\/v2\/pages\/789\/revisions\/1779"}],"wp:attachment":[{"href":"https:\/\/www.viamodashop.com\/es\/wp-json\/wp\/v2\/media?parent=789"}],"curies":[{"name":"wp","href":"https:\/\/api.w.org\/{rel}","templated":true}]}}