{"id":2491,"date":"2024-03-12T10:17:25","date_gmt":"2024-03-12T08:17:25","guid":{"rendered":"https:\/\/www.viamodashop.com\/legal-notice\/"},"modified":"2024-03-12T10:41:31","modified_gmt":"2024-03-12T08:41:31","slug":"avis-legal","status":"publish","type":"page","link":"https:\/\/www.viamodashop.com\/fr\/avis-legal\/","title":{"rendered":"Avis l\u00e9gal"},"content":{"rendered":"<div class=\"wpb-content-wrapper\"><p>[vc_row css_animation=\u00a0\u00bb\u00a0\u00bb row_type=\u00a0\u00bbrow\u00a0\u00bb use_row_as_full_screen_section=\u00a0\u00bbno\u00a0\u00bb type=\u00a0\u00bbfull_width\u00a0\u00bb angled_section=\u00a0\u00bbno\u00a0\u00bb text_align=\u00a0\u00bbleft\u00a0\u00bb background_image_as_pattern=\u00a0\u00bbwithout_pattern\u00a0\u00bb el_class=\u00a0\u00bbsplit-bottom\u00a0\u00bb z_index=\u00a0\u00bb\u00a0\u00bb][vc_column][vc_column_text]<\/p>\n<h1>AVIS L\u00c9GAL<\/h1>\n<p>[\/vc_column_text][vc_separator type=\u00a0\u00bbsmall\u00a0\u00bb position=\u00a0\u00bbleft\u00a0\u00bb color=\u00a0\u00bb#000000&Prime; thickness=\u00a0\u00bb3&Prime; width=\u00a0\u00bb50&Prime; up=\u00a0\u00bb8&Prime; down=\u00a0\u00bb16&Prime;][\/vc_column][\/vc_row][vc_row css_animation=\u00a0\u00bb\u00a0\u00bb row_type=\u00a0\u00bbrow\u00a0\u00bb use_row_as_full_screen_section=\u00a0\u00bbno\u00a0\u00bb type=\u00a0\u00bbfull_width\u00a0\u00bb angled_section=\u00a0\u00bbno\u00a0\u00bb text_align=\u00a0\u00bbleft\u00a0\u00bb background_image_as_pattern=\u00a0\u00bbwithout_pattern\u00a0\u00bb el_class=\u00a0\u00bbsection-split-bottom legal-notice\u00a0\u00bb z_index=\u00a0\u00bb\u00a0\u00bb][vc_column css=\u00a0\u00bb.vc_custom_1506117902509{margin-top: -25px !important;}\u00a0\u00bb][vc_column_text]Vous avez acc\u00e9d\u00e9 au site web de VIA MODA, domicili\u00e9e \u00e0 C\/ de l\u2019Aig\u00fceta 2-4, 4\u00e8me \u00e9tage, AD500 Andorre la Vieille (Principaut\u00e9 d&rsquo;Andorre), avec adresse \u00e9lectronique <a href=\"mailto:aclient@viamoda.ad\">aclient@viamoda.ad<\/a> , t\u00e9l\u00e9phone de contact (+376) 879222, et num\u00e9ro d&rsquo;identification fiscale NRT : L-705430-D<\/p>\n<p>Les domaines Internet <a href=\"http:\/\/www.viamoda.ad\">www.viamoda.ad<\/a> et <a href=\"http:\/\/www.viamodashop.com\">www.viamodashop.com<\/a> sont la propri\u00e9t\u00e9 de VIA MODA. Le but de ces sites est d&rsquo;informer sur VIA MODA et, en particulier, sur ses services.<\/p>\n<h2>Droits et positions juridiques concernant ce site web<\/h2>\n<h3>Droits et positions juridiques sur les contenus de ce site web<\/h3>\n<h4>D\u00e9finition du terme \u00ab contenus \u00bb<\/h4>\n<p>Le terme \u00ab contenus \u00bb fait r\u00e9f\u00e9rence \u00e0 tous les contenus qui composent ce site web, comprenant, \u00e0 titre purement \u00e9nonciatif et non limitatif, le code source, la conception et la structure de navigation du site web, ainsi que les signes distinctifs, les photographies et les textes qui y sont affich\u00e9s.<\/p>\n<p>Les contenus de ce site web int\u00e9gr\u00e9s par VIA MODA sont soumis \u00e0 des droits de propri\u00e9t\u00e9 intellectuelle, de propri\u00e9t\u00e9 industrielle, d&rsquo;image et\/ou des droits ou positions juridiques de contenu \u00e9conomique analogues appartenant \u00e0 VIA MODA ou \u00e0 des tiers qui lui ont c\u00e9d\u00e9 les licences ou autorisations pertinentes. Par cons\u00e9quent, l&rsquo;acc\u00e8s \u00e0 ce site web n&rsquo;accorde aux utilisateurs aucun titre ni droit d&rsquo;utilisation sur les contenus susmentionn\u00e9s (notamment, leur reproduction, distribution, communication au public, mise \u00e0 disposition du public ou transformation), sauf autorisation expresse de VIA MODA ou des tiers titulaires des droits et\/ou positions juridiques concern\u00e9s, soit en l&rsquo;indiquant sur ce site web, soit par le biais de licences ou autorisations \u00e9crites \u00e0 cet effet.<\/p>\n<p>Par cons\u00e9quent, VIA MODA se r\u00e9serve le droit d&rsquo;utiliser des marques d&rsquo;eau, des dispositifs technologiques ou d&rsquo;autres moyens de s\u00e9curit\u00e9 permettant le suivi en ligne des utilisations non autoris\u00e9es de ces contenus. Et, dans tous les cas, VIA MODA se r\u00e9serve le droit d&rsquo;engager des actions en justice contre les utilisateurs qui enfreignent les droits de propri\u00e9t\u00e9 intellectuelle, les droits de propri\u00e9t\u00e9 industrielle, les droits d&rsquo;image et\/ou les droits ou positions juridiques de contenu \u00e9conomique susmentionn\u00e9s.<\/p>\n<p>Droit d&rsquo;exclusion<\/p>\n<p>VIA MODA se r\u00e9serve le droit de refuser ou de suspendre, sans pr\u00e9avis et de mani\u00e8re discr\u00e9tionnaire, \u00e0 tout moment et de mani\u00e8re d\u00e9finitive ou temporaire, l&rsquo;acc\u00e8s \u00e0 ce site web aux utilisateurs qui enfreignent ses conditions g\u00e9n\u00e9rales.<\/p>\n<p>Autorisation de liens<\/p>\n<p>Tout lien de tiers vers ce site web sera dirig\u00e9 vers sa page d&rsquo;accueil, les liens profonds, le framing et toute autre utilisation des contenus de ce site web par des tiers non express\u00e9ment autoris\u00e9s par VIA MODA \u00e9tant express\u00e9ment interdits.<\/p>\n<p>De plus, VIA MODA interdit la cr\u00e9ation de liens vers ce site web \u00e0 partir de sites web contenant des contenus contraires \u00e0 la loi, \u00e0 la bonne foi, aux bonnes m\u0153urs, \u00e0 la morale ou \u00e0 l&rsquo;ordre public.<\/p>\n<h2>Autres responsabilit\u00e9s li\u00e9es \u00e0 ce site web<\/h2>\n<h3>Responsabilit\u00e9s des utilisateurs<\/h3>\n<h4>Donn\u00e9es de tiers<\/h4>\n<p>Vous ne pouvez pas nous fournir les donn\u00e9es personnelles d&rsquo;autres personnes sauf si cela est justifi\u00e9 par les services que vous nous demandez. Dans tous les cas, si vous nous fournissez les donn\u00e9es personnelles de tiers, vous assumez la responsabilit\u00e9 de les informer pr\u00e9alablement avant de nous fournir leurs donn\u00e9es personnelles. Les informations que vous devez fournir aux tiers dont vous nous fournissez les donn\u00e9es doivent inclure toutes les dispositions pr\u00e9vues dans notre politique de confidentialit\u00e9, et c&rsquo;est \u00e0 vous qu&rsquo;il incombe de garantir la lic\u00e9it\u00e9 de ces donn\u00e9es personnelles et de transmettre \u00e0 leurs titulaires les droits qu&rsquo;ils ont sur leurs donn\u00e9es personnelles, d\u00e9chargeant VIA MODA de toute responsabilit\u00e9 \u00e0 cet \u00e9gard.<\/p>\n<h4>Donn\u00e9es de personnes de moins de 16 ans<\/h4>\n<p>Si vous nous fournissez vos donn\u00e9es personnelles via ce site web, vous le faites sous r\u00e9serve d&rsquo;\u00eatre majeur de 16 ans. Dans le cas o\u00f9 VIA MODA v\u00e9rifie que, contrairement \u00e0 la norme susmentionn\u00e9e, les donn\u00e9es personnelles ont \u00e9t\u00e9 fournies par un mineur de moins de 16 ans, elles seront imm\u00e9diatement supprim\u00e9es.<\/p>\n<p>Dans les cas o\u00f9 vous devez nous fournir des donn\u00e9es personnelles d&rsquo;un mineur de moins de 16 ans ou d&rsquo;une personne dont les droits sont limit\u00e9s, en le faisant, vous vous engagez \u00e0 obtenir l&rsquo;autorisation des titulaires de leur autorit\u00e9 parentale ou de leur tutelle et VIA MODA se r\u00e9serve le droit de v\u00e9rifier cette autorisation. Sans cette autorisation, il est interdit de nous fournir des donn\u00e9es personnelles de mineurs de moins de 16 ans.<\/p>\n<h4>Exactitude des donn\u00e9es que vous nous fournissez<\/h4>\n<p>En nous fournissant vos donn\u00e9es ou celles de tiers, vous garantissez qu&rsquo;elles sont exactes et compl\u00e8tes. De m\u00eame, vous confirmez que vous \u00eates responsable de l&rsquo;exactitude des donn\u00e9es personnelles que vous nous avez communiqu\u00e9es et que vous les maintiendrez correctement mises \u00e0 jour afin qu&rsquo;elles correspondent \u00e0 votre situation r\u00e9elle, vous engageant \u00e0 indemniser les donn\u00e9es personnelles fausses ou inexactes que vous pourriez nous fournir, ainsi que des dommages et int\u00e9r\u00eats, directs ou indirects, qui pourraient d\u00e9couler de leur inexactitude.<\/p>\n<h3>Responsabilit\u00e9s de VIA MODA<\/h3>\n<p>VIA MODA n&rsquo;est pas responsable des dommages et pr\u00e9judices ni des autres cons\u00e9quences d\u00e9coulant de :<\/p>\n<ul>\n<li>Le non-respect par les utilisateurs des conditions g\u00e9n\u00e9rales mentionn\u00e9es dans cet avis juridique ou de celles qui leur ont \u00e9t\u00e9 communiqu\u00e9es par d&rsquo;autres documents.<\/li>\n<li>L&rsquo;indisponibilit\u00e9 de ce site web ou de ses contenus pour des raisons techniques, de s\u00e9curit\u00e9, de contr\u00f4le, de mises \u00e0 jour ou de maintenance, ou en raison d&rsquo;erreurs dues au serveur ou \u00e0 des tiers interm\u00e9diaires ou fournisseurs.<\/li>\n<li>Logiciels, virus ou autres \u00e9l\u00e9ments hors de notre port\u00e9e et contr\u00f4le.<\/li>\n<\/ul>\n<p>VIA MODA n&rsquo;exerce aucun contr\u00f4le sur les services, contenus et\/ou autres \u00e9l\u00e9ments auxquels les utilisateurs de ce site web peuvent acc\u00e9der par le biais des dispositifs techniques de liens, r\u00e9pertoires ou autres moyens inclus dans ce site web, qu&rsquo;ils aient \u00e9t\u00e9 incorpor\u00e9s par VIA MODA ou par les utilisateurs de ce site web. Par cons\u00e9quent, VIA MODA n&rsquo;est pas responsable de la disponibilit\u00e9 technique, de la qualit\u00e9 ou de l&rsquo;exactitude, entre autres, des services, contenus et\/ou autres \u00e9l\u00e9ments auxquels ils ont acc\u00e9d\u00e9, ni des dommages et pr\u00e9judices ni des autres cons\u00e9quences qui surviennent apr\u00e8s leur utilisation.<\/p>\n<h2>Acceptation des termes et conditions d&rsquo;utilisation de ce site web<\/h2>\n<p>L&rsquo;acc\u00e8s \u00e0 ce site web implique l&rsquo;acceptation totale par ses utilisateurs des termes et conditions d&rsquo;utilisation \u00e9tablis dans cet avis juridique, ainsi que des informations que nous leur fournissons concernant le traitement de leurs donn\u00e9es personnelles dans la politique de confidentialit\u00e9 (ci-apr\u00e8s, d\u00e9sign\u00e9s collectivement par \u00ab\u00a0les Termes et Conditions\u00a0\u00bb). De plus, les utilisateurs s&rsquo;engagent \u00e0 faire un usage diligent du site web en conformit\u00e9 avec la l\u00e9gislation en vigueur, la bonne foi et les bonnes m\u0153urs, sans enfreindre la morale ni l&rsquo;ordre public.<\/p>\n<p>Le fait que ce site web fasse r\u00e9f\u00e9rence \u00e0 des produits, services, marques et\/ou noms de tiers ne constitue pas un parrainage ou une recommandation de ceux-ci par VIA MODA.<\/p>\n<h2>Modification des Termes et Conditions d&rsquo;utilisation de ce site web<\/h2>\n<p>VIA MODA se r\u00e9serve le droit d&rsquo;effectuer, sans pr\u00e9avis, \u00e0 tout moment et avec effet imm\u00e9diat, les modifications et mises \u00e0 jour p\u00e9riodiques qu&rsquo;elle juge opportunes dans les Termes et Conditions. Par cons\u00e9quent, VIA MODA recommande aux utilisateurs de ce site web de v\u00e9rifier p\u00e9riodiquement les Termes et Conditions.<\/p>\n<h2>L\u00e9gislation applicable et juridiction<\/h2>\n<p>Les Termes et Conditions sont r\u00e9gis par la l\u00e9gislation andorrane. Les utilisateurs de ce site web se soumettent \u00e0 la juridiction andorrane, renon\u00e7ant express\u00e9ment \u00e0 tout autre for qui, selon le droit, pourrait leur correspondre.[\/vc_column_text][\/vc_column][\/vc_row]<\/p>\n<\/div>","protected":false},"excerpt":{"rendered":"<p>[vc_row css_animation=\u00a0\u00bb\u00a0\u00bb row_type=\u00a0\u00bbrow\u00a0\u00bb use_row_as_full_screen_section=\u00a0\u00bbno\u00a0\u00bb type=\u00a0\u00bbfull_width\u00a0\u00bb angled_section=\u00a0\u00bbno\u00a0\u00bb text_align=\u00a0\u00bbleft\u00a0\u00bb background_image_as_pattern=\u00a0\u00bbwithout_pattern\u00a0\u00bb el_class=\u00a0\u00bbsplit-bottom\u00a0\u00bb z_index=\u00a0\u00bb\u00a0\u00bb][vc_column][vc_column_text] AVIS L\u00c9GAL [\/vc_column_text][vc_separator type=\u00a0\u00bbsmall\u00a0\u00bb position=\u00a0\u00bbleft\u00a0\u00bb color=\u00a0\u00bb#000000&Prime; thickness=\u00a0\u00bb3&Prime; width=\u00a0\u00bb50&Prime; up=\u00a0\u00bb8&Prime; down=\u00a0\u00bb16&Prime;][\/vc_column][\/vc_row][vc_row css_animation=\u00a0\u00bb\u00a0\u00bb row_type=\u00a0\u00bbrow\u00a0\u00bb use_row_as_full_screen_section=\u00a0\u00bbno\u00a0\u00bb type=\u00a0\u00bbfull_width\u00a0\u00bb angled_section=\u00a0\u00bbno\u00a0\u00bb text_align=\u00a0\u00bbleft\u00a0\u00bb background_image_as_pattern=\u00a0\u00bbwithout_pattern\u00a0\u00bb el_class=\u00a0\u00bbsection-split-bottom legal-notice\u00a0\u00bb z_index=\u00a0\u00bb\u00a0\u00bb][vc_column css=\u00a0\u00bb.vc_custom_1506117902509{margin-top: -25px !important;}\u00a0\u00bb][vc_column_text]Vous avez acc\u00e9d\u00e9 au site web de VIA MODA, domicili\u00e9e \u00e0 C\/ de&#8230;<\/p>\n","protected":false},"author":2,"featured_media":0,"parent":0,"menu_order":0,"comment_status":"closed","ping_status":"closed","template":"","meta":{"footnotes":""},"class_list":["post-2491","page","type-page","status-publish","hentry"],"yoast_head":"<!-- This site is optimized with the Yoast SEO plugin v27.3 - https:\/\/yoast.com\/product\/yoast-seo-wordpress\/ -->\n<title>Avis l\u00e9gal - Via Moda Shop<\/title>\n<meta name=\"robots\" content=\"index, follow, max-snippet:-1, max-image-preview:large, max-video-preview:-1\" \/>\n<link rel=\"canonical\" href=\"https:\/\/www.viamodashop.com\/fr\/avis-legal\/\" \/>\n<meta property=\"og:locale\" content=\"fr_FR\" \/>\n<meta property=\"og:type\" content=\"article\" \/>\n<meta property=\"og:title\" content=\"Avis l\u00e9gal - Via Moda Shop\" \/>\n<meta property=\"og:description\" content=\"[vc_row css_animation=\u00a0\u00bb\u00a0\u00bb row_type=\u00a0\u00bbrow\u00a0\u00bb use_row_as_full_screen_section=\u00a0\u00bbno\u00a0\u00bb type=\u00a0\u00bbfull_width\u00a0\u00bb angled_section=\u00a0\u00bbno\u00a0\u00bb text_align=\u00a0\u00bbleft\u00a0\u00bb background_image_as_pattern=\u00a0\u00bbwithout_pattern\u00a0\u00bb el_class=\u00a0\u00bbsplit-bottom\u00a0\u00bb z_index=\u00a0\u00bb\u00a0\u00bb][vc_column][vc_column_text] AVIS L\u00c9GAL [\/vc_column_text][vc_separator type=\u00a0\u00bbsmall\u00a0\u00bb position=\u00a0\u00bbleft\u00a0\u00bb color=\u00a0\u00bb#000000&Prime; thickness=\u00a0\u00bb3&Prime; width=\u00a0\u00bb50&Prime; up=\u00a0\u00bb8&Prime; down=\u00a0\u00bb16&Prime;][\/vc_column][\/vc_row][vc_row css_animation=\u00a0\u00bb\u00a0\u00bb row_type=\u00a0\u00bbrow\u00a0\u00bb use_row_as_full_screen_section=\u00a0\u00bbno\u00a0\u00bb type=\u00a0\u00bbfull_width\u00a0\u00bb angled_section=\u00a0\u00bbno\u00a0\u00bb text_align=\u00a0\u00bbleft\u00a0\u00bb background_image_as_pattern=\u00a0\u00bbwithout_pattern\u00a0\u00bb el_class=\u00a0\u00bbsection-split-bottom legal-notice\u00a0\u00bb z_index=\u00a0\u00bb\u00a0\u00bb][vc_column css=\u00a0\u00bb.vc_custom_1506117902509{margin-top: -25px !important;}\u00a0\u00bb][vc_column_text]Vous avez acc\u00e9d\u00e9 au site web de VIA MODA, domicili\u00e9e \u00e0 C\/ de...\" \/>\n<meta property=\"og:url\" content=\"https:\/\/www.viamodashop.com\/fr\/avis-legal\/\" \/>\n<meta property=\"og:site_name\" content=\"Via Moda Shop\" \/>\n<meta property=\"article:publisher\" content=\"https:\/\/www.facebook.com\/viamodaandorra\" \/>\n<meta property=\"article:modified_time\" content=\"2024-03-12T08:41:31+00:00\" \/>\n<meta name=\"twitter:card\" content=\"summary_large_image\" \/>\n<meta name=\"twitter:site\" content=\"@viamoda_andorra\" \/>\n<script type=\"application\/ld+json\" class=\"yoast-schema-graph\">{\"@context\":\"https:\\\/\\\/schema.org\",\"@graph\":[{\"@type\":\"WebPage\",\"@id\":\"https:\\\/\\\/www.viamodashop.com\\\/fr\\\/avis-legal\\\/\",\"url\":\"https:\\\/\\\/www.viamodashop.com\\\/fr\\\/avis-legal\\\/\",\"name\":\"Avis l\u00e9gal - Via Moda Shop\",\"isPartOf\":{\"@id\":\"https:\\\/\\\/www.viamodashop.com\\\/fr\\\/#website\"},\"datePublished\":\"2024-03-12T08:17:25+00:00\",\"dateModified\":\"2024-03-12T08:41:31+00:00\",\"breadcrumb\":{\"@id\":\"https:\\\/\\\/www.viamodashop.com\\\/fr\\\/avis-legal\\\/#breadcrumb\"},\"inLanguage\":\"fr-FR\",\"potentialAction\":[{\"@type\":\"ReadAction\",\"target\":[\"https:\\\/\\\/www.viamodashop.com\\\/fr\\\/avis-legal\\\/\"]}]},{\"@type\":\"BreadcrumbList\",\"@id\":\"https:\\\/\\\/www.viamodashop.com\\\/fr\\\/avis-legal\\\/#breadcrumb\",\"itemListElement\":[{\"@type\":\"ListItem\",\"position\":1,\"name\":\"Home\",\"item\":\"https:\\\/\\\/www.viamodashop.com\\\/fr\\\/\"},{\"@type\":\"ListItem\",\"position\":2,\"name\":\"Avis l\u00e9gal\"}]},{\"@type\":\"WebSite\",\"@id\":\"https:\\\/\\\/www.viamodashop.com\\\/fr\\\/#website\",\"url\":\"https:\\\/\\\/www.viamodashop.com\\\/fr\\\/\",\"name\":\"Via Moda Shop\",\"description\":\"La boutique en ligne de Via Moda Andorre\",\"publisher\":{\"@id\":\"https:\\\/\\\/www.viamodashop.com\\\/fr\\\/#organization\"},\"potentialAction\":[{\"@type\":\"SearchAction\",\"target\":{\"@type\":\"EntryPoint\",\"urlTemplate\":\"https:\\\/\\\/www.viamodashop.com\\\/fr\\\/?s={search_term_string}\"},\"query-input\":{\"@type\":\"PropertyValueSpecification\",\"valueRequired\":true,\"valueName\":\"search_term_string\"}}],\"inLanguage\":\"fr-FR\"},{\"@type\":\"Organization\",\"@id\":\"https:\\\/\\\/www.viamodashop.com\\\/fr\\\/#organization\",\"name\":\"Via Moda Shop\",\"url\":\"https:\\\/\\\/www.viamodashop.com\\\/fr\\\/\",\"logo\":{\"@type\":\"ImageObject\",\"inLanguage\":\"fr-FR\",\"@id\":\"https:\\\/\\\/www.viamodashop.com\\\/fr\\\/#\\\/schema\\\/logo\\\/image\\\/\",\"url\":\"https:\\\/\\\/www.viamodashop.com\\\/wp-content\\\/uploads\\\/2020\\\/05\\\/viamoda-logo.svg\",\"contentUrl\":\"https:\\\/\\\/www.viamodashop.com\\\/wp-content\\\/uploads\\\/2020\\\/05\\\/viamoda-logo.svg\",\"width\":165,\"height\":92,\"caption\":\"Via Moda Shop\"},\"image\":{\"@id\":\"https:\\\/\\\/www.viamodashop.com\\\/fr\\\/#\\\/schema\\\/logo\\\/image\\\/\"},\"sameAs\":[\"https:\\\/\\\/www.facebook.com\\\/viamodaandorra\",\"https:\\\/\\\/x.com\\\/viamoda_andorra\",\"https:\\\/\\\/www.instagram.com\\\/via_moda\\\/\",\"https:\\\/\\\/www.youtube.com\\\/channel\\\/UCToWT3KAMCbBw8ZsTrTQZ_A\",\"https:\\\/\\\/www.pinterest.com\\\/via_moda\\\/\",\"https:\\\/\\\/www.linkedin.com\\\/company\\\/viamoda\\\/\"]}]}<\/script>\n<!-- \/ Yoast SEO plugin. -->","yoast_head_json":{"title":"Avis l\u00e9gal - Via Moda Shop","robots":{"index":"index","follow":"follow","max-snippet":"max-snippet:-1","max-image-preview":"max-image-preview:large","max-video-preview":"max-video-preview:-1"},"canonical":"https:\/\/www.viamodashop.com\/fr\/avis-legal\/","og_locale":"fr_FR","og_type":"article","og_title":"Avis l\u00e9gal - Via Moda Shop","og_description":"[vc_row css_animation=\u00a0\u00bb\u00a0\u00bb row_type=\u00a0\u00bbrow\u00a0\u00bb use_row_as_full_screen_section=\u00a0\u00bbno\u00a0\u00bb type=\u00a0\u00bbfull_width\u00a0\u00bb angled_section=\u00a0\u00bbno\u00a0\u00bb text_align=\u00a0\u00bbleft\u00a0\u00bb background_image_as_pattern=\u00a0\u00bbwithout_pattern\u00a0\u00bb el_class=\u00a0\u00bbsplit-bottom\u00a0\u00bb z_index=\u00a0\u00bb\u00a0\u00bb][vc_column][vc_column_text] AVIS L\u00c9GAL [\/vc_column_text][vc_separator type=\u00a0\u00bbsmall\u00a0\u00bb position=\u00a0\u00bbleft\u00a0\u00bb color=\u00a0\u00bb#000000&Prime; thickness=\u00a0\u00bb3&Prime; width=\u00a0\u00bb50&Prime; up=\u00a0\u00bb8&Prime; down=\u00a0\u00bb16&Prime;][\/vc_column][\/vc_row][vc_row css_animation=\u00a0\u00bb\u00a0\u00bb row_type=\u00a0\u00bbrow\u00a0\u00bb use_row_as_full_screen_section=\u00a0\u00bbno\u00a0\u00bb type=\u00a0\u00bbfull_width\u00a0\u00bb angled_section=\u00a0\u00bbno\u00a0\u00bb text_align=\u00a0\u00bbleft\u00a0\u00bb background_image_as_pattern=\u00a0\u00bbwithout_pattern\u00a0\u00bb el_class=\u00a0\u00bbsection-split-bottom legal-notice\u00a0\u00bb z_index=\u00a0\u00bb\u00a0\u00bb][vc_column css=\u00a0\u00bb.vc_custom_1506117902509{margin-top: -25px !important;}\u00a0\u00bb][vc_column_text]Vous avez acc\u00e9d\u00e9 au site web de VIA MODA, domicili\u00e9e \u00e0 C\/ de...","og_url":"https:\/\/www.viamodashop.com\/fr\/avis-legal\/","og_site_name":"Via Moda Shop","article_publisher":"https:\/\/www.facebook.com\/viamodaandorra","article_modified_time":"2024-03-12T08:41:31+00:00","twitter_card":"summary_large_image","twitter_site":"@viamoda_andorra","schema":{"@context":"https:\/\/schema.org","@graph":[{"@type":"WebPage","@id":"https:\/\/www.viamodashop.com\/fr\/avis-legal\/","url":"https:\/\/www.viamodashop.com\/fr\/avis-legal\/","name":"Avis l\u00e9gal - Via Moda Shop","isPartOf":{"@id":"https:\/\/www.viamodashop.com\/fr\/#website"},"datePublished":"2024-03-12T08:17:25+00:00","dateModified":"2024-03-12T08:41:31+00:00","breadcrumb":{"@id":"https:\/\/www.viamodashop.com\/fr\/avis-legal\/#breadcrumb"},"inLanguage":"fr-FR","potentialAction":[{"@type":"ReadAction","target":["https:\/\/www.viamodashop.com\/fr\/avis-legal\/"]}]},{"@type":"BreadcrumbList","@id":"https:\/\/www.viamodashop.com\/fr\/avis-legal\/#breadcrumb","itemListElement":[{"@type":"ListItem","position":1,"name":"Home","item":"https:\/\/www.viamodashop.com\/fr\/"},{"@type":"ListItem","position":2,"name":"Avis l\u00e9gal"}]},{"@type":"WebSite","@id":"https:\/\/www.viamodashop.com\/fr\/#website","url":"https:\/\/www.viamodashop.com\/fr\/","name":"Via Moda Shop","description":"La boutique en ligne de Via Moda Andorre","publisher":{"@id":"https:\/\/www.viamodashop.com\/fr\/#organization"},"potentialAction":[{"@type":"SearchAction","target":{"@type":"EntryPoint","urlTemplate":"https:\/\/www.viamodashop.com\/fr\/?s={search_term_string}"},"query-input":{"@type":"PropertyValueSpecification","valueRequired":true,"valueName":"search_term_string"}}],"inLanguage":"fr-FR"},{"@type":"Organization","@id":"https:\/\/www.viamodashop.com\/fr\/#organization","name":"Via Moda Shop","url":"https:\/\/www.viamodashop.com\/fr\/","logo":{"@type":"ImageObject","inLanguage":"fr-FR","@id":"https:\/\/www.viamodashop.com\/fr\/#\/schema\/logo\/image\/","url":"https:\/\/www.viamodashop.com\/wp-content\/uploads\/2020\/05\/viamoda-logo.svg","contentUrl":"https:\/\/www.viamodashop.com\/wp-content\/uploads\/2020\/05\/viamoda-logo.svg","width":165,"height":92,"caption":"Via Moda Shop"},"image":{"@id":"https:\/\/www.viamodashop.com\/fr\/#\/schema\/logo\/image\/"},"sameAs":["https:\/\/www.facebook.com\/viamodaandorra","https:\/\/x.com\/viamoda_andorra","https:\/\/www.instagram.com\/via_moda\/","https:\/\/www.youtube.com\/channel\/UCToWT3KAMCbBw8ZsTrTQZ_A","https:\/\/www.pinterest.com\/via_moda\/","https:\/\/www.linkedin.com\/company\/viamoda\/"]}]}},"_links":{"self":[{"href":"https:\/\/www.viamodashop.com\/fr\/wp-json\/wp\/v2\/pages\/2491","targetHints":{"allow":["GET"]}}],"collection":[{"href":"https:\/\/www.viamodashop.com\/fr\/wp-json\/wp\/v2\/pages"}],"about":[{"href":"https:\/\/www.viamodashop.com\/fr\/wp-json\/wp\/v2\/types\/page"}],"author":[{"embeddable":true,"href":"https:\/\/www.viamodashop.com\/fr\/wp-json\/wp\/v2\/users\/2"}],"replies":[{"embeddable":true,"href":"https:\/\/www.viamodashop.com\/fr\/wp-json\/wp\/v2\/comments?post=2491"}],"version-history":[{"count":2,"href":"https:\/\/www.viamodashop.com\/fr\/wp-json\/wp\/v2\/pages\/2491\/revisions"}],"predecessor-version":[{"id":2503,"href":"https:\/\/www.viamodashop.com\/fr\/wp-json\/wp\/v2\/pages\/2491\/revisions\/2503"}],"wp:attachment":[{"href":"https:\/\/www.viamodashop.com\/fr\/wp-json\/wp\/v2\/media?parent=2491"}],"curies":[{"name":"wp","href":"https:\/\/api.w.org\/{rel}","templated":true}]}}