{"id":527,"date":"2020-05-14T20:28:45","date_gmt":"2020-05-14T18:28:45","guid":{"rendered":"https:\/\/www.viamodashop.com\/condicions-de-compra\/"},"modified":"2020-05-25T17:32:26","modified_gmt":"2020-05-25T15:32:26","slug":"conditions-de-vente","status":"publish","type":"page","link":"https:\/\/www.viamodashop.com\/fr\/conditions-de-vente\/","title":{"rendered":"Conditions de vente"},"content":{"rendered":"<div class=\"wpb-content-wrapper\"><p>[vc_row css_animation=\u00a0\u00bb\u00a0\u00bb row_type=\u00a0\u00bbrow\u00a0\u00bb use_row_as_full_screen_section=\u00a0\u00bbno\u00a0\u00bb type=\u00a0\u00bbfull_width\u00a0\u00bb angled_section=\u00a0\u00bbno\u00a0\u00bb text_align=\u00a0\u00bbleft\u00a0\u00bb background_image_as_pattern=\u00a0\u00bbwithout_pattern\u00a0\u00bb el_class=\u00a0\u00bbsection-split-bottom\u00a0\u00bb z_index=\u00a0\u00bb\u00a0\u00bb][vc_column][vc_column_text]<\/p>\n<h1>Conditions de vente<\/h1>\n<p>[\/vc_column_text][\/vc_column][\/vc_row][vc_row css_animation=\u00a0\u00bb\u00a0\u00bb row_type=\u00a0\u00bbrow\u00a0\u00bb use_row_as_full_screen_section=\u00a0\u00bbno\u00a0\u00bb type=\u00a0\u00bbfull_width\u00a0\u00bb angled_section=\u00a0\u00bbno\u00a0\u00bb text_align=\u00a0\u00bbleft\u00a0\u00bb background_image_as_pattern=\u00a0\u00bbwithout_pattern\u00a0\u00bb el_class=\u00a0\u00bbsection-split-bottom\u00a0\u00bb z_index=\u00a0\u00bb\u00a0\u00bb][vc_column css=\u00a0\u00bb.vc_custom_1506117902509{margin-top: -25px !important;}\u00a0\u00bb][vc_column_text]<\/p>\n<h2>1. ENVOIS<\/h2>\n<p>Le d\u00e9lai de livraison des commandes est de 2 jours ouvrables. Si Via Moda se voit dans l\u2019impossibilit\u00e9 de respecter le d\u00e9lai indiqu\u00e9, la soci\u00e9t\u00e9 contactera le client pour le tenir inform\u00e9 du nouveau d\u00e9lai de livraison ou pour proc\u00e9der \u00e0 l\u2019annulation de la commande dans le cas o\u00f9 il s\u2019av\u00e9rerait impossible de fournir le produit command\u00e9. Les retards de livraison ou annulations de commande de ce type ne peuvent en aucun cas donner lieu \u00e0 une indemnisation en faveur du client. Via Moda ne pr\u00e9l\u00e8ve aucun frais d\u2019envoi pour les livraisons en Espagne (p\u00e9ninsule) et les commandes sup\u00e9rieures \u00e0 100 euros. Pour toute commande inf\u00e9rieure \u00e0 100 euros, les frais d\u2019envoi sont de 8 euros. Pour tout envoi vers une autre destination (hors p\u00e9ninsule), nous contacter en \u00e9crivant \u00e0 aclient@viamoda.ad.[\/vc_column_text][\/vc_column][\/vc_row][vc_row css_animation=\u00a0\u00bb\u00a0\u00bb row_type=\u00a0\u00bbrow\u00a0\u00bb use_row_as_full_screen_section=\u00a0\u00bbno\u00a0\u00bb type=\u00a0\u00bbfull_width\u00a0\u00bb angled_section=\u00a0\u00bbno\u00a0\u00bb text_align=\u00a0\u00bbleft\u00a0\u00bb background_image_as_pattern=\u00a0\u00bbwithout_pattern\u00a0\u00bb el_class=\u00a0\u00bbsection-split-bottom\u00a0\u00bb z_index=\u00a0\u00bb\u00a0\u00bb][vc_column css=\u00a0\u00bb.vc_custom_1506117902509{margin-top: -25px !important;}\u00a0\u00bb][vc_column_text]<\/p>\n<h2>2. DROIT DE RETOUR<\/h2>\n<p>Le d\u00e9lai pour pouvoir effectuer un retour est de 30 jours calendaires \u00e0 compter de la date de r\u00e9ception de la commande. Le client devra envoyer un e-mail \u00e0 aclient@viamoda.ad pour demander le retour du produit. Une fois la demande accept\u00e9e, il devra exp\u00e9dier le colis en suivant les indications qui lui auront \u00e9t\u00e9 communiqu\u00e9es dans un d\u00e9lai de 15 jours maximum. Les frais d\u2019envoi sont \u00e0 la charge du client. Via Moda \u00e9mettra un avoir sans date d\u2019expiration d\u2019un montant \u00e9quivalent \u00e0 celui de la commande.[\/vc_column_text][\/vc_column][\/vc_row][vc_row css_animation=\u00a0\u00bb\u00a0\u00bb row_type=\u00a0\u00bbrow\u00a0\u00bb use_row_as_full_screen_section=\u00a0\u00bbno\u00a0\u00bb type=\u00a0\u00bbfull_width\u00a0\u00bb angled_section=\u00a0\u00bbno\u00a0\u00bb text_align=\u00a0\u00bbleft\u00a0\u00bb background_image_as_pattern=\u00a0\u00bbwithout_pattern\u00a0\u00bb el_class=\u00a0\u00bbsection-split-bottom\u00a0\u00bb z_index=\u00a0\u00bb\u00a0\u00bb][vc_column css=\u00a0\u00bb.vc_custom_1506117902509{margin-top: -25px !important;}\u00a0\u00bb][vc_column_text]<\/p>\n<h2>3. PRODUIT D\u00c9FECTUEUX<\/h2>\n<p>Le client devra envoyer un e-mail \u00e0 aclient@viamoda.ad en d\u00e9crivant bri\u00e8vement le probl\u00e8me rencontr\u00e9. Il pourra joindre une photo si celle-ci vient \u00e9clairer son explication. Une fois la demande de retour accept\u00e9e, le client devra exp\u00e9dier le colis en suivant les indications qui lui auront \u00e9t\u00e9 communiqu\u00e9es. Via Moda prendra en charge les frais de retour, \u00e0 condition que la cause de l\u2019anomalie soit due \u00e0 un d\u00e9faut de fabrication et non \u00e0 une mauvaise utilisation du produit, ainsi que les frais d\u2019envoi du produit de remplacement. Si Via Moda se voit dans l\u2019impossibilit\u00e9 de remplacer l\u2019article en raison d\u2019une rupture de stock et que le client n\u2019est pas int\u00e9ress\u00e9 par un autre article, ce dernier se verra rembourser le montant du produit d\u00e9fectueux.[\/vc_column_text][\/vc_column][\/vc_row][vc_row css_animation=\u00a0\u00bb\u00a0\u00bb row_type=\u00a0\u00bbrow\u00a0\u00bb use_row_as_full_screen_section=\u00a0\u00bbno\u00a0\u00bb type=\u00a0\u00bbfull_width\u00a0\u00bb angled_section=\u00a0\u00bbno\u00a0\u00bb text_align=\u00a0\u00bbleft\u00a0\u00bb background_image_as_pattern=\u00a0\u00bbwithout_pattern\u00a0\u00bb el_class=\u00a0\u00bbsection-split-bottom\u00a0\u00bb z_index=\u00a0\u00bb\u00a0\u00bb][vc_column css=\u00a0\u00bb.vc_custom_1506117902509{margin-top: -25px !important;}\u00a0\u00bb][vc_column_text]<\/p>\n<h2>4. MODE DE PAIEMENT<\/h2>\n<p>La carte bancaire permet de payer de mani\u00e8re rapide et s\u00e9curis\u00e9e tous ses achats effectu\u00e9s en ligne. Le paiement sera r\u00e9alis\u00e9 \u00e0 travers un terminal de vente virtuel directement connect\u00e9 au site web de l\u2019\u00e9tablissement bancaire. Certains \u00e9tablissements bancaires disposent de mesures de s\u00e9curit\u00e9 suppl\u00e9mentaires, comme par exemple la saisie de mots de passe ou de codes d\u2019activation pour garantir la s\u00e9curit\u00e9 des transactions r\u00e9alis\u00e9es en ligne. Nous vous conseillons d\u2019en parler directement avec votre banque.[\/vc_column_text][\/vc_column][\/vc_row]<\/p>\n<\/div>","protected":false},"excerpt":{"rendered":"<p>[vc_row css_animation=\u00a0\u00bb\u00a0\u00bb row_type=\u00a0\u00bbrow\u00a0\u00bb use_row_as_full_screen_section=\u00a0\u00bbno\u00a0\u00bb type=\u00a0\u00bbfull_width\u00a0\u00bb angled_section=\u00a0\u00bbno\u00a0\u00bb text_align=\u00a0\u00bbleft\u00a0\u00bb background_image_as_pattern=\u00a0\u00bbwithout_pattern\u00a0\u00bb el_class=\u00a0\u00bbsection-split-bottom\u00a0\u00bb z_index=\u00a0\u00bb\u00a0\u00bb][vc_column][vc_column_text] Conditions de vente [\/vc_column_text][\/vc_column][\/vc_row][vc_row css_animation=\u00a0\u00bb\u00a0\u00bb row_type=\u00a0\u00bbrow\u00a0\u00bb use_row_as_full_screen_section=\u00a0\u00bbno\u00a0\u00bb type=\u00a0\u00bbfull_width\u00a0\u00bb angled_section=\u00a0\u00bbno\u00a0\u00bb text_align=\u00a0\u00bbleft\u00a0\u00bb background_image_as_pattern=\u00a0\u00bbwithout_pattern\u00a0\u00bb el_class=\u00a0\u00bbsection-split-bottom\u00a0\u00bb z_index=\u00a0\u00bb\u00a0\u00bb][vc_column css=\u00a0\u00bb.vc_custom_1506117902509{margin-top: -25px !important;}\u00a0\u00bb][vc_column_text] 1. ENVOIS Le d\u00e9lai de livraison des commandes est de 2 jours ouvrables. Si Via Moda se voit dans&#8230;<\/p>\n","protected":false},"author":2,"featured_media":0,"parent":0,"menu_order":0,"comment_status":"closed","ping_status":"closed","template":"","meta":{"footnotes":""},"class_list":["post-527","page","type-page","status-publish","hentry"],"yoast_head":"<!-- This site is optimized with the Yoast SEO plugin v27.5 - https:\/\/yoast.com\/product\/yoast-seo-wordpress\/ -->\n<title>Conditions de vente - Via Moda Shop<\/title>\n<meta name=\"robots\" content=\"index, follow, max-snippet:-1, max-image-preview:large, max-video-preview:-1\" \/>\n<link rel=\"canonical\" href=\"https:\/\/www.viamodashop.com\/fr\/conditions-de-vente\/\" \/>\n<meta property=\"og:locale\" content=\"fr_FR\" \/>\n<meta property=\"og:type\" content=\"article\" \/>\n<meta property=\"og:title\" content=\"Conditions de vente - Via Moda Shop\" \/>\n<meta property=\"og:description\" content=\"[vc_row css_animation=\u00a0\u00bb\u00a0\u00bb row_type=\u00a0\u00bbrow\u00a0\u00bb use_row_as_full_screen_section=\u00a0\u00bbno\u00a0\u00bb type=\u00a0\u00bbfull_width\u00a0\u00bb angled_section=\u00a0\u00bbno\u00a0\u00bb text_align=\u00a0\u00bbleft\u00a0\u00bb background_image_as_pattern=\u00a0\u00bbwithout_pattern\u00a0\u00bb el_class=\u00a0\u00bbsection-split-bottom\u00a0\u00bb z_index=\u00a0\u00bb\u00a0\u00bb][vc_column][vc_column_text] Conditions de vente [\/vc_column_text][\/vc_column][\/vc_row][vc_row css_animation=\u00a0\u00bb\u00a0\u00bb row_type=\u00a0\u00bbrow\u00a0\u00bb use_row_as_full_screen_section=\u00a0\u00bbno\u00a0\u00bb type=\u00a0\u00bbfull_width\u00a0\u00bb angled_section=\u00a0\u00bbno\u00a0\u00bb text_align=\u00a0\u00bbleft\u00a0\u00bb background_image_as_pattern=\u00a0\u00bbwithout_pattern\u00a0\u00bb el_class=\u00a0\u00bbsection-split-bottom\u00a0\u00bb z_index=\u00a0\u00bb\u00a0\u00bb][vc_column css=\u00a0\u00bb.vc_custom_1506117902509{margin-top: -25px !important;}\u00a0\u00bb][vc_column_text] 1. ENVOIS Le d\u00e9lai de livraison des commandes est de 2 jours ouvrables. Si Via Moda se voit dans...\" \/>\n<meta property=\"og:url\" content=\"https:\/\/www.viamodashop.com\/fr\/conditions-de-vente\/\" \/>\n<meta property=\"og:site_name\" content=\"Via Moda Shop\" \/>\n<meta property=\"article:publisher\" content=\"https:\/\/www.facebook.com\/viamodaandorra\" \/>\n<meta property=\"article:modified_time\" content=\"2020-05-25T15:32:26+00:00\" \/>\n<meta name=\"twitter:card\" content=\"summary_large_image\" \/>\n<meta name=\"twitter:site\" content=\"@viamoda_andorra\" \/>\n<script type=\"application\/ld+json\" class=\"yoast-schema-graph\">{\"@context\":\"https:\\\/\\\/schema.org\",\"@graph\":[{\"@type\":\"WebPage\",\"@id\":\"https:\\\/\\\/www.viamodashop.com\\\/fr\\\/conditions-de-vente\\\/\",\"url\":\"https:\\\/\\\/www.viamodashop.com\\\/fr\\\/conditions-de-vente\\\/\",\"name\":\"Conditions de vente - Via Moda Shop\",\"isPartOf\":{\"@id\":\"https:\\\/\\\/www.viamodashop.com\\\/fr\\\/#website\"},\"datePublished\":\"2020-05-14T18:28:45+00:00\",\"dateModified\":\"2020-05-25T15:32:26+00:00\",\"breadcrumb\":{\"@id\":\"https:\\\/\\\/www.viamodashop.com\\\/fr\\\/conditions-de-vente\\\/#breadcrumb\"},\"inLanguage\":\"fr-FR\",\"potentialAction\":[{\"@type\":\"ReadAction\",\"target\":[\"https:\\\/\\\/www.viamodashop.com\\\/fr\\\/conditions-de-vente\\\/\"]}]},{\"@type\":\"BreadcrumbList\",\"@id\":\"https:\\\/\\\/www.viamodashop.com\\\/fr\\\/conditions-de-vente\\\/#breadcrumb\",\"itemListElement\":[{\"@type\":\"ListItem\",\"position\":1,\"name\":\"Home\",\"item\":\"https:\\\/\\\/www.viamodashop.com\\\/fr\\\/\"},{\"@type\":\"ListItem\",\"position\":2,\"name\":\"Conditions de vente\"}]},{\"@type\":\"WebSite\",\"@id\":\"https:\\\/\\\/www.viamodashop.com\\\/fr\\\/#website\",\"url\":\"https:\\\/\\\/www.viamodashop.com\\\/fr\\\/\",\"name\":\"Via Moda Shop\",\"description\":\"La boutique en ligne de Via Moda Andorre\",\"publisher\":{\"@id\":\"https:\\\/\\\/www.viamodashop.com\\\/fr\\\/#organization\"},\"potentialAction\":[{\"@type\":\"SearchAction\",\"target\":{\"@type\":\"EntryPoint\",\"urlTemplate\":\"https:\\\/\\\/www.viamodashop.com\\\/fr\\\/?s={search_term_string}\"},\"query-input\":{\"@type\":\"PropertyValueSpecification\",\"valueRequired\":true,\"valueName\":\"search_term_string\"}}],\"inLanguage\":\"fr-FR\"},{\"@type\":\"Organization\",\"@id\":\"https:\\\/\\\/www.viamodashop.com\\\/fr\\\/#organization\",\"name\":\"Via Moda Shop\",\"url\":\"https:\\\/\\\/www.viamodashop.com\\\/fr\\\/\",\"logo\":{\"@type\":\"ImageObject\",\"inLanguage\":\"fr-FR\",\"@id\":\"https:\\\/\\\/www.viamodashop.com\\\/fr\\\/#\\\/schema\\\/logo\\\/image\\\/\",\"url\":\"https:\\\/\\\/www.viamodashop.com\\\/wp-content\\\/uploads\\\/2020\\\/05\\\/viamoda-logo.svg\",\"contentUrl\":\"https:\\\/\\\/www.viamodashop.com\\\/wp-content\\\/uploads\\\/2020\\\/05\\\/viamoda-logo.svg\",\"width\":165,\"height\":92,\"caption\":\"Via Moda Shop\"},\"image\":{\"@id\":\"https:\\\/\\\/www.viamodashop.com\\\/fr\\\/#\\\/schema\\\/logo\\\/image\\\/\"},\"sameAs\":[\"https:\\\/\\\/www.facebook.com\\\/viamodaandorra\",\"https:\\\/\\\/x.com\\\/viamoda_andorra\",\"https:\\\/\\\/www.instagram.com\\\/via_moda\\\/\",\"https:\\\/\\\/www.youtube.com\\\/channel\\\/UCToWT3KAMCbBw8ZsTrTQZ_A\",\"https:\\\/\\\/www.pinterest.com\\\/via_moda\\\/\",\"https:\\\/\\\/www.linkedin.com\\\/company\\\/viamoda\\\/\"]}]}<\/script>\n<!-- \/ Yoast SEO plugin. -->","yoast_head_json":{"title":"Conditions de vente - Via Moda Shop","robots":{"index":"index","follow":"follow","max-snippet":"max-snippet:-1","max-image-preview":"max-image-preview:large","max-video-preview":"max-video-preview:-1"},"canonical":"https:\/\/www.viamodashop.com\/fr\/conditions-de-vente\/","og_locale":"fr_FR","og_type":"article","og_title":"Conditions de vente - Via Moda Shop","og_description":"[vc_row css_animation=\u00a0\u00bb\u00a0\u00bb row_type=\u00a0\u00bbrow\u00a0\u00bb use_row_as_full_screen_section=\u00a0\u00bbno\u00a0\u00bb type=\u00a0\u00bbfull_width\u00a0\u00bb angled_section=\u00a0\u00bbno\u00a0\u00bb text_align=\u00a0\u00bbleft\u00a0\u00bb background_image_as_pattern=\u00a0\u00bbwithout_pattern\u00a0\u00bb el_class=\u00a0\u00bbsection-split-bottom\u00a0\u00bb z_index=\u00a0\u00bb\u00a0\u00bb][vc_column][vc_column_text] Conditions de vente [\/vc_column_text][\/vc_column][\/vc_row][vc_row css_animation=\u00a0\u00bb\u00a0\u00bb row_type=\u00a0\u00bbrow\u00a0\u00bb use_row_as_full_screen_section=\u00a0\u00bbno\u00a0\u00bb type=\u00a0\u00bbfull_width\u00a0\u00bb angled_section=\u00a0\u00bbno\u00a0\u00bb text_align=\u00a0\u00bbleft\u00a0\u00bb background_image_as_pattern=\u00a0\u00bbwithout_pattern\u00a0\u00bb el_class=\u00a0\u00bbsection-split-bottom\u00a0\u00bb z_index=\u00a0\u00bb\u00a0\u00bb][vc_column css=\u00a0\u00bb.vc_custom_1506117902509{margin-top: -25px !important;}\u00a0\u00bb][vc_column_text] 1. ENVOIS Le d\u00e9lai de livraison des commandes est de 2 jours ouvrables. Si Via Moda se voit dans...","og_url":"https:\/\/www.viamodashop.com\/fr\/conditions-de-vente\/","og_site_name":"Via Moda Shop","article_publisher":"https:\/\/www.facebook.com\/viamodaandorra","article_modified_time":"2020-05-25T15:32:26+00:00","twitter_card":"summary_large_image","twitter_site":"@viamoda_andorra","schema":{"@context":"https:\/\/schema.org","@graph":[{"@type":"WebPage","@id":"https:\/\/www.viamodashop.com\/fr\/conditions-de-vente\/","url":"https:\/\/www.viamodashop.com\/fr\/conditions-de-vente\/","name":"Conditions de vente - Via Moda Shop","isPartOf":{"@id":"https:\/\/www.viamodashop.com\/fr\/#website"},"datePublished":"2020-05-14T18:28:45+00:00","dateModified":"2020-05-25T15:32:26+00:00","breadcrumb":{"@id":"https:\/\/www.viamodashop.com\/fr\/conditions-de-vente\/#breadcrumb"},"inLanguage":"fr-FR","potentialAction":[{"@type":"ReadAction","target":["https:\/\/www.viamodashop.com\/fr\/conditions-de-vente\/"]}]},{"@type":"BreadcrumbList","@id":"https:\/\/www.viamodashop.com\/fr\/conditions-de-vente\/#breadcrumb","itemListElement":[{"@type":"ListItem","position":1,"name":"Home","item":"https:\/\/www.viamodashop.com\/fr\/"},{"@type":"ListItem","position":2,"name":"Conditions de vente"}]},{"@type":"WebSite","@id":"https:\/\/www.viamodashop.com\/fr\/#website","url":"https:\/\/www.viamodashop.com\/fr\/","name":"Via Moda Shop","description":"La boutique en ligne de Via Moda Andorre","publisher":{"@id":"https:\/\/www.viamodashop.com\/fr\/#organization"},"potentialAction":[{"@type":"SearchAction","target":{"@type":"EntryPoint","urlTemplate":"https:\/\/www.viamodashop.com\/fr\/?s={search_term_string}"},"query-input":{"@type":"PropertyValueSpecification","valueRequired":true,"valueName":"search_term_string"}}],"inLanguage":"fr-FR"},{"@type":"Organization","@id":"https:\/\/www.viamodashop.com\/fr\/#organization","name":"Via Moda Shop","url":"https:\/\/www.viamodashop.com\/fr\/","logo":{"@type":"ImageObject","inLanguage":"fr-FR","@id":"https:\/\/www.viamodashop.com\/fr\/#\/schema\/logo\/image\/","url":"https:\/\/www.viamodashop.com\/wp-content\/uploads\/2020\/05\/viamoda-logo.svg","contentUrl":"https:\/\/www.viamodashop.com\/wp-content\/uploads\/2020\/05\/viamoda-logo.svg","width":165,"height":92,"caption":"Via Moda Shop"},"image":{"@id":"https:\/\/www.viamodashop.com\/fr\/#\/schema\/logo\/image\/"},"sameAs":["https:\/\/www.facebook.com\/viamodaandorra","https:\/\/x.com\/viamoda_andorra","https:\/\/www.instagram.com\/via_moda\/","https:\/\/www.youtube.com\/channel\/UCToWT3KAMCbBw8ZsTrTQZ_A","https:\/\/www.pinterest.com\/via_moda\/","https:\/\/www.linkedin.com\/company\/viamoda\/"]}]}},"_links":{"self":[{"href":"https:\/\/www.viamodashop.com\/fr\/wp-json\/wp\/v2\/pages\/527","targetHints":{"allow":["GET"]}}],"collection":[{"href":"https:\/\/www.viamodashop.com\/fr\/wp-json\/wp\/v2\/pages"}],"about":[{"href":"https:\/\/www.viamodashop.com\/fr\/wp-json\/wp\/v2\/types\/page"}],"author":[{"embeddable":true,"href":"https:\/\/www.viamodashop.com\/fr\/wp-json\/wp\/v2\/users\/2"}],"replies":[{"embeddable":true,"href":"https:\/\/www.viamodashop.com\/fr\/wp-json\/wp\/v2\/comments?post=527"}],"version-history":[{"count":3,"href":"https:\/\/www.viamodashop.com\/fr\/wp-json\/wp\/v2\/pages\/527\/revisions"}],"predecessor-version":[{"id":859,"href":"https:\/\/www.viamodashop.com\/fr\/wp-json\/wp\/v2\/pages\/527\/revisions\/859"}],"wp:attachment":[{"href":"https:\/\/www.viamodashop.com\/fr\/wp-json\/wp\/v2\/media?parent=527"}],"curies":[{"name":"wp","href":"https:\/\/api.w.org\/{rel}","templated":true}]}}