{"id":557,"date":"2020-05-14T20:47:14","date_gmt":"2020-05-14T18:47:14","guid":{"rendered":"https:\/\/www.viamodashop.com\/contacte\/"},"modified":"2020-07-14T12:30:36","modified_gmt":"2020-07-14T10:30:36","slug":"contact","status":"publish","type":"page","link":"https:\/\/www.viamodashop.com\/fr\/contact\/","title":{"rendered":"Contact"},"content":{"rendered":"<div class=\"wpb-content-wrapper\"><p>[vc_row css_animation=\u00a0\u00bb\u00a0\u00bb row_type=\u00a0\u00bbrow\u00a0\u00bb use_row_as_full_screen_section=\u00a0\u00bbno\u00a0\u00bb type=\u00a0\u00bbgrid\u00a0\u00bb angled_section=\u00a0\u00bbno\u00a0\u00bb text_align=\u00a0\u00bbleft\u00a0\u00bb background_image_as_pattern=\u00a0\u00bbwithout_pattern\u00a0\u00bb z_index=\u00a0\u00bb\u00a0\u00bb el_class=\u00a0\u00bbcontact-block split-bottom-half\u00a0\u00bb][vc_column offset=\u00a0\u00bbvc_col-md-6&Prime;][qode_elements_holder number_of_columns=\u00a0\u00bbone_column\u00a0\u00bb][qode_elements_holder_item advanced_animations=\u00a0\u00bbno\u00a0\u00bb item_padding=\u00a0\u00bb0 145px 0 0px\u00a0\u00bb item_padding_1280_1440=\u00a0\u00bb0 25px 0 0px\u00a0\u00bb item_padding_600_768=\u00a0\u00bb0 0 0 0&Prime; item_padding_480_600=\u00a0\u00bb0 0 0 0&Prime; item_padding_480=\u00a0\u00bb0 0 0 0&Prime;][vc_separator type=\u00a0\u00bbtransparent\u00a0\u00bb up=\u00a0\u00bb-15&Prime;][vc_column_text]<\/p>\n<h1>Contact<\/h1>\n<p>[\/vc_column_text][vc_separator type=\u00a0\u00bbsmall\u00a0\u00bb position=\u00a0\u00bbleft\u00a0\u00bb color=\u00a0\u00bb#000000&Prime; thickness=\u00a0\u00bb3&Prime; width=\u00a0\u00bb50&Prime; up=\u00a0\u00bb8&Prime; down=\u00a0\u00bb16&Prime;][vc_column_text]Vous pouvez nous contacter par t\u00e9l\u00e9phone et via le formulaire de contact suivant.[\/vc_column_text][vc_empty_space height=\u00a0\u00bb24px\u00a0\u00bb]<div class=\"q_icon_list\"><i class=\"qodef-icon-dripicons dripicon dripicons-clock qode-ili-icon-holder transparent\" style=\"font-size: 20px;color: #000000;\" ><\/i><p style=\"color:#555555;font-size: 15px;font-weight: 400;margin-bottom: 5px;\">Du lundi au vendredi : 9:00 \u00e0 13:00 \u2013 15:00 \u00e0 19:00<\/p><\/div><div class=\"q_icon_list\"><i class=\"qodef-icon-dripicons dripicon dripicons-phone qode-ili-icon-holder transparent\" style=\"font-size: 20px;color: #000000;\" ><\/i><p style=\"color:#555555;font-size: 15px;font-weight: 400;margin-bottom: 5px;\">+376 879222<\/p><\/div><div class=\"q_icon_list\"><i class=\"qode_icon_font_awesome_5 fa5 fab fa-whatsapp qode-ili-icon-holder transparent\" style=\"font-size: 20px;color: #000000;\" ><\/i><p style=\"color:#555555;font-size: 15px;font-weight: 400;margin-bottom: 5px;\">+376 879222<\/p><\/div><div class=\"q_icon_list\"><i class=\"qodef-icon-dripicons dripicon dripicons-message qode-ili-icon-holder transparent\" style=\"font-size: 20px;color: #000000;\" ><\/i><p style=\"color:#555555;font-size: 15px;font-weight: 400;margin-bottom: 5px;\">info@viamodashop.com<\/p><\/div>[\/qode_elements_holder_item][\/qode_elements_holder][\/vc_column][vc_column offset=\u00a0\u00bbvc_col-md-6&Prime;][qode_elements_holder number_of_columns=\u00a0\u00bbone_column\u00a0\u00bb][qode_elements_holder_item advanced_animations=\u00a0\u00bbno\u00a0\u00bb item_padding=\u00a0\u00bb0 36px 0 0px\u00a0\u00bb item_padding_600_768=\u00a0\u00bb0 0 0 0&Prime; item_padding_480_600=\u00a0\u00bb0 0 0 0&Prime; item_padding_480=\u00a0\u00bb0 0 0 0&Prime;]\n<div class=\"wpcf7 no-js\" id=\"wpcf7-f1262-o1\" lang=\"ca\" dir=\"ltr\" data-wpcf7-id=\"1262\">\n<div class=\"screen-reader-response\"><p role=\"status\" aria-live=\"polite\" aria-atomic=\"true\"><\/p> <ul><\/ul><\/div>\n<form action=\"\/fr\/wp-json\/wp\/v2\/pages\/557#wpcf7-f1262-o1\" method=\"post\" class=\"wpcf7-form init cf7_custom_style_1\" aria-label=\"Formulari de contacte\" novalidate=\"novalidate\" data-status=\"init\">\n<fieldset class=\"hidden-fields-container\"><input type=\"hidden\" name=\"_wpcf7\" value=\"1262\" \/><input type=\"hidden\" name=\"_wpcf7_version\" value=\"6.1.5\" \/><input type=\"hidden\" name=\"_wpcf7_locale\" value=\"ca\" \/><input type=\"hidden\" name=\"_wpcf7_unit_tag\" value=\"wpcf7-f1262-o1\" \/><input type=\"hidden\" name=\"_wpcf7_container_post\" value=\"0\" \/><input type=\"hidden\" name=\"_wpcf7_posted_data_hash\" value=\"\" \/><input type=\"hidden\" name=\"_wpcf7_recaptcha_response\" value=\"\" \/>\n<\/fieldset>\n<div class=\"clearfix responsive-form\">\n    <div class=\"form-row\">\n        <div class=\"column-full\">\n            <label>Pr\u00e9nom et nom\n            <span class=\"wpcf7-form-control-wrap\" data-name=\"your-name\"><input size=\"40\" maxlength=\"400\" class=\"wpcf7-form-control wpcf7-text wpcf7-validates-as-required\" aria-required=\"true\" aria-invalid=\"false\" value=\"\" type=\"text\" name=\"your-name\" \/><\/span> <\/label>\n        <\/div>\n    <\/div>\n    <div class=\"form-row\">\n        <div class=\"column-half\">\n            <label>Courrier \u00e9lectronique\n            <span class=\"wpcf7-form-control-wrap\" data-name=\"your-email\"><input size=\"40\" maxlength=\"400\" class=\"wpcf7-form-control wpcf7-email wpcf7-validates-as-required wpcf7-text wpcf7-validates-as-email\" aria-required=\"true\" aria-invalid=\"false\" value=\"\" type=\"email\" name=\"your-email\" \/><\/span> <\/label>\n        <\/div>\n        <div class=\"column-half\">\n            <label>T\u00e9l\u00e9phone\n            <span class=\"wpcf7-form-control-wrap\" data-name=\"your-phone\"><input size=\"40\" maxlength=\"400\" class=\"wpcf7-form-control wpcf7-tel wpcf7-validates-as-required wpcf7-text wpcf7-validates-as-tel\" aria-required=\"true\" aria-invalid=\"false\" value=\"\" type=\"tel\" name=\"your-phone\" \/><\/span> <\/label>\n        <\/div>\n    <\/div>\n    <div class=\"form-row\">\n        <div class=\"column-full\">\n            <label>Message\n            <span class=\"wpcf7-form-control-wrap\" data-name=\"your-message\"><textarea cols=\"40\" rows=\"5\" maxlength=\"2000\" class=\"wpcf7-form-control wpcf7-textarea\" aria-invalid=\"false\" name=\"your-message\"><\/textarea><\/span><\/label>\n        <\/div>\n    <\/div>\n    <div class=\"form-row\">\n       <div class=\"column-full legal-wrapper\">\n\t\t<p><small>Nous utiliserons ces donn\u00e9es exclusivement pour r\u00e9pondre \u00e0 votre demande. Nous ne partageons pas ces donn\u00e9es avec des tiers, et dans notre <a href=\"https:\/\/www.viamodashop.com\/fr\/politique-de-confidentialite\/\" target=\"_blank\" rel=\"noopener\">politique de confidentialit\u00e9<\/a> , vous trouverez des informations suppl\u00e9mentaires sur ce traitement, ainsi que sur la mani\u00e8re d'exercer vos droits d'acc\u00e8s, de rectification et de suppression, entre autres. En appuyant sur le bouton \"ENVOYER\", vous d\u00e9clarez avoir lu et accept\u00e9 les termes et conditions de l'<a href=\"https:\/\/www.viamodashop.com\/fr\/avis-legal\/\" target=\"_blank\" rel=\"noopener\">avis l\u00e9gal<\/a>.<\/small><\/p>\n\t<\/div>\n        <div class=\"column-full\">\n            <div class=\"wpcf7-response-output\" aria-hidden=\"true\"><\/div>\n        <\/div>\n    <\/div>\n    <div class=\"form-row\">\n        <div class=\"column-full\"><input class=\"wpcf7-form-control wpcf7-submit has-spinner\" type=\"submit\" value=\"Envoyer\" \/><\/div>\n    <\/div>\n<\/div>\n<\/form>\n<\/div>\n[\/qode_elements_holder_item][\/qode_elements_holder][\/vc_column][\/vc_row][vc_row css_animation=\u00a0\u00bb\u00a0\u00bb row_type=\u00a0\u00bbrow\u00a0\u00bb use_row_as_full_screen_section=\u00a0\u00bbno\u00a0\u00bb type=\u00a0\u00bbfull_width\u00a0\u00bb angled_section=\u00a0\u00bbno\u00a0\u00bb text_align=\u00a0\u00bbleft\u00a0\u00bb background_image_as_pattern=\u00a0\u00bbwithout_pattern\u00a0\u00bb z_index=\u00a0\u00bb\u00a0\u00bb][vc_column][vc_column_text]\n            \n            \n            \n            <a name='map2'><\/a>\n            \n            \n            \n            \n            <div class=\"wpgmza_map \"  id=\"wpgmza_map_2\" style=\"display:block; overflow:auto; width:100%; height:450px; float:left;\" data-settings='{\"id\":\"2\",\"map_title\":\"Via Moda Botigues\",\"map_width\":\"100\",\"map_height\":\"450\",\"map_start_lat\":\"42.507743\",\"map_start_lng\":\"1.530959\",\"map_start_location\":\"42.507743,1.530959\",\"map_start_zoom\":\"15\",\"default_marker\":\"\",\"type\":\"1\",\"alignment\":\"1\",\"directions_enabled\":\"0\",\"styling_enabled\":\"0\",\"styling_json\":\"\",\"active\":\"0\",\"kml\":\"\",\"bicycle\":\"0\",\"traffic\":\"0\",\"dbox\":\"1\",\"dbox_width\":\"100\",\"listmarkers\":\"0\",\"listmarkers_advanced\":\"0\",\"filterbycat\":\"0\",\"ugm_enabled\":\"0\",\"ugm_category_enabled\":\"0\",\"fusion\":\"\",\"map_width_type\":\"\\\\%\",\"map_height_type\":\"px\",\"mass_marker_support\":\"0\",\"ugm_access\":\"0\",\"order_markers_by\":\"1\",\"order_markers_choice\":\"2\",\"show_user_location\":\"2\",\"default_to\":\"\",\"other_settings\":{\"store_locator_style\":\"legacy\",\"wpgmza_store_locator_radius_style\":\"legacy\",\"directions_box_style\":\"modern\",\"show_distance_from_location\":0,\"map_max_zoom\":\"3\",\"map_min_zoom\":\"21\",\"sl_stroke_color\":\"\",\"sl_stroke_opacity\":\"\",\"sl_fill_color\":\"\",\"sl_fill_opacity\":\"\",\"jump_to_nearest_marker_on_initialization\":0,\"automatically_pan_to_users_location\":0,\"override_users_location_zoom_level\":0,\"click_open_link\":2,\"hide_point_of_interest\":false,\"fit_maps_bounds_to_markers\":false,\"fit_maps_bounds_to_markers_after_filtering\":false,\"wpgmza_auto_night\":0,\"transport_layer\":0,\"polygon_labels\":false,\"enable_marker_ratings\":false,\"iw_primary_color\":\"2A3744\",\"iw_accent_color\":\"252F3A\",\"iw_text_color\":\"FFFFFF\",\"wpgmza_iw_type\":\"0\",\"list_markers_by\":\"0\",\"push_in_map\":\"\",\"push_in_map_placement\":\"9\",\"wpgmza_push_in_map_width\":\"\",\"wpgmza_push_in_map_height\":\"\",\"wpgmza_theme_data\":\"[{\\\"featureType\\\": \\\"administrative\\\",\\\"elementType\\\": \\\"labels.text.fill\\\",\\\"stylers\\\": [{\\\"color\\\": \\\"#333333\\\"}]},{\\\"featureType\\\": \\\"landscape\\\",\\\"elementType\\\": \\\"all\\\",\\\"stylers\\\": [{\\\"color\\\": \\\"#f1f1f1\\\"}]},{\\\"featureType\\\": \\\"poi\\\",\\\"elementType\\\": \\\"all\\\",\\\"stylers\\\": [{\\\"visibility\\\": \\\"off\\\"}]},{\\\"featureType\\\": \\\"road\\\",\\\"elementType\\\": \\\"all\\\",\\\"stylers\\\": [{\\\"saturation\\\": -100},{\\\"lightness\\\": 45}]},{\\\"featureType\\\": \\\"road.highway\\\",\\\"elementType\\\": \\\"all\\\",\\\"stylers\\\": [{\\\"visibility\\\": \\\"simplified\\\"}]},{\\\"featureType\\\": \\\"road.arterial\\\",\\\"elementType\\\": \\\"labels.icon\\\",\\\"stylers\\\": [{\\\"visibility\\\": \\\"off\\\"}]},{\\\"featureType\\\": \\\"transit\\\",\\\"elementType\\\": \\\"all\\\",\\\"stylers\\\": [{\\\"visibility\\\": \\\"off\\\"}]},{\\\"featureType\\\": \\\"water\\\",\\\"elementType\\\": \\\"all\\\",\\\"stylers\\\": [{\\\"color\\\": \\\"#c9c9c9\\\"},{\\\"visibility\\\": \\\"on\\\"}]}]\",\"upload_default_ul_marker\":\"\",\"upload_default_sl_marker\":\"\",\"wpgmza_dbox_width_type\":\"%\",\"default_from\":\"\",\"directions_behaviour\":\"default\",\"force_google_directions_app\":false,\"directions_route_origin_icon\":\"https:\\\/\\\/www.viamodashop.com\\\/wp-content\\\/plugins\\\/wp-google-maps\\\/images\\\/spotlight-poi2.png\",\"retina\":false,\"directions_route_destination_icon\":\"https:\\\/\\\/www.viamodashop.com\\\/wp-content\\\/plugins\\\/wp-google-maps\\\/images\\\/spotlight-poi2.png\",\"directions_route_stroke_color\":\"#4f8df5\",\"directions_route_stroke_weight\":\"4\",\"directions_route_stroke_opacity\":\"0.8\",\"enable_advanced_custom_fields_integration\":false,\"enable_toolset_woocommerce_integration\":false,\"shortcodeAttributes\":{\"id\":\"2\"}}}' data-map-id='2' data-shortcode-attributes='{\"id\":\"2\"}'> <\/div>\n            \n               \n        [\/vc_column_text][\/vc_column][\/vc_row]<\/p>\n<\/div>","protected":false},"excerpt":{"rendered":"<p>[vc_row css_animation=\u00a0\u00bb\u00a0\u00bb row_type=\u00a0\u00bbrow\u00a0\u00bb use_row_as_full_screen_section=\u00a0\u00bbno\u00a0\u00bb type=\u00a0\u00bbgrid\u00a0\u00bb angled_section=\u00a0\u00bbno\u00a0\u00bb text_align=\u00a0\u00bbleft\u00a0\u00bb background_image_as_pattern=\u00a0\u00bbwithout_pattern\u00a0\u00bb z_index=\u00a0\u00bb\u00a0\u00bb el_class=\u00a0\u00bbcontact-block split-bottom-half\u00a0\u00bb][vc_column offset=\u00a0\u00bbvc_col-md-6&Prime;][qode_elements_holder number_of_columns=\u00a0\u00bbone_column\u00a0\u00bb][qode_elements_holder_item advanced_animations=\u00a0\u00bbno\u00a0\u00bb item_padding=\u00a0\u00bb0 145px 0 0px\u00a0\u00bb item_padding_1280_1440=\u00a0\u00bb0 25px 0 0px\u00a0\u00bb item_padding_600_768=\u00a0\u00bb0 0 0 0&Prime; item_padding_480_600=\u00a0\u00bb0 0 0 0&Prime; item_padding_480=\u00a0\u00bb0 0 0 0&Prime;][vc_separator type=\u00a0\u00bbtransparent\u00a0\u00bb up=\u00a0\u00bb-15&Prime;][vc_column_text] Contact [\/vc_column_text][vc_separator type=\u00a0\u00bbsmall\u00a0\u00bb position=\u00a0\u00bbleft\u00a0\u00bb color=\u00a0\u00bb#000000&Prime; thickness=\u00a0\u00bb3&Prime; width=\u00a0\u00bb50&Prime; up=\u00a0\u00bb8&Prime; down=\u00a0\u00bb16&Prime;][vc_column_text]Vous&#8230;<\/p>\n","protected":false},"author":2,"featured_media":0,"parent":0,"menu_order":0,"comment_status":"closed","ping_status":"closed","template":"","meta":{"footnotes":""},"class_list":["post-557","page","type-page","status-publish","hentry"],"yoast_head":"<!-- This site is optimized with the Yoast SEO plugin v27.5 - https:\/\/yoast.com\/product\/yoast-seo-wordpress\/ -->\n<title>Contact - Via Moda Shop<\/title>\n<meta name=\"robots\" content=\"index, follow, max-snippet:-1, max-image-preview:large, max-video-preview:-1\" \/>\n<link rel=\"canonical\" href=\"https:\/\/www.viamodashop.com\/fr\/contact\/\" \/>\n<meta property=\"og:locale\" content=\"fr_FR\" \/>\n<meta property=\"og:type\" content=\"article\" \/>\n<meta property=\"og:title\" content=\"Contact - Via Moda Shop\" \/>\n<meta property=\"og:description\" content=\"[vc_row css_animation=\u00a0\u00bb\u00a0\u00bb row_type=\u00a0\u00bbrow\u00a0\u00bb use_row_as_full_screen_section=\u00a0\u00bbno\u00a0\u00bb type=\u00a0\u00bbgrid\u00a0\u00bb angled_section=\u00a0\u00bbno\u00a0\u00bb text_align=\u00a0\u00bbleft\u00a0\u00bb background_image_as_pattern=\u00a0\u00bbwithout_pattern\u00a0\u00bb z_index=\u00a0\u00bb\u00a0\u00bb el_class=\u00a0\u00bbcontact-block split-bottom-half\u00a0\u00bb][vc_column offset=\u00a0\u00bbvc_col-md-6&Prime;][qode_elements_holder number_of_columns=\u00a0\u00bbone_column\u00a0\u00bb][qode_elements_holder_item advanced_animations=\u00a0\u00bbno\u00a0\u00bb item_padding=\u00a0\u00bb0 145px 0 0px\u00a0\u00bb item_padding_1280_1440=\u00a0\u00bb0 25px 0 0px\u00a0\u00bb item_padding_600_768=\u00a0\u00bb0 0 0 0&Prime; item_padding_480_600=\u00a0\u00bb0 0 0 0&Prime; item_padding_480=\u00a0\u00bb0 0 0 0&Prime;][vc_separator type=\u00a0\u00bbtransparent\u00a0\u00bb up=\u00a0\u00bb-15&Prime;][vc_column_text] Contact [\/vc_column_text][vc_separator type=\u00a0\u00bbsmall\u00a0\u00bb position=\u00a0\u00bbleft\u00a0\u00bb color=\u00a0\u00bb#000000&Prime; thickness=\u00a0\u00bb3&Prime; width=\u00a0\u00bb50&Prime; up=\u00a0\u00bb8&Prime; down=\u00a0\u00bb16&Prime;][vc_column_text]Vous...\" \/>\n<meta property=\"og:url\" content=\"https:\/\/www.viamodashop.com\/fr\/contact\/\" \/>\n<meta property=\"og:site_name\" content=\"Via Moda Shop\" \/>\n<meta property=\"article:publisher\" content=\"https:\/\/www.facebook.com\/viamodaandorra\" \/>\n<meta property=\"article:modified_time\" content=\"2020-07-14T10:30:36+00:00\" \/>\n<meta name=\"twitter:card\" content=\"summary_large_image\" \/>\n<meta name=\"twitter:site\" content=\"@viamoda_andorra\" \/>\n<script type=\"application\/ld+json\" class=\"yoast-schema-graph\">{\"@context\":\"https:\\\/\\\/schema.org\",\"@graph\":[{\"@type\":\"WebPage\",\"@id\":\"https:\\\/\\\/www.viamodashop.com\\\/fr\\\/contact\\\/\",\"url\":\"https:\\\/\\\/www.viamodashop.com\\\/fr\\\/contact\\\/\",\"name\":\"Contact - Via Moda Shop\",\"isPartOf\":{\"@id\":\"https:\\\/\\\/www.viamodashop.com\\\/fr\\\/#website\"},\"datePublished\":\"2020-05-14T18:47:14+00:00\",\"dateModified\":\"2020-07-14T10:30:36+00:00\",\"breadcrumb\":{\"@id\":\"https:\\\/\\\/www.viamodashop.com\\\/fr\\\/contact\\\/#breadcrumb\"},\"inLanguage\":\"fr-FR\",\"potentialAction\":[{\"@type\":\"ReadAction\",\"target\":[\"https:\\\/\\\/www.viamodashop.com\\\/fr\\\/contact\\\/\"]}]},{\"@type\":\"BreadcrumbList\",\"@id\":\"https:\\\/\\\/www.viamodashop.com\\\/fr\\\/contact\\\/#breadcrumb\",\"itemListElement\":[{\"@type\":\"ListItem\",\"position\":1,\"name\":\"Home\",\"item\":\"https:\\\/\\\/www.viamodashop.com\\\/fr\\\/\"},{\"@type\":\"ListItem\",\"position\":2,\"name\":\"Contact\"}]},{\"@type\":\"WebSite\",\"@id\":\"https:\\\/\\\/www.viamodashop.com\\\/fr\\\/#website\",\"url\":\"https:\\\/\\\/www.viamodashop.com\\\/fr\\\/\",\"name\":\"Via Moda Shop\",\"description\":\"La boutique en ligne de Via Moda Andorre\",\"publisher\":{\"@id\":\"https:\\\/\\\/www.viamodashop.com\\\/fr\\\/#organization\"},\"potentialAction\":[{\"@type\":\"SearchAction\",\"target\":{\"@type\":\"EntryPoint\",\"urlTemplate\":\"https:\\\/\\\/www.viamodashop.com\\\/fr\\\/?s={search_term_string}\"},\"query-input\":{\"@type\":\"PropertyValueSpecification\",\"valueRequired\":true,\"valueName\":\"search_term_string\"}}],\"inLanguage\":\"fr-FR\"},{\"@type\":\"Organization\",\"@id\":\"https:\\\/\\\/www.viamodashop.com\\\/fr\\\/#organization\",\"name\":\"Via Moda Shop\",\"url\":\"https:\\\/\\\/www.viamodashop.com\\\/fr\\\/\",\"logo\":{\"@type\":\"ImageObject\",\"inLanguage\":\"fr-FR\",\"@id\":\"https:\\\/\\\/www.viamodashop.com\\\/fr\\\/#\\\/schema\\\/logo\\\/image\\\/\",\"url\":\"https:\\\/\\\/www.viamodashop.com\\\/wp-content\\\/uploads\\\/2020\\\/05\\\/viamoda-logo.svg\",\"contentUrl\":\"https:\\\/\\\/www.viamodashop.com\\\/wp-content\\\/uploads\\\/2020\\\/05\\\/viamoda-logo.svg\",\"width\":165,\"height\":92,\"caption\":\"Via Moda Shop\"},\"image\":{\"@id\":\"https:\\\/\\\/www.viamodashop.com\\\/fr\\\/#\\\/schema\\\/logo\\\/image\\\/\"},\"sameAs\":[\"https:\\\/\\\/www.facebook.com\\\/viamodaandorra\",\"https:\\\/\\\/x.com\\\/viamoda_andorra\",\"https:\\\/\\\/www.instagram.com\\\/via_moda\\\/\",\"https:\\\/\\\/www.youtube.com\\\/channel\\\/UCToWT3KAMCbBw8ZsTrTQZ_A\",\"https:\\\/\\\/www.pinterest.com\\\/via_moda\\\/\",\"https:\\\/\\\/www.linkedin.com\\\/company\\\/viamoda\\\/\"]}]}<\/script>\n<!-- \/ Yoast SEO plugin. -->","yoast_head_json":{"title":"Contact - Via Moda Shop","robots":{"index":"index","follow":"follow","max-snippet":"max-snippet:-1","max-image-preview":"max-image-preview:large","max-video-preview":"max-video-preview:-1"},"canonical":"https:\/\/www.viamodashop.com\/fr\/contact\/","og_locale":"fr_FR","og_type":"article","og_title":"Contact - Via Moda Shop","og_description":"[vc_row css_animation=\u00a0\u00bb\u00a0\u00bb row_type=\u00a0\u00bbrow\u00a0\u00bb use_row_as_full_screen_section=\u00a0\u00bbno\u00a0\u00bb type=\u00a0\u00bbgrid\u00a0\u00bb angled_section=\u00a0\u00bbno\u00a0\u00bb text_align=\u00a0\u00bbleft\u00a0\u00bb background_image_as_pattern=\u00a0\u00bbwithout_pattern\u00a0\u00bb z_index=\u00a0\u00bb\u00a0\u00bb el_class=\u00a0\u00bbcontact-block split-bottom-half\u00a0\u00bb][vc_column offset=\u00a0\u00bbvc_col-md-6&Prime;][qode_elements_holder number_of_columns=\u00a0\u00bbone_column\u00a0\u00bb][qode_elements_holder_item advanced_animations=\u00a0\u00bbno\u00a0\u00bb item_padding=\u00a0\u00bb0 145px 0 0px\u00a0\u00bb item_padding_1280_1440=\u00a0\u00bb0 25px 0 0px\u00a0\u00bb item_padding_600_768=\u00a0\u00bb0 0 0 0&Prime; item_padding_480_600=\u00a0\u00bb0 0 0 0&Prime; item_padding_480=\u00a0\u00bb0 0 0 0&Prime;][vc_separator type=\u00a0\u00bbtransparent\u00a0\u00bb up=\u00a0\u00bb-15&Prime;][vc_column_text] Contact [\/vc_column_text][vc_separator type=\u00a0\u00bbsmall\u00a0\u00bb position=\u00a0\u00bbleft\u00a0\u00bb color=\u00a0\u00bb#000000&Prime; thickness=\u00a0\u00bb3&Prime; width=\u00a0\u00bb50&Prime; up=\u00a0\u00bb8&Prime; down=\u00a0\u00bb16&Prime;][vc_column_text]Vous...","og_url":"https:\/\/www.viamodashop.com\/fr\/contact\/","og_site_name":"Via Moda Shop","article_publisher":"https:\/\/www.facebook.com\/viamodaandorra","article_modified_time":"2020-07-14T10:30:36+00:00","twitter_card":"summary_large_image","twitter_site":"@viamoda_andorra","schema":{"@context":"https:\/\/schema.org","@graph":[{"@type":"WebPage","@id":"https:\/\/www.viamodashop.com\/fr\/contact\/","url":"https:\/\/www.viamodashop.com\/fr\/contact\/","name":"Contact - Via Moda Shop","isPartOf":{"@id":"https:\/\/www.viamodashop.com\/fr\/#website"},"datePublished":"2020-05-14T18:47:14+00:00","dateModified":"2020-07-14T10:30:36+00:00","breadcrumb":{"@id":"https:\/\/www.viamodashop.com\/fr\/contact\/#breadcrumb"},"inLanguage":"fr-FR","potentialAction":[{"@type":"ReadAction","target":["https:\/\/www.viamodashop.com\/fr\/contact\/"]}]},{"@type":"BreadcrumbList","@id":"https:\/\/www.viamodashop.com\/fr\/contact\/#breadcrumb","itemListElement":[{"@type":"ListItem","position":1,"name":"Home","item":"https:\/\/www.viamodashop.com\/fr\/"},{"@type":"ListItem","position":2,"name":"Contact"}]},{"@type":"WebSite","@id":"https:\/\/www.viamodashop.com\/fr\/#website","url":"https:\/\/www.viamodashop.com\/fr\/","name":"Via Moda Shop","description":"La boutique en ligne de Via Moda Andorre","publisher":{"@id":"https:\/\/www.viamodashop.com\/fr\/#organization"},"potentialAction":[{"@type":"SearchAction","target":{"@type":"EntryPoint","urlTemplate":"https:\/\/www.viamodashop.com\/fr\/?s={search_term_string}"},"query-input":{"@type":"PropertyValueSpecification","valueRequired":true,"valueName":"search_term_string"}}],"inLanguage":"fr-FR"},{"@type":"Organization","@id":"https:\/\/www.viamodashop.com\/fr\/#organization","name":"Via Moda Shop","url":"https:\/\/www.viamodashop.com\/fr\/","logo":{"@type":"ImageObject","inLanguage":"fr-FR","@id":"https:\/\/www.viamodashop.com\/fr\/#\/schema\/logo\/image\/","url":"https:\/\/www.viamodashop.com\/wp-content\/uploads\/2020\/05\/viamoda-logo.svg","contentUrl":"https:\/\/www.viamodashop.com\/wp-content\/uploads\/2020\/05\/viamoda-logo.svg","width":165,"height":92,"caption":"Via Moda Shop"},"image":{"@id":"https:\/\/www.viamodashop.com\/fr\/#\/schema\/logo\/image\/"},"sameAs":["https:\/\/www.facebook.com\/viamodaandorra","https:\/\/x.com\/viamoda_andorra","https:\/\/www.instagram.com\/via_moda\/","https:\/\/www.youtube.com\/channel\/UCToWT3KAMCbBw8ZsTrTQZ_A","https:\/\/www.pinterest.com\/via_moda\/","https:\/\/www.linkedin.com\/company\/viamoda\/"]}]}},"_links":{"self":[{"href":"https:\/\/www.viamodashop.com\/fr\/wp-json\/wp\/v2\/pages\/557","targetHints":{"allow":["GET"]}}],"collection":[{"href":"https:\/\/www.viamodashop.com\/fr\/wp-json\/wp\/v2\/pages"}],"about":[{"href":"https:\/\/www.viamodashop.com\/fr\/wp-json\/wp\/v2\/types\/page"}],"author":[{"embeddable":true,"href":"https:\/\/www.viamodashop.com\/fr\/wp-json\/wp\/v2\/users\/2"}],"replies":[{"embeddable":true,"href":"https:\/\/www.viamodashop.com\/fr\/wp-json\/wp\/v2\/comments?post=557"}],"version-history":[{"count":8,"href":"https:\/\/www.viamodashop.com\/fr\/wp-json\/wp\/v2\/pages\/557\/revisions"}],"predecessor-version":[{"id":1267,"href":"https:\/\/www.viamodashop.com\/fr\/wp-json\/wp\/v2\/pages\/557\/revisions\/1267"}],"wp:attachment":[{"href":"https:\/\/www.viamodashop.com\/fr\/wp-json\/wp\/v2\/media?parent=557"}],"curies":[{"name":"wp","href":"https:\/\/api.w.org\/{rel}","templated":true}]}}