{"id":726,"date":"2020-05-15T11:02:26","date_gmt":"2020-05-15T09:02:26","guid":{"rendered":"https:\/\/www.viamodashop.com\/sobre-via-moda\/"},"modified":"2024-02-14T12:43:32","modified_gmt":"2024-02-14T10:43:32","slug":"a-propos-de-nous","status":"publish","type":"page","link":"https:\/\/www.viamodashop.com\/fr\/a-propos-de-nous\/","title":{"rendered":"\u00c0 propos de nous"},"content":{"rendered":"<div class=\"wpb-content-wrapper\"><p>[vc_row css_animation=\u00a0\u00bb\u00a0\u00bb row_type=\u00a0\u00bbrow\u00a0\u00bb use_row_as_full_screen_section=\u00a0\u00bbno\u00a0\u00bb type=\u00a0\u00bbgrid\u00a0\u00bb angled_section=\u00a0\u00bbno\u00a0\u00bb text_align=\u00a0\u00bbleft\u00a0\u00bb background_image_as_pattern=\u00a0\u00bbwithout_pattern\u00a0\u00bb z_index=\u00a0\u00bb\u00a0\u00bb el_class=\u00a0\u00bbheader-banner-page\u00a0\u00bb][vc_column][vc_single_image image=\u00a0\u00bb749&Prime; img_size=\u00a0\u00bbfull\u00a0\u00bb alignment=\u00a0\u00bbcenter\u00a0\u00bb qode_css_animation=\u00a0\u00bb\u00a0\u00bb][\/vc_column][\/vc_row][vc_row css_animation=\u00a0\u00bb\u00a0\u00bb row_type=\u00a0\u00bbrow\u00a0\u00bb use_row_as_full_screen_section=\u00a0\u00bbno\u00a0\u00bb type=\u00a0\u00bbgrid\u00a0\u00bb angled_section=\u00a0\u00bbno\u00a0\u00bb text_align=\u00a0\u00bbleft\u00a0\u00bb background_image_as_pattern=\u00a0\u00bbwithout_pattern\u00a0\u00bb z_index=\u00a0\u00bb\u00a0\u00bb][vc_column][qode_elements_holder number_of_columns=\u00a0\u00bbone_column\u00a0\u00bb][qode_elements_holder_item advanced_animations=\u00a0\u00bbno\u00a0\u00bb item_padding=\u00a0\u00bb0 0 0 0&Prime;][vc_column_text]<\/p>\n<h2>\u00c0 propos de nous<\/h2>\n<p>[\/vc_column_text][vc_separator type=\u00a0\u00bbsmall\u00a0\u00bb position=\u00a0\u00bbleft\u00a0\u00bb color=\u00a0\u00bb#000000&Prime; thickness=\u00a0\u00bb3&Prime; width=\u00a0\u00bb50&Prime; up=\u00a0\u00bb11&Prime; down=\u00a0\u00bb15&Prime;][\/qode_elements_holder_item][\/qode_elements_holder][\/vc_column][\/vc_row][vc_row css_animation=\u00a0\u00bb\u00a0\u00bb row_type=\u00a0\u00bbrow\u00a0\u00bb use_row_as_full_screen_section=\u00a0\u00bbno\u00a0\u00bb type=\u00a0\u00bbfull_width\u00a0\u00bb angled_section=\u00a0\u00bbno\u00a0\u00bb text_align=\u00a0\u00bbleft\u00a0\u00bb background_image_as_pattern=\u00a0\u00bbwithout_pattern\u00a0\u00bb z_index=\u00a0\u00bb\u00a0\u00bb padding_top=\u00a0\u00bb24&Prime;][vc_column][vc_column_text]Via Moda a \u00e9t\u00e9 cr\u00e9\u00e9 en 1968 \u00e0 Andorre.<\/p>\n<p>Nous transmettons une philosophie o\u00f9 nos v\u00eatements et nos boutiques r\u00e9veillent les sens, en invitant \u00e0 vivre une exp\u00e9rience d\u2019achat Via Moda unique.<\/p>\n<p>Vous pourrez retrouver nos 21 boutiques dans le centre commercial du Principaut\u00e9 d\u2019Andorre, avec collections pour Femme, Homme, Enfants, Accessoires et Chaussures, qui se refl\u00e8tent dans un large \u00e9ventail de plus de 200 marques de mode par an.<\/p>\n<p>Chez Via Moda, vous trouverez pi\u00e8ces de Femme qui sont remplies d\u2019\u00e9nergie et qui apportent confort. Pour Homme, aussi des articles uniques aux d\u00e9tails sp\u00e9ciales. Pour les plus petits, couleur, magie, v\u00eatements remplis de bonne humeur et style pour les gar\u00e7ons, les filles et les b\u00e9b\u00e9s.<\/p>\n<p>Avec plus de 50 ans d&rsquo;exp\u00e9rience dans le secteur de la mode, nous garantissons un excellent service \u00e0 la client\u00e8le et nous avons d\u00e9j\u00e0 plus de 250 000 membres avec la carte client Via Moda, qui b\u00e9n\u00e9ficient de nos avantages exclusifs.<\/p>\n<p>Souhaitez-vous rejoindre notre Club ?[\/vc_column_text][\/vc_column][\/vc_row]<\/p>\n<\/div>","protected":false},"excerpt":{"rendered":"<p>[vc_row css_animation=\u00a0\u00bb\u00a0\u00bb row_type=\u00a0\u00bbrow\u00a0\u00bb use_row_as_full_screen_section=\u00a0\u00bbno\u00a0\u00bb type=\u00a0\u00bbgrid\u00a0\u00bb angled_section=\u00a0\u00bbno\u00a0\u00bb text_align=\u00a0\u00bbleft\u00a0\u00bb background_image_as_pattern=\u00a0\u00bbwithout_pattern\u00a0\u00bb z_index=\u00a0\u00bb\u00a0\u00bb el_class=\u00a0\u00bbheader-banner-page\u00a0\u00bb][vc_column][vc_single_image image=\u00a0\u00bb749&Prime; img_size=\u00a0\u00bbfull\u00a0\u00bb alignment=\u00a0\u00bbcenter\u00a0\u00bb qode_css_animation=\u00a0\u00bb\u00a0\u00bb][\/vc_column][\/vc_row][vc_row css_animation=\u00a0\u00bb\u00a0\u00bb row_type=\u00a0\u00bbrow\u00a0\u00bb use_row_as_full_screen_section=\u00a0\u00bbno\u00a0\u00bb type=\u00a0\u00bbgrid\u00a0\u00bb angled_section=\u00a0\u00bbno\u00a0\u00bb text_align=\u00a0\u00bbleft\u00a0\u00bb background_image_as_pattern=\u00a0\u00bbwithout_pattern\u00a0\u00bb z_index=\u00a0\u00bb\u00a0\u00bb][vc_column][qode_elements_holder number_of_columns=\u00a0\u00bbone_column\u00a0\u00bb][qode_elements_holder_item advanced_animations=\u00a0\u00bbno\u00a0\u00bb item_padding=\u00a0\u00bb0 0 0 0&Prime;][vc_column_text] \u00c0 propos de nous [\/vc_column_text][vc_separator type=\u00a0\u00bbsmall\u00a0\u00bb position=\u00a0\u00bbleft\u00a0\u00bb color=\u00a0\u00bb#000000&Prime; thickness=\u00a0\u00bb3&Prime; width=\u00a0\u00bb50&Prime; up=\u00a0\u00bb11&Prime; down=\u00a0\u00bb15&Prime;][\/qode_elements_holder_item][\/qode_elements_holder][\/vc_column][\/vc_row][vc_row css_animation=\u00a0\u00bb\u00a0\u00bb row_type=\u00a0\u00bbrow\u00a0\u00bb use_row_as_full_screen_section=\u00a0\u00bbno\u00a0\u00bb type=\u00a0\u00bbfull_width\u00a0\u00bb angled_section=\u00a0\u00bbno\u00a0\u00bb&#8230;<\/p>\n","protected":false},"author":2,"featured_media":0,"parent":0,"menu_order":0,"comment_status":"closed","ping_status":"closed","template":"","meta":{"footnotes":""},"class_list":["post-726","page","type-page","status-publish","hentry"],"yoast_head":"<!-- This site is optimized with the Yoast SEO plugin v27.5 - https:\/\/yoast.com\/product\/yoast-seo-wordpress\/ -->\n<title>\u00c0 propos de nous - Via Moda Shop<\/title>\n<meta name=\"robots\" content=\"index, follow, max-snippet:-1, max-image-preview:large, max-video-preview:-1\" \/>\n<link rel=\"canonical\" href=\"https:\/\/www.viamodashop.com\/fr\/a-propos-de-nous\/\" \/>\n<meta property=\"og:locale\" content=\"fr_FR\" \/>\n<meta property=\"og:type\" content=\"article\" \/>\n<meta property=\"og:title\" content=\"\u00c0 propos de nous - Via Moda Shop\" \/>\n<meta property=\"og:description\" content=\"[vc_row css_animation=\u00a0\u00bb\u00a0\u00bb row_type=\u00a0\u00bbrow\u00a0\u00bb use_row_as_full_screen_section=\u00a0\u00bbno\u00a0\u00bb type=\u00a0\u00bbgrid\u00a0\u00bb angled_section=\u00a0\u00bbno\u00a0\u00bb text_align=\u00a0\u00bbleft\u00a0\u00bb background_image_as_pattern=\u00a0\u00bbwithout_pattern\u00a0\u00bb z_index=\u00a0\u00bb\u00a0\u00bb el_class=\u00a0\u00bbheader-banner-page\u00a0\u00bb][vc_column][vc_single_image image=\u00a0\u00bb749&Prime; img_size=\u00a0\u00bbfull\u00a0\u00bb alignment=\u00a0\u00bbcenter\u00a0\u00bb qode_css_animation=\u00a0\u00bb\u00a0\u00bb][\/vc_column][\/vc_row][vc_row css_animation=\u00a0\u00bb\u00a0\u00bb row_type=\u00a0\u00bbrow\u00a0\u00bb use_row_as_full_screen_section=\u00a0\u00bbno\u00a0\u00bb type=\u00a0\u00bbgrid\u00a0\u00bb angled_section=\u00a0\u00bbno\u00a0\u00bb text_align=\u00a0\u00bbleft\u00a0\u00bb background_image_as_pattern=\u00a0\u00bbwithout_pattern\u00a0\u00bb z_index=\u00a0\u00bb\u00a0\u00bb][vc_column][qode_elements_holder number_of_columns=\u00a0\u00bbone_column\u00a0\u00bb][qode_elements_holder_item advanced_animations=\u00a0\u00bbno\u00a0\u00bb item_padding=\u00a0\u00bb0 0 0 0&Prime;][vc_column_text] \u00c0 propos de nous [\/vc_column_text][vc_separator type=\u00a0\u00bbsmall\u00a0\u00bb position=\u00a0\u00bbleft\u00a0\u00bb color=\u00a0\u00bb#000000&Prime; thickness=\u00a0\u00bb3&Prime; width=\u00a0\u00bb50&Prime; up=\u00a0\u00bb11&Prime; down=\u00a0\u00bb15&Prime;][\/qode_elements_holder_item][\/qode_elements_holder][\/vc_column][\/vc_row][vc_row css_animation=\u00a0\u00bb\u00a0\u00bb row_type=\u00a0\u00bbrow\u00a0\u00bb use_row_as_full_screen_section=\u00a0\u00bbno\u00a0\u00bb type=\u00a0\u00bbfull_width\u00a0\u00bb angled_section=\u00a0\u00bbno\u00a0\u00bb...\" \/>\n<meta property=\"og:url\" content=\"https:\/\/www.viamodashop.com\/fr\/a-propos-de-nous\/\" \/>\n<meta property=\"og:site_name\" content=\"Via Moda Shop\" \/>\n<meta property=\"article:publisher\" content=\"https:\/\/www.facebook.com\/viamodaandorra\" \/>\n<meta property=\"article:modified_time\" content=\"2024-02-14T10:43:32+00:00\" \/>\n<meta name=\"twitter:card\" content=\"summary_large_image\" \/>\n<meta name=\"twitter:site\" content=\"@viamoda_andorra\" \/>\n<script type=\"application\/ld+json\" class=\"yoast-schema-graph\">{\"@context\":\"https:\\\/\\\/schema.org\",\"@graph\":[{\"@type\":\"WebPage\",\"@id\":\"https:\\\/\\\/www.viamodashop.com\\\/fr\\\/a-propos-de-nous\\\/\",\"url\":\"https:\\\/\\\/www.viamodashop.com\\\/fr\\\/a-propos-de-nous\\\/\",\"name\":\"\u00c0 propos de nous - Via Moda Shop\",\"isPartOf\":{\"@id\":\"https:\\\/\\\/www.viamodashop.com\\\/fr\\\/#website\"},\"datePublished\":\"2020-05-15T09:02:26+00:00\",\"dateModified\":\"2024-02-14T10:43:32+00:00\",\"breadcrumb\":{\"@id\":\"https:\\\/\\\/www.viamodashop.com\\\/fr\\\/a-propos-de-nous\\\/#breadcrumb\"},\"inLanguage\":\"fr-FR\",\"potentialAction\":[{\"@type\":\"ReadAction\",\"target\":[\"https:\\\/\\\/www.viamodashop.com\\\/fr\\\/a-propos-de-nous\\\/\"]}]},{\"@type\":\"BreadcrumbList\",\"@id\":\"https:\\\/\\\/www.viamodashop.com\\\/fr\\\/a-propos-de-nous\\\/#breadcrumb\",\"itemListElement\":[{\"@type\":\"ListItem\",\"position\":1,\"name\":\"Home\",\"item\":\"https:\\\/\\\/www.viamodashop.com\\\/fr\\\/\"},{\"@type\":\"ListItem\",\"position\":2,\"name\":\"\u00c0 propos de nous\"}]},{\"@type\":\"WebSite\",\"@id\":\"https:\\\/\\\/www.viamodashop.com\\\/fr\\\/#website\",\"url\":\"https:\\\/\\\/www.viamodashop.com\\\/fr\\\/\",\"name\":\"Via Moda Shop\",\"description\":\"La boutique en ligne de Via Moda Andorre\",\"publisher\":{\"@id\":\"https:\\\/\\\/www.viamodashop.com\\\/fr\\\/#organization\"},\"potentialAction\":[{\"@type\":\"SearchAction\",\"target\":{\"@type\":\"EntryPoint\",\"urlTemplate\":\"https:\\\/\\\/www.viamodashop.com\\\/fr\\\/?s={search_term_string}\"},\"query-input\":{\"@type\":\"PropertyValueSpecification\",\"valueRequired\":true,\"valueName\":\"search_term_string\"}}],\"inLanguage\":\"fr-FR\"},{\"@type\":\"Organization\",\"@id\":\"https:\\\/\\\/www.viamodashop.com\\\/fr\\\/#organization\",\"name\":\"Via Moda Shop\",\"url\":\"https:\\\/\\\/www.viamodashop.com\\\/fr\\\/\",\"logo\":{\"@type\":\"ImageObject\",\"inLanguage\":\"fr-FR\",\"@id\":\"https:\\\/\\\/www.viamodashop.com\\\/fr\\\/#\\\/schema\\\/logo\\\/image\\\/\",\"url\":\"https:\\\/\\\/www.viamodashop.com\\\/wp-content\\\/uploads\\\/2020\\\/05\\\/viamoda-logo.svg\",\"contentUrl\":\"https:\\\/\\\/www.viamodashop.com\\\/wp-content\\\/uploads\\\/2020\\\/05\\\/viamoda-logo.svg\",\"width\":165,\"height\":92,\"caption\":\"Via Moda Shop\"},\"image\":{\"@id\":\"https:\\\/\\\/www.viamodashop.com\\\/fr\\\/#\\\/schema\\\/logo\\\/image\\\/\"},\"sameAs\":[\"https:\\\/\\\/www.facebook.com\\\/viamodaandorra\",\"https:\\\/\\\/x.com\\\/viamoda_andorra\",\"https:\\\/\\\/www.instagram.com\\\/via_moda\\\/\",\"https:\\\/\\\/www.youtube.com\\\/channel\\\/UCToWT3KAMCbBw8ZsTrTQZ_A\",\"https:\\\/\\\/www.pinterest.com\\\/via_moda\\\/\",\"https:\\\/\\\/www.linkedin.com\\\/company\\\/viamoda\\\/\"]}]}<\/script>\n<!-- \/ Yoast SEO plugin. -->","yoast_head_json":{"title":"\u00c0 propos de nous - Via Moda Shop","robots":{"index":"index","follow":"follow","max-snippet":"max-snippet:-1","max-image-preview":"max-image-preview:large","max-video-preview":"max-video-preview:-1"},"canonical":"https:\/\/www.viamodashop.com\/fr\/a-propos-de-nous\/","og_locale":"fr_FR","og_type":"article","og_title":"\u00c0 propos de nous - Via Moda Shop","og_description":"[vc_row css_animation=\u00a0\u00bb\u00a0\u00bb row_type=\u00a0\u00bbrow\u00a0\u00bb use_row_as_full_screen_section=\u00a0\u00bbno\u00a0\u00bb type=\u00a0\u00bbgrid\u00a0\u00bb angled_section=\u00a0\u00bbno\u00a0\u00bb text_align=\u00a0\u00bbleft\u00a0\u00bb background_image_as_pattern=\u00a0\u00bbwithout_pattern\u00a0\u00bb z_index=\u00a0\u00bb\u00a0\u00bb el_class=\u00a0\u00bbheader-banner-page\u00a0\u00bb][vc_column][vc_single_image image=\u00a0\u00bb749&Prime; img_size=\u00a0\u00bbfull\u00a0\u00bb alignment=\u00a0\u00bbcenter\u00a0\u00bb qode_css_animation=\u00a0\u00bb\u00a0\u00bb][\/vc_column][\/vc_row][vc_row css_animation=\u00a0\u00bb\u00a0\u00bb row_type=\u00a0\u00bbrow\u00a0\u00bb use_row_as_full_screen_section=\u00a0\u00bbno\u00a0\u00bb type=\u00a0\u00bbgrid\u00a0\u00bb angled_section=\u00a0\u00bbno\u00a0\u00bb text_align=\u00a0\u00bbleft\u00a0\u00bb background_image_as_pattern=\u00a0\u00bbwithout_pattern\u00a0\u00bb z_index=\u00a0\u00bb\u00a0\u00bb][vc_column][qode_elements_holder number_of_columns=\u00a0\u00bbone_column\u00a0\u00bb][qode_elements_holder_item advanced_animations=\u00a0\u00bbno\u00a0\u00bb item_padding=\u00a0\u00bb0 0 0 0&Prime;][vc_column_text] \u00c0 propos de nous [\/vc_column_text][vc_separator type=\u00a0\u00bbsmall\u00a0\u00bb position=\u00a0\u00bbleft\u00a0\u00bb color=\u00a0\u00bb#000000&Prime; thickness=\u00a0\u00bb3&Prime; width=\u00a0\u00bb50&Prime; up=\u00a0\u00bb11&Prime; down=\u00a0\u00bb15&Prime;][\/qode_elements_holder_item][\/qode_elements_holder][\/vc_column][\/vc_row][vc_row css_animation=\u00a0\u00bb\u00a0\u00bb row_type=\u00a0\u00bbrow\u00a0\u00bb use_row_as_full_screen_section=\u00a0\u00bbno\u00a0\u00bb type=\u00a0\u00bbfull_width\u00a0\u00bb angled_section=\u00a0\u00bbno\u00a0\u00bb...","og_url":"https:\/\/www.viamodashop.com\/fr\/a-propos-de-nous\/","og_site_name":"Via Moda Shop","article_publisher":"https:\/\/www.facebook.com\/viamodaandorra","article_modified_time":"2024-02-14T10:43:32+00:00","twitter_card":"summary_large_image","twitter_site":"@viamoda_andorra","schema":{"@context":"https:\/\/schema.org","@graph":[{"@type":"WebPage","@id":"https:\/\/www.viamodashop.com\/fr\/a-propos-de-nous\/","url":"https:\/\/www.viamodashop.com\/fr\/a-propos-de-nous\/","name":"\u00c0 propos de nous - Via Moda Shop","isPartOf":{"@id":"https:\/\/www.viamodashop.com\/fr\/#website"},"datePublished":"2020-05-15T09:02:26+00:00","dateModified":"2024-02-14T10:43:32+00:00","breadcrumb":{"@id":"https:\/\/www.viamodashop.com\/fr\/a-propos-de-nous\/#breadcrumb"},"inLanguage":"fr-FR","potentialAction":[{"@type":"ReadAction","target":["https:\/\/www.viamodashop.com\/fr\/a-propos-de-nous\/"]}]},{"@type":"BreadcrumbList","@id":"https:\/\/www.viamodashop.com\/fr\/a-propos-de-nous\/#breadcrumb","itemListElement":[{"@type":"ListItem","position":1,"name":"Home","item":"https:\/\/www.viamodashop.com\/fr\/"},{"@type":"ListItem","position":2,"name":"\u00c0 propos de nous"}]},{"@type":"WebSite","@id":"https:\/\/www.viamodashop.com\/fr\/#website","url":"https:\/\/www.viamodashop.com\/fr\/","name":"Via Moda Shop","description":"La boutique en ligne de Via Moda Andorre","publisher":{"@id":"https:\/\/www.viamodashop.com\/fr\/#organization"},"potentialAction":[{"@type":"SearchAction","target":{"@type":"EntryPoint","urlTemplate":"https:\/\/www.viamodashop.com\/fr\/?s={search_term_string}"},"query-input":{"@type":"PropertyValueSpecification","valueRequired":true,"valueName":"search_term_string"}}],"inLanguage":"fr-FR"},{"@type":"Organization","@id":"https:\/\/www.viamodashop.com\/fr\/#organization","name":"Via Moda Shop","url":"https:\/\/www.viamodashop.com\/fr\/","logo":{"@type":"ImageObject","inLanguage":"fr-FR","@id":"https:\/\/www.viamodashop.com\/fr\/#\/schema\/logo\/image\/","url":"https:\/\/www.viamodashop.com\/wp-content\/uploads\/2020\/05\/viamoda-logo.svg","contentUrl":"https:\/\/www.viamodashop.com\/wp-content\/uploads\/2020\/05\/viamoda-logo.svg","width":165,"height":92,"caption":"Via Moda Shop"},"image":{"@id":"https:\/\/www.viamodashop.com\/fr\/#\/schema\/logo\/image\/"},"sameAs":["https:\/\/www.facebook.com\/viamodaandorra","https:\/\/x.com\/viamoda_andorra","https:\/\/www.instagram.com\/via_moda\/","https:\/\/www.youtube.com\/channel\/UCToWT3KAMCbBw8ZsTrTQZ_A","https:\/\/www.pinterest.com\/via_moda\/","https:\/\/www.linkedin.com\/company\/viamoda\/"]}]}},"_links":{"self":[{"href":"https:\/\/www.viamodashop.com\/fr\/wp-json\/wp\/v2\/pages\/726","targetHints":{"allow":["GET"]}}],"collection":[{"href":"https:\/\/www.viamodashop.com\/fr\/wp-json\/wp\/v2\/pages"}],"about":[{"href":"https:\/\/www.viamodashop.com\/fr\/wp-json\/wp\/v2\/types\/page"}],"author":[{"embeddable":true,"href":"https:\/\/www.viamodashop.com\/fr\/wp-json\/wp\/v2\/users\/2"}],"replies":[{"embeddable":true,"href":"https:\/\/www.viamodashop.com\/fr\/wp-json\/wp\/v2\/comments?post=726"}],"version-history":[{"count":12,"href":"https:\/\/www.viamodashop.com\/fr\/wp-json\/wp\/v2\/pages\/726\/revisions"}],"predecessor-version":[{"id":2438,"href":"https:\/\/www.viamodashop.com\/fr\/wp-json\/wp\/v2\/pages\/726\/revisions\/2438"}],"wp:attachment":[{"href":"https:\/\/www.viamodashop.com\/fr\/wp-json\/wp\/v2\/media?parent=726"}],"curies":[{"name":"wp","href":"https:\/\/api.w.org\/{rel}","templated":true}]}}