{"id":788,"date":"2020-05-19T17:55:26","date_gmt":"2020-05-19T15:55:26","guid":{"rendered":"https:\/\/www.viamodashop.com\/condicions-dus-targetes-regal-virtuals-i-fisica\/"},"modified":"2020-12-23T10:47:10","modified_gmt":"2020-12-23T08:47:10","slug":"conditions-dutilisation-des-cartes-cadeaux-digitales-et-physiques","status":"publish","type":"page","link":"https:\/\/www.viamodashop.com\/fr\/conditions-dutilisation-des-cartes-cadeaux-digitales-et-physiques\/","title":{"rendered":"Conditions d&rsquo;utilisation des cartes cadeaux digitales et physiques"},"content":{"rendered":"<div class=\"wpb-content-wrapper\"><p>[vc_row css_animation=\u00a0\u00bb\u00a0\u00bb row_type=\u00a0\u00bbrow\u00a0\u00bb use_row_as_full_screen_section=\u00a0\u00bbno\u00a0\u00bb type=\u00a0\u00bbfull_width\u00a0\u00bb angled_section=\u00a0\u00bbno\u00a0\u00bb text_align=\u00a0\u00bbleft\u00a0\u00bb background_image_as_pattern=\u00a0\u00bbwithout_pattern\u00a0\u00bb el_class=\u00a0\u00bbsection-split-bottom\u00a0\u00bb z_index=\u00a0\u00bb\u00a0\u00bb][vc_column][vc_column_text]<\/p>\n<h1 style=\"text-align: left;\">CONDITIONS D&rsquo;UTILISATION DES CARTES CADEAUX DIGITALES ET PHYSIQUES<\/h1>\n<p>[\/vc_column_text][vc_separator type=\u00a0\u00bbsmall\u00a0\u00bb position=\u00a0\u00bbleft\u00a0\u00bb color=\u00a0\u00bb#000000&Prime; thickness=\u00a0\u00bb3&Prime; width=\u00a0\u00bb50&Prime; up=\u00a0\u00bb8&Prime; down=\u00a0\u00bb16&Prime;][\/vc_column][\/vc_row][vc_row css_animation=\u00a0\u00bb\u00a0\u00bb row_type=\u00a0\u00bbrow\u00a0\u00bb use_row_as_full_screen_section=\u00a0\u00bbno\u00a0\u00bb type=\u00a0\u00bbfull_width\u00a0\u00bb angled_section=\u00a0\u00bbno\u00a0\u00bb text_align=\u00a0\u00bbleft\u00a0\u00bb background_image_as_pattern=\u00a0\u00bbwithout_pattern\u00a0\u00bb el_class=\u00a0\u00bbsection-split-bottom\u00a0\u00bb z_index=\u00a0\u00bb\u00a0\u00bb][vc_column css=\u00a0\u00bb.vc_custom_1506117902509{margin-top: -25px !important;}\u00a0\u00bb][vc_column_text]<\/p>\n<h2>Conditions d&rsquo;utilisation des cartes cadeaux digitales<\/h2>\n<p>La carte cadeau digitale est valable pour tout achat de produits disponibles \u00e0 la vente dans les 24 boutiques du groupe Via Moda dans la principaut\u00e9 d&rsquo;Andorre : Benetton 012, Buick, Desigual, G-Star Raw, Goose&amp;Duck, Hugo Boss, Jack&amp;Jones\/Vero Moda, Jeans Culte, Jott, Levi\u2019s, Levi\u2019s Illa, Liu\u00b7Jo, M\u00edtics, Napapijri, Now Andorra, Now Escaldes, Options+, Ovs Kids, Ovs Kids Illa, Replay, Shibori, Subdued, Tango et Urban.<\/p>\n<p>La carte cadeau digitale appartient \u00e0 son \u00e9metteur\u00a0: Via Moda, S.L., enregistr\u00e9 sous le num\u00e9ro N.R.T. L-705430-D, et sis C\/ de l\u2019Aig\u00fceta 2-4, AD500 Andorre-la-Vieille, dans la principaut\u00e9 d&rsquo;Andorre, le porteur n&rsquo;\u00e9tant qu&rsquo;un simple d\u00e9positaire.<\/p>\n<p>La carte cadeau digitale n\u2019a pas de date d&rsquo;expiration.<\/p>\n<p>Il est possible d\u2019\u00e9mettre la carte cadeau digitale pour un montant minimum de 10\u00a0\u20ac et maximum de 1\u00a0000\u00a0\u20ac, et de l\u2019utiliser pour les soldes, promotions et offres sp\u00e9ciales.<\/p>\n<p>Le solde disponible sur la carte cadeau digitale ne peut donner lieu \u00e0 un remboursement ou \u00e0 un \u00e9change en esp\u00e8ces.<\/p>\n<p>Il n\u2019est pas n\u00e9cessaire de consommer toute la valeur de la carte cadeau digitale lors d\u2019un m\u00eame achat. Le solde non utilis\u00e9 sera conserv\u00e9 sur la carte pour des achats futurs. Lorsque le montant total de l\u2019achat est sup\u00e9rieur au solde de la carte cadeau digitale, il est possible de r\u00e9gler la diff\u00e9rence avec tout autre mode de paiement accept\u00e9.<\/p>\n<p>Les produits achet\u00e9s avec la carte cadeau sont soumis \u00e0 la m\u00eame politique d\u2019\u00e9change, de retour et de r\u00e9tractation que les produits achet\u00e9s dans l\u2019un des 24 magasins du groupe Via Moda.<\/p>\n<p>La carte cadeau digitale est un document au porteur. Son d\u00e9tenteur est seul responsable de sa conservation et de son utilisation. Les cartes cadeaux perdues, vol\u00e9es ou endommag\u00e9es ne seront pas remplac\u00e9es.<\/p>\n<p>Toute carte cadeau digitale obtenue de mani\u00e8re frauduleuse et ill\u00e9gale sera nulle, ne pourra pas \u00eatre utilis\u00e9e pour l&rsquo;achat de produits et son montant ne pourra donner lieu \u00e0 un remboursement.<\/p>\n<p>En cas d\u2019achat de la carte cadeau digitale, nous ne pourrons \u00eatre tenus responsables de la non-r\u00e9ception ou de la r\u00e9ception tardive par le destinataire pour des raisons ind\u00e9pendantes de notre volont\u00e9, y compris, mais sans s&rsquo;y limiter, (1) les d\u00e9ficiences ou pannes des lignes ou syst\u00e8mes de t\u00e9l\u00e9communications, (2) le retard dans la transmission d&rsquo;informations ou de donn\u00e9es ou la perte d&rsquo;informations ou de donn\u00e9es pouvant survenir \u00e0 l&rsquo;occasion de l&rsquo;une des circonstances \u00e9nonc\u00e9es au point (1), (3) l&rsquo;inexactitude des coordonn\u00e9es du destinataire de la carte cadeau digitale fournies par l&rsquo;acheteur, (4) l&rsquo;impossibilit\u00e9 de livrer la carte cadeau digitale sur le compte de courrier \u00e9lectronique fourni ou (5) le classement automatique du courrier \u00e9lectronique envoy\u00e9 comme spam ou courrier ind\u00e9sirable.<\/p>\n<p>La carte cadeau digitale ne peut \u00eatre utilis\u00e9e \u00e0 des fins publicitaires ou promotionnelles sauf autorisation expresse et \u00e9crite de l\u2019\u00e9metteur.<\/p>\n<p>L\u2019acquisition et\/ou l\u2019utilisation de la carte cadeau digitale entra\u00eene de plein droit l\u2019acceptation des pr\u00e9sentes conditions, qui ont \u00e9t\u00e9 transmises avant l\u2019achat de cette derni\u00e8re. Les pr\u00e9sentes conditions g\u00e9n\u00e9rales sont r\u00e9gies par le droit andorran.[\/vc_column_text][\/vc_column][\/vc_row][vc_row css_animation=\u00a0\u00bb\u00a0\u00bb row_type=\u00a0\u00bbrow\u00a0\u00bb use_row_as_full_screen_section=\u00a0\u00bbno\u00a0\u00bb type=\u00a0\u00bbfull_width\u00a0\u00bb angled_section=\u00a0\u00bbno\u00a0\u00bb text_align=\u00a0\u00bbleft\u00a0\u00bb background_image_as_pattern=\u00a0\u00bbwithout_pattern\u00a0\u00bb el_class=\u00a0\u00bbsection-split-bottom\u00a0\u00bb z_index=\u00a0\u00bb\u00a0\u00bb][vc_column css=\u00a0\u00bb.vc_custom_1506117902509{margin-top: -25px !important;}\u00a0\u00bb][vc_column_text]<\/p>\n<h2>Conditions d&rsquo;utilisation des cartes cadeaux physiques<\/h2>\n<p>La carte cadeau est valable dans toutes les boutiques VIA MODA de la principaut\u00e9 d\u2019Andorre et sur tous les articles disponibles \u00e0 la vente. Vous pouvez vous la procurer dans tous les centres de VIA MODA en utilisant l\u2019un des modes de paiement accept\u00e9s par l\u2019entreprise.<\/p>\n<p>Sa valeur, non remboursable, correspond au montant en euros figurant au recto de la carte.<\/p>\n<p>La carte appartient \u00e0 VIA MODA. Elle est valable 2 ans \u00e0 compter de la date d\u2019acquisition ou jusqu\u2019\u00e0 d\u00e9penser le montant total figurant au recto de la carte au cours de cette p\u00e9riode. Pass\u00e9 ce d\u00e9lai, la carte ne pourra plus \u00eatre utilis\u00e9e pour acheter des articles ni pour r\u00e9clamer le solde non utilis\u00e9.<\/p>\n<p>La carte peut \u00eatre utilis\u00e9e autant de fois que vous le souhaitez pendant ces 2 ans, \u00e0 condition que le solde soit positif. Le solde disponible sur la carte correspond \u00e0 la diff\u00e9rence entre le solde disponible au moment de r\u00e9aliser l\u2019achat et le montant de l\u2019achat. Vous pourrez consulter le solde restant \u00e0 chaque fois que vous le souhaitez. Pour ce faire, il vous suffira de contacter le service client de VIA MODA. Si le solde disponible n\u2019est pas suffisant pour r\u00e9gler le montant d\u2019un achat, vous pouvez compl\u00e9ter en utilisant l\u2019un des modes de paiement accept\u00e9s par l\u2019entreprise.<\/p>\n<p>Le porteur (ou titulaire) de la carte s\u2019engage dans tous les cas \u00e0 en faire bon usage. VIA MODA ne pourra \u00eatre tenu de remplacer la carte ou de d\u00e9dommager son titulaire en cas d\u2019utilisation non autoris\u00e9e, vol ou perte, destruction ou endommagement, etc.<\/p>\n<p>Seuls les remboursements d\u2019articles achet\u00e9s avec la carte cadeau physique VIA MODA seront accept\u00e9s, \u00e0 condition de pr\u00e9senter le ticket de caisse. Le remboursement sera directement vers\u00e9 sur la carte cadeau physique VIA MODA ou prendra la forme d\u2019un avoir.<\/p>\n<p>Tout litige concernant les cartes sera soumis aux tribunaux comp\u00e9tents et au droit andorran. Son utilisation entra\u00eene l\u2019acceptation des conditions figurant au dos de la carte ainsi que des pr\u00e9sentes conditions g\u00e9n\u00e9rales d\u2019utilisation.[\/vc_column_text][\/vc_column][\/vc_row]<\/p>\n<\/div>","protected":false},"excerpt":{"rendered":"<p>[vc_row css_animation=\u00a0\u00bb\u00a0\u00bb row_type=\u00a0\u00bbrow\u00a0\u00bb use_row_as_full_screen_section=\u00a0\u00bbno\u00a0\u00bb type=\u00a0\u00bbfull_width\u00a0\u00bb angled_section=\u00a0\u00bbno\u00a0\u00bb text_align=\u00a0\u00bbleft\u00a0\u00bb background_image_as_pattern=\u00a0\u00bbwithout_pattern\u00a0\u00bb el_class=\u00a0\u00bbsection-split-bottom\u00a0\u00bb z_index=\u00a0\u00bb\u00a0\u00bb][vc_column][vc_column_text] CONDITIONS D&rsquo;UTILISATION DES CARTES CADEAUX DIGITALES ET PHYSIQUES [\/vc_column_text][vc_separator type=\u00a0\u00bbsmall\u00a0\u00bb position=\u00a0\u00bbleft\u00a0\u00bb color=\u00a0\u00bb#000000&Prime; thickness=\u00a0\u00bb3&Prime; width=\u00a0\u00bb50&Prime; up=\u00a0\u00bb8&Prime; down=\u00a0\u00bb16&Prime;][\/vc_column][\/vc_row][vc_row css_animation=\u00a0\u00bb\u00a0\u00bb row_type=\u00a0\u00bbrow\u00a0\u00bb use_row_as_full_screen_section=\u00a0\u00bbno\u00a0\u00bb type=\u00a0\u00bbfull_width\u00a0\u00bb angled_section=\u00a0\u00bbno\u00a0\u00bb text_align=\u00a0\u00bbleft\u00a0\u00bb background_image_as_pattern=\u00a0\u00bbwithout_pattern\u00a0\u00bb el_class=\u00a0\u00bbsection-split-bottom\u00a0\u00bb z_index=\u00a0\u00bb\u00a0\u00bb][vc_column css=\u00a0\u00bb.vc_custom_1506117902509{margin-top: -25px !important;}\u00a0\u00bb][vc_column_text] Conditions d&rsquo;utilisation des cartes cadeaux digitales La&#8230;<\/p>\n","protected":false},"author":2,"featured_media":0,"parent":0,"menu_order":0,"comment_status":"closed","ping_status":"closed","template":"","meta":{"footnotes":""},"class_list":["post-788","page","type-page","status-publish","hentry"],"yoast_head":"<!-- This site is optimized with the Yoast SEO plugin v27.5 - https:\/\/yoast.com\/product\/yoast-seo-wordpress\/ -->\n<title>Conditions d&#039;utilisation des cartes cadeaux digitales et physiques - Via Moda Shop<\/title>\n<meta name=\"robots\" content=\"index, follow, max-snippet:-1, max-image-preview:large, max-video-preview:-1\" \/>\n<link rel=\"canonical\" href=\"https:\/\/www.viamodashop.com\/fr\/conditions-dutilisation-des-cartes-cadeaux-digitales-et-physiques\/\" \/>\n<meta property=\"og:locale\" content=\"fr_FR\" \/>\n<meta property=\"og:type\" content=\"article\" \/>\n<meta property=\"og:title\" content=\"Conditions d&#039;utilisation des cartes cadeaux digitales et physiques - Via Moda Shop\" \/>\n<meta property=\"og:description\" content=\"[vc_row css_animation=\u00a0\u00bb\u00a0\u00bb row_type=\u00a0\u00bbrow\u00a0\u00bb use_row_as_full_screen_section=\u00a0\u00bbno\u00a0\u00bb type=\u00a0\u00bbfull_width\u00a0\u00bb angled_section=\u00a0\u00bbno\u00a0\u00bb text_align=\u00a0\u00bbleft\u00a0\u00bb background_image_as_pattern=\u00a0\u00bbwithout_pattern\u00a0\u00bb el_class=\u00a0\u00bbsection-split-bottom\u00a0\u00bb z_index=\u00a0\u00bb\u00a0\u00bb][vc_column][vc_column_text] CONDITIONS D&rsquo;UTILISATION DES CARTES CADEAUX DIGITALES ET PHYSIQUES [\/vc_column_text][vc_separator type=\u00a0\u00bbsmall\u00a0\u00bb position=\u00a0\u00bbleft\u00a0\u00bb color=\u00a0\u00bb#000000&Prime; thickness=\u00a0\u00bb3&Prime; width=\u00a0\u00bb50&Prime; up=\u00a0\u00bb8&Prime; down=\u00a0\u00bb16&Prime;][\/vc_column][\/vc_row][vc_row css_animation=\u00a0\u00bb\u00a0\u00bb row_type=\u00a0\u00bbrow\u00a0\u00bb use_row_as_full_screen_section=\u00a0\u00bbno\u00a0\u00bb type=\u00a0\u00bbfull_width\u00a0\u00bb angled_section=\u00a0\u00bbno\u00a0\u00bb text_align=\u00a0\u00bbleft\u00a0\u00bb background_image_as_pattern=\u00a0\u00bbwithout_pattern\u00a0\u00bb el_class=\u00a0\u00bbsection-split-bottom\u00a0\u00bb z_index=\u00a0\u00bb\u00a0\u00bb][vc_column css=\u00a0\u00bb.vc_custom_1506117902509{margin-top: -25px !important;}\u00a0\u00bb][vc_column_text] Conditions d&rsquo;utilisation des cartes cadeaux digitales La...\" \/>\n<meta property=\"og:url\" content=\"https:\/\/www.viamodashop.com\/fr\/conditions-dutilisation-des-cartes-cadeaux-digitales-et-physiques\/\" \/>\n<meta property=\"og:site_name\" content=\"Via Moda Shop\" \/>\n<meta property=\"article:publisher\" content=\"https:\/\/www.facebook.com\/viamodaandorra\" \/>\n<meta property=\"article:modified_time\" content=\"2020-12-23T08:47:10+00:00\" \/>\n<meta name=\"twitter:card\" content=\"summary_large_image\" \/>\n<meta name=\"twitter:site\" content=\"@viamoda_andorra\" \/>\n<script type=\"application\/ld+json\" class=\"yoast-schema-graph\">{\"@context\":\"https:\\\/\\\/schema.org\",\"@graph\":[{\"@type\":\"WebPage\",\"@id\":\"https:\\\/\\\/www.viamodashop.com\\\/fr\\\/conditions-dutilisation-des-cartes-cadeaux-digitales-et-physiques\\\/\",\"url\":\"https:\\\/\\\/www.viamodashop.com\\\/fr\\\/conditions-dutilisation-des-cartes-cadeaux-digitales-et-physiques\\\/\",\"name\":\"Conditions d'utilisation des cartes cadeaux digitales et physiques - Via Moda Shop\",\"isPartOf\":{\"@id\":\"https:\\\/\\\/www.viamodashop.com\\\/fr\\\/#website\"},\"datePublished\":\"2020-05-19T15:55:26+00:00\",\"dateModified\":\"2020-12-23T08:47:10+00:00\",\"breadcrumb\":{\"@id\":\"https:\\\/\\\/www.viamodashop.com\\\/fr\\\/conditions-dutilisation-des-cartes-cadeaux-digitales-et-physiques\\\/#breadcrumb\"},\"inLanguage\":\"fr-FR\",\"potentialAction\":[{\"@type\":\"ReadAction\",\"target\":[\"https:\\\/\\\/www.viamodashop.com\\\/fr\\\/conditions-dutilisation-des-cartes-cadeaux-digitales-et-physiques\\\/\"]}]},{\"@type\":\"BreadcrumbList\",\"@id\":\"https:\\\/\\\/www.viamodashop.com\\\/fr\\\/conditions-dutilisation-des-cartes-cadeaux-digitales-et-physiques\\\/#breadcrumb\",\"itemListElement\":[{\"@type\":\"ListItem\",\"position\":1,\"name\":\"Home\",\"item\":\"https:\\\/\\\/www.viamodashop.com\\\/fr\\\/\"},{\"@type\":\"ListItem\",\"position\":2,\"name\":\"Conditions d&#8217;utilisation des cartes cadeaux digitales et physiques\"}]},{\"@type\":\"WebSite\",\"@id\":\"https:\\\/\\\/www.viamodashop.com\\\/fr\\\/#website\",\"url\":\"https:\\\/\\\/www.viamodashop.com\\\/fr\\\/\",\"name\":\"Via Moda Shop\",\"description\":\"La boutique en ligne de Via Moda Andorre\",\"publisher\":{\"@id\":\"https:\\\/\\\/www.viamodashop.com\\\/fr\\\/#organization\"},\"potentialAction\":[{\"@type\":\"SearchAction\",\"target\":{\"@type\":\"EntryPoint\",\"urlTemplate\":\"https:\\\/\\\/www.viamodashop.com\\\/fr\\\/?s={search_term_string}\"},\"query-input\":{\"@type\":\"PropertyValueSpecification\",\"valueRequired\":true,\"valueName\":\"search_term_string\"}}],\"inLanguage\":\"fr-FR\"},{\"@type\":\"Organization\",\"@id\":\"https:\\\/\\\/www.viamodashop.com\\\/fr\\\/#organization\",\"name\":\"Via Moda Shop\",\"url\":\"https:\\\/\\\/www.viamodashop.com\\\/fr\\\/\",\"logo\":{\"@type\":\"ImageObject\",\"inLanguage\":\"fr-FR\",\"@id\":\"https:\\\/\\\/www.viamodashop.com\\\/fr\\\/#\\\/schema\\\/logo\\\/image\\\/\",\"url\":\"https:\\\/\\\/www.viamodashop.com\\\/wp-content\\\/uploads\\\/2020\\\/05\\\/viamoda-logo.svg\",\"contentUrl\":\"https:\\\/\\\/www.viamodashop.com\\\/wp-content\\\/uploads\\\/2020\\\/05\\\/viamoda-logo.svg\",\"width\":165,\"height\":92,\"caption\":\"Via Moda Shop\"},\"image\":{\"@id\":\"https:\\\/\\\/www.viamodashop.com\\\/fr\\\/#\\\/schema\\\/logo\\\/image\\\/\"},\"sameAs\":[\"https:\\\/\\\/www.facebook.com\\\/viamodaandorra\",\"https:\\\/\\\/x.com\\\/viamoda_andorra\",\"https:\\\/\\\/www.instagram.com\\\/via_moda\\\/\",\"https:\\\/\\\/www.youtube.com\\\/channel\\\/UCToWT3KAMCbBw8ZsTrTQZ_A\",\"https:\\\/\\\/www.pinterest.com\\\/via_moda\\\/\",\"https:\\\/\\\/www.linkedin.com\\\/company\\\/viamoda\\\/\"]}]}<\/script>\n<!-- \/ Yoast SEO plugin. -->","yoast_head_json":{"title":"Conditions d'utilisation des cartes cadeaux digitales et physiques - Via Moda Shop","robots":{"index":"index","follow":"follow","max-snippet":"max-snippet:-1","max-image-preview":"max-image-preview:large","max-video-preview":"max-video-preview:-1"},"canonical":"https:\/\/www.viamodashop.com\/fr\/conditions-dutilisation-des-cartes-cadeaux-digitales-et-physiques\/","og_locale":"fr_FR","og_type":"article","og_title":"Conditions d'utilisation des cartes cadeaux digitales et physiques - Via Moda Shop","og_description":"[vc_row css_animation=\u00a0\u00bb\u00a0\u00bb row_type=\u00a0\u00bbrow\u00a0\u00bb use_row_as_full_screen_section=\u00a0\u00bbno\u00a0\u00bb type=\u00a0\u00bbfull_width\u00a0\u00bb angled_section=\u00a0\u00bbno\u00a0\u00bb text_align=\u00a0\u00bbleft\u00a0\u00bb background_image_as_pattern=\u00a0\u00bbwithout_pattern\u00a0\u00bb el_class=\u00a0\u00bbsection-split-bottom\u00a0\u00bb z_index=\u00a0\u00bb\u00a0\u00bb][vc_column][vc_column_text] CONDITIONS D&rsquo;UTILISATION DES CARTES CADEAUX DIGITALES ET PHYSIQUES [\/vc_column_text][vc_separator type=\u00a0\u00bbsmall\u00a0\u00bb position=\u00a0\u00bbleft\u00a0\u00bb color=\u00a0\u00bb#000000&Prime; thickness=\u00a0\u00bb3&Prime; width=\u00a0\u00bb50&Prime; up=\u00a0\u00bb8&Prime; down=\u00a0\u00bb16&Prime;][\/vc_column][\/vc_row][vc_row css_animation=\u00a0\u00bb\u00a0\u00bb row_type=\u00a0\u00bbrow\u00a0\u00bb use_row_as_full_screen_section=\u00a0\u00bbno\u00a0\u00bb type=\u00a0\u00bbfull_width\u00a0\u00bb angled_section=\u00a0\u00bbno\u00a0\u00bb text_align=\u00a0\u00bbleft\u00a0\u00bb background_image_as_pattern=\u00a0\u00bbwithout_pattern\u00a0\u00bb el_class=\u00a0\u00bbsection-split-bottom\u00a0\u00bb z_index=\u00a0\u00bb\u00a0\u00bb][vc_column css=\u00a0\u00bb.vc_custom_1506117902509{margin-top: -25px !important;}\u00a0\u00bb][vc_column_text] Conditions d&rsquo;utilisation des cartes cadeaux digitales La...","og_url":"https:\/\/www.viamodashop.com\/fr\/conditions-dutilisation-des-cartes-cadeaux-digitales-et-physiques\/","og_site_name":"Via Moda Shop","article_publisher":"https:\/\/www.facebook.com\/viamodaandorra","article_modified_time":"2020-12-23T08:47:10+00:00","twitter_card":"summary_large_image","twitter_site":"@viamoda_andorra","schema":{"@context":"https:\/\/schema.org","@graph":[{"@type":"WebPage","@id":"https:\/\/www.viamodashop.com\/fr\/conditions-dutilisation-des-cartes-cadeaux-digitales-et-physiques\/","url":"https:\/\/www.viamodashop.com\/fr\/conditions-dutilisation-des-cartes-cadeaux-digitales-et-physiques\/","name":"Conditions d'utilisation des cartes cadeaux digitales et physiques - Via Moda Shop","isPartOf":{"@id":"https:\/\/www.viamodashop.com\/fr\/#website"},"datePublished":"2020-05-19T15:55:26+00:00","dateModified":"2020-12-23T08:47:10+00:00","breadcrumb":{"@id":"https:\/\/www.viamodashop.com\/fr\/conditions-dutilisation-des-cartes-cadeaux-digitales-et-physiques\/#breadcrumb"},"inLanguage":"fr-FR","potentialAction":[{"@type":"ReadAction","target":["https:\/\/www.viamodashop.com\/fr\/conditions-dutilisation-des-cartes-cadeaux-digitales-et-physiques\/"]}]},{"@type":"BreadcrumbList","@id":"https:\/\/www.viamodashop.com\/fr\/conditions-dutilisation-des-cartes-cadeaux-digitales-et-physiques\/#breadcrumb","itemListElement":[{"@type":"ListItem","position":1,"name":"Home","item":"https:\/\/www.viamodashop.com\/fr\/"},{"@type":"ListItem","position":2,"name":"Conditions d&#8217;utilisation des cartes cadeaux digitales et physiques"}]},{"@type":"WebSite","@id":"https:\/\/www.viamodashop.com\/fr\/#website","url":"https:\/\/www.viamodashop.com\/fr\/","name":"Via Moda Shop","description":"La boutique en ligne de Via Moda Andorre","publisher":{"@id":"https:\/\/www.viamodashop.com\/fr\/#organization"},"potentialAction":[{"@type":"SearchAction","target":{"@type":"EntryPoint","urlTemplate":"https:\/\/www.viamodashop.com\/fr\/?s={search_term_string}"},"query-input":{"@type":"PropertyValueSpecification","valueRequired":true,"valueName":"search_term_string"}}],"inLanguage":"fr-FR"},{"@type":"Organization","@id":"https:\/\/www.viamodashop.com\/fr\/#organization","name":"Via Moda Shop","url":"https:\/\/www.viamodashop.com\/fr\/","logo":{"@type":"ImageObject","inLanguage":"fr-FR","@id":"https:\/\/www.viamodashop.com\/fr\/#\/schema\/logo\/image\/","url":"https:\/\/www.viamodashop.com\/wp-content\/uploads\/2020\/05\/viamoda-logo.svg","contentUrl":"https:\/\/www.viamodashop.com\/wp-content\/uploads\/2020\/05\/viamoda-logo.svg","width":165,"height":92,"caption":"Via Moda Shop"},"image":{"@id":"https:\/\/www.viamodashop.com\/fr\/#\/schema\/logo\/image\/"},"sameAs":["https:\/\/www.facebook.com\/viamodaandorra","https:\/\/x.com\/viamoda_andorra","https:\/\/www.instagram.com\/via_moda\/","https:\/\/www.youtube.com\/channel\/UCToWT3KAMCbBw8ZsTrTQZ_A","https:\/\/www.pinterest.com\/via_moda\/","https:\/\/www.linkedin.com\/company\/viamoda\/"]}]}},"_links":{"self":[{"href":"https:\/\/www.viamodashop.com\/fr\/wp-json\/wp\/v2\/pages\/788","targetHints":{"allow":["GET"]}}],"collection":[{"href":"https:\/\/www.viamodashop.com\/fr\/wp-json\/wp\/v2\/pages"}],"about":[{"href":"https:\/\/www.viamodashop.com\/fr\/wp-json\/wp\/v2\/types\/page"}],"author":[{"embeddable":true,"href":"https:\/\/www.viamodashop.com\/fr\/wp-json\/wp\/v2\/users\/2"}],"replies":[{"embeddable":true,"href":"https:\/\/www.viamodashop.com\/fr\/wp-json\/wp\/v2\/comments?post=788"}],"version-history":[{"count":15,"href":"https:\/\/www.viamodashop.com\/fr\/wp-json\/wp\/v2\/pages\/788\/revisions"}],"predecessor-version":[{"id":1780,"href":"https:\/\/www.viamodashop.com\/fr\/wp-json\/wp\/v2\/pages\/788\/revisions\/1780"}],"wp:attachment":[{"href":"https:\/\/www.viamodashop.com\/fr\/wp-json\/wp\/v2\/media?parent=788"}],"curies":[{"name":"wp","href":"https:\/\/api.w.org\/{rel}","templated":true}]}}